{"id":1184,"date":"2024-03-06T15:20:12","date_gmt":"2024-03-06T15:20:12","guid":{"rendered":"https:\/\/mediumpurple-heron-149339.hostingersite.com\/?page_id=1184"},"modified":"2024-03-07T11:00:04","modified_gmt":"2024-03-07T11:00:04","slug":"activitats-pati-catala","status":"publish","type":"page","link":"https:\/\/paticatalacalafell.cat\/es\/activitats-pati-catala\/","title":{"rendered":"Actividades sobre el Pat\u00ed Catal\u00e0"},"content":{"rendered":"\t\t<div data-elementor-type=\"wp-page\" data-elementor-id=\"1184\" class=\"elementor elementor-1184\" data-elementor-post-type=\"page\">\n\t\t\t\t<div class=\"elementor-element elementor-element-9ad21a7 e-flex e-con-boxed e-con e-parent\" data-id=\"9ad21a7\" data-element_type=\"container\" data-e-type=\"container\" data-settings=\"{&quot;background_background&quot;:&quot;classic&quot;,&quot;background_motion_fx_motion_fx_scrolling&quot;:&quot;yes&quot;,&quot;background_motion_fx_translateY_effect&quot;:&quot;yes&quot;,&quot;background_motion_fx_translateY_speed&quot;:{&quot;unit&quot;:&quot;px&quot;,&quot;size&quot;:1,&quot;sizes&quot;:[]},&quot;background_motion_fx_translateY_affectedRange&quot;:{&quot;unit&quot;:&quot;%&quot;,&quot;size&quot;:&quot;&quot;,&quot;sizes&quot;:{&quot;start&quot;:0,&quot;end&quot;:100}},&quot;background_motion_fx_devices&quot;:[&quot;desktop&quot;,&quot;tablet&quot;,&quot;mobile&quot;]}\">\n\t\t\t\t\t<div class=\"e-con-inner\">\n\t\t\t\t<div class=\"elementor-element elementor-element-840d7d1 elementor-invisible elementor-widget elementor-widget-heading\" data-id=\"840d7d1\" data-element_type=\"widget\" data-e-type=\"widget\" data-settings=\"{&quot;_animation&quot;:&quot;fadeInUp&quot;}\" data-widget_type=\"heading.default\">\n\t\t\t\t<div class=\"elementor-widget-container\">\n\t\t\t\t\t<h1 class=\"elementor-heading-title elementor-size-default\">Activitats<\/h1>\t\t\t\t<\/div>\n\t\t\t\t<\/div>\n\t\t\t\t\t<\/div>\n\t\t\t\t<\/div>\n\t\t<div class=\"elementor-element elementor-element-4cde84d e-flex e-con-boxed e-con e-parent\" data-id=\"4cde84d\" data-element_type=\"container\" data-e-type=\"container\" data-settings=\"{&quot;background_background&quot;:&quot;classic&quot;}\">\n\t\t\t\t\t<div class=\"e-con-inner\">\n\t\t\t\t<div class=\"elementor-element elementor-element-aad7b57 elementor-grid-3 elementor-grid-tablet-2 elementor-grid-mobile-1 elementor-posts--thumbnail-top elementor-card-shadow-yes elementor-posts__hover-gradient elementor-widget elementor-widget-posts\" data-id=\"aad7b57\" data-element_type=\"widget\" data-e-type=\"widget\" data-settings=\"{&quot;pagination_type&quot;:&quot;load_more_infinite_scroll&quot;,&quot;cards_columns&quot;:&quot;3&quot;,&quot;cards_columns_tablet&quot;:&quot;2&quot;,&quot;cards_columns_mobile&quot;:&quot;1&quot;,&quot;cards_row_gap&quot;:{&quot;unit&quot;:&quot;px&quot;,&quot;size&quot;:35,&quot;sizes&quot;:[]},&quot;cards_row_gap_tablet&quot;:{&quot;unit&quot;:&quot;px&quot;,&quot;size&quot;:&quot;&quot;,&quot;sizes&quot;:[]},&quot;cards_row_gap_mobile&quot;:{&quot;unit&quot;:&quot;px&quot;,&quot;size&quot;:&quot;&quot;,&quot;sizes&quot;:[]},&quot;load_more_spinner&quot;:{&quot;value&quot;:&quot;fas fa-spinner&quot;,&quot;library&quot;:&quot;fa-solid&quot;}}\" data-widget_type=\"posts.cards\">\n\t\t\t\t<div class=\"elementor-widget-container\">\n\t\t\t\t\t\t\t<div class=\"elementor-posts-container elementor-posts elementor-posts--skin-cards elementor-grid\" role=\"list\">\n\t\t\t\t<article class=\"elementor-post elementor-grid-item post-5168 post type-post status-publish format-standard has-post-thumbnail hentry category-uncategorized category-activitats-pati-catala category-activitats-la-vela-llatina category-noticies-pati-catala category-noticies-vela-llatina\" role=\"listitem\">\n\t\t\t<div class=\"elementor-post__card\">\n\t\t\t\t<a class=\"elementor-post__thumbnail__link\" href=\"https:\/\/paticatalacalafell.cat\/es\/ii-concurs-de-fotografia-de-la-destilleria\/\" tabindex=\"-1\" ><div class=\"elementor-post__thumbnail\"><img fetchpriority=\"high\" decoding=\"async\" width=\"285\" height=\"221\" src=\"https:\/\/paticatalacalafell.cat\/wp-content\/uploads\/2025\/12\/54924102632_219a4c2350_w-e1765134200514.jpg\" class=\"attachment-full size-full wp-image-5191\" alt=\"\" srcset=\"https:\/\/paticatalacalafell.cat\/wp-content\/uploads\/2025\/12\/54924102632_219a4c2350_w-e1765134200514.jpg 285w, https:\/\/paticatalacalafell.cat\/wp-content\/uploads\/2025\/12\/54924102632_219a4c2350_w-e1765134200514-15x12.jpg 15w\" sizes=\"(max-width: 285px) 100vw, 285px\" title=\"\"><\/div><\/a>\n\t\t\t\t<div class=\"elementor-post__text\">\n\t\t\t\t<h3 class=\"elementor-post__title\">\n\t\t\t<a href=\"https:\/\/paticatalacalafell.cat\/es\/ii-concurs-de-fotografia-de-la-destilleria\/\" >\n\t\t\t\tII Concurs de fotografia de la Destil\u00b7leria\t\t\t<\/a>\n\t\t<\/h3>\n\t\t\t\t<div class=\"elementor-post__excerpt\">\n\t\t\t<p>El 14 de novembre es van lliurar els premis i inaugurar la segona edici\u00f3 del Concurs de fotografia de pat\u00ed catal\u00e0 i vela llatina<\/p>\n\t\t<\/div>\n\t\t\n\t\t<a class=\"elementor-post__read-more\" href=\"https:\/\/paticatalacalafell.cat\/es\/ii-concurs-de-fotografia-de-la-destilleria\/\" aria-label=\"M\u00e1s informaci\u00f3n sobre II Concurs de fotografia de la Destil\u00b7leria\" tabindex=\"-1\" >\n\t\t\tLlegir m\u00e9s \u00bb\t\t<\/a>\n\n\t\t\t\t<\/div>\n\t\t\t\t<div class=\"elementor-post__meta-data\">\n\t\t\t\t\t<span class=\"elementor-post-date\">\n\t\t\t07\/12\/2025\t\t<\/span>\n\t\t\t\t<\/div>\n\t\t\t\t\t<\/div>\n\t\t<\/article>\n\t\t\t\t<article class=\"elementor-post elementor-grid-item post-3334 post type-post status-publish format-standard has-post-thumbnail hentry category-activitats-la-vela-llatina category-activitats-pati-catala category-noticies-vela-llatina\" role=\"listitem\">\n\t\t\t<div class=\"elementor-post__card\">\n\t\t\t\t<a class=\"elementor-post__thumbnail__link\" href=\"https:\/\/paticatalacalafell.cat\/es\/fallo-i-concurs-de-fotografia-de-pati-catala-i-vela-llatina\/\" tabindex=\"-1\" ><div class=\"elementor-post__thumbnail\"><img decoding=\"async\" width=\"1400\" height=\"934\" src=\"https:\/\/paticatalacalafell.cat\/wp-content\/uploads\/2024\/12\/IMG-20241221-WA0019.jpg\" class=\"attachment-full size-full wp-image-3346\" alt=\"\" srcset=\"https:\/\/paticatalacalafell.cat\/wp-content\/uploads\/2024\/12\/IMG-20241221-WA0019.jpg 1400w, https:\/\/paticatalacalafell.cat\/wp-content\/uploads\/2024\/12\/IMG-20241221-WA0019-300x200.jpg 300w, https:\/\/paticatalacalafell.cat\/wp-content\/uploads\/2024\/12\/IMG-20241221-WA0019-1024x683.jpg 1024w, https:\/\/paticatalacalafell.cat\/wp-content\/uploads\/2024\/12\/IMG-20241221-WA0019-768x512.jpg 768w, https:\/\/paticatalacalafell.cat\/wp-content\/uploads\/2024\/12\/IMG-20241221-WA0019-18x12.jpg 18w\" sizes=\"(max-width: 1400px) 100vw, 1400px\" title=\"\"><\/div><\/a>\n\t\t\t\t<div class=\"elementor-post__text\">\n\t\t\t\t<h3 class=\"elementor-post__title\">\n\t\t\t<a href=\"https:\/\/paticatalacalafell.cat\/es\/fallo-i-concurs-de-fotografia-de-pati-catala-i-vela-llatina\/\" >\n\t\t\t\tFallo I Concurs de Fotografia de pat\u00ed catal\u00e0 i vela llatina\t\t\t<\/a>\n\t\t<\/h3>\n\t\t\t\t<div class=\"elementor-post__excerpt\">\n\t\t\t<p>Fallo I concurs de fotografia de pat\u00ed catal\u00e0 i vela llatina<\/p>\n\t\t<\/div>\n\t\t\n\t\t<a class=\"elementor-post__read-more\" href=\"https:\/\/paticatalacalafell.cat\/es\/fallo-i-concurs-de-fotografia-de-pati-catala-i-vela-llatina\/\" aria-label=\"M\u00e1s informaci\u00f3n sobre Fallo I Concurs de Fotografia de pat\u00ed catal\u00e0 i vela llatina\" tabindex=\"-1\" >\n\t\t\tLlegir m\u00e9s \u00bb\t\t<\/a>\n\n\t\t\t\t<\/div>\n\t\t\t\t<div class=\"elementor-post__meta-data\">\n\t\t\t\t\t<span class=\"elementor-post-date\">\n\t\t\t28\/12\/2024\t\t<\/span>\n\t\t\t\t<\/div>\n\t\t\t\t\t<\/div>\n\t\t<\/article>\n\t\t\t\t<article class=\"elementor-post elementor-grid-item post-2778 post type-post status-publish format-standard has-post-thumbnail hentry category-uncategorized category-activitats-pati-catala category-noticies-pati-catala\" role=\"listitem\">\n\t\t\t<div class=\"elementor-post__card\">\n\t\t\t\t<a class=\"elementor-post__thumbnail__link\" href=\"https:\/\/paticatalacalafell.cat\/es\/copa-america\/\" tabindex=\"-1\" ><div class=\"elementor-post__thumbnail\"><img decoding=\"async\" width=\"1200\" height=\"675\" src=\"https:\/\/paticatalacalafell.cat\/wp-content\/uploads\/2024\/10\/202410_CopaAmerica_Logo.jpg\" class=\"attachment-full size-full wp-image-2779\" alt=\"\" srcset=\"https:\/\/paticatalacalafell.cat\/wp-content\/uploads\/2024\/10\/202410_CopaAmerica_Logo.jpg 1200w, https:\/\/paticatalacalafell.cat\/wp-content\/uploads\/2024\/10\/202410_CopaAmerica_Logo-300x169.jpg 300w, https:\/\/paticatalacalafell.cat\/wp-content\/uploads\/2024\/10\/202410_CopaAmerica_Logo-1024x576.jpg 1024w, https:\/\/paticatalacalafell.cat\/wp-content\/uploads\/2024\/10\/202410_CopaAmerica_Logo-768x432.jpg 768w\" sizes=\"(max-width: 1200px) 100vw, 1200px\" title=\"\"><\/div><\/a>\n\t\t\t\t<div class=\"elementor-post__text\">\n\t\t\t\t<h3 class=\"elementor-post__title\">\n\t\t\t<a href=\"https:\/\/paticatalacalafell.cat\/es\/copa-america\/\" >\n\t\t\t\tCopa Am\u00e8rica\t\t\t<\/a>\n\t\t<\/h3>\n\t\t\t\t<div class=\"elementor-post__excerpt\">\n\t\t\t<p>Participem a la regata de patins de la Copa Am\u00e8rica<\/p>\n\t\t<\/div>\n\t\t\n\t\t<a class=\"elementor-post__read-more\" href=\"https:\/\/paticatalacalafell.cat\/es\/copa-america\/\" aria-label=\"M\u00e1s informaci\u00f3n sobre Copa Am\u00e8rica\" tabindex=\"-1\" >\n\t\t\tLlegir m\u00e9s \u00bb\t\t<\/a>\n\n\t\t\t\t<\/div>\n\t\t\t\t<div class=\"elementor-post__meta-data\">\n\t\t\t\t\t<span class=\"elementor-post-date\">\n\t\t\t21\/10\/2024\t\t<\/span>\n\t\t\t\t<\/div>\n\t\t\t\t\t<\/div>\n\t\t<\/article>\n\t\t\t\t<article class=\"elementor-post elementor-grid-item post-2607 post type-post status-publish format-standard has-post-thumbnail hentry category-activitats-pati-catala category-la-francisca category-noticies-vela-llatina category-navegar-amb-la-nova-francisca-a-calafell\" role=\"listitem\">\n\t\t\t<div class=\"elementor-post__card\">\n\t\t\t\t<a class=\"elementor-post__thumbnail__link\" href=\"https:\/\/paticatalacalafell.cat\/es\/curs-practic-a-bord-de-la-francisca\/\" tabindex=\"-1\" ><div class=\"elementor-post__thumbnail\"><img loading=\"lazy\" decoding=\"async\" width=\"2000\" height=\"1333\" src=\"https:\/\/paticatalacalafell.cat\/wp-content\/uploads\/2024\/09\/19-09-2024-16-56-38-_MG_8975-copia-_REDUCED.jpg\" class=\"attachment-full size-full wp-image-2609\" alt=\"Curs 2024 de Vicente GD a bord de la Francisca\" srcset=\"https:\/\/paticatalacalafell.cat\/wp-content\/uploads\/2024\/09\/19-09-2024-16-56-38-_MG_8975-copia-_REDUCED.jpg 2000w, https:\/\/paticatalacalafell.cat\/wp-content\/uploads\/2024\/09\/19-09-2024-16-56-38-_MG_8975-copia-_REDUCED-300x200.jpg 300w, https:\/\/paticatalacalafell.cat\/wp-content\/uploads\/2024\/09\/19-09-2024-16-56-38-_MG_8975-copia-_REDUCED-1024x682.jpg 1024w, https:\/\/paticatalacalafell.cat\/wp-content\/uploads\/2024\/09\/19-09-2024-16-56-38-_MG_8975-copia-_REDUCED-768x512.jpg 768w, https:\/\/paticatalacalafell.cat\/wp-content\/uploads\/2024\/09\/19-09-2024-16-56-38-_MG_8975-copia-_REDUCED-1536x1024.jpg 1536w\" sizes=\"(max-width: 2000px) 100vw, 2000px\" title=\"\"><\/div><\/a>\n\t\t\t\t<div class=\"elementor-post__text\">\n\t\t\t\t<h3 class=\"elementor-post__title\">\n\t\t\t<a href=\"https:\/\/paticatalacalafell.cat\/es\/curs-practic-a-bord-de-la-francisca\/\" >\n\t\t\t\tCurs pr\u00e0ctic a bord de la Francisca\t\t\t<\/a>\n\t\t<\/h3>\n\t\t\t\t<div class=\"elementor-post__excerpt\">\n\t\t\t<p>Curs pr\u00e0ctic a bord de la Francisca impartit per en Vicente Garc\u00eda-Delgado<\/p>\n\t\t<\/div>\n\t\t\n\t\t<a class=\"elementor-post__read-more\" href=\"https:\/\/paticatalacalafell.cat\/es\/curs-practic-a-bord-de-la-francisca\/\" aria-label=\"M\u00e1s informaci\u00f3n sobre Curs pr\u00e0ctic a bord de la Francisca\" tabindex=\"-1\" >\n\t\t\tLlegir m\u00e9s \u00bb\t\t<\/a>\n\n\t\t\t\t<\/div>\n\t\t\t\t<div class=\"elementor-post__meta-data\">\n\t\t\t\t\t<span class=\"elementor-post-date\">\n\t\t\t16\/09\/2024\t\t<\/span>\n\t\t\t\t<\/div>\n\t\t\t\t\t<\/div>\n\t\t<\/article>\n\t\t\t\t<article class=\"elementor-post elementor-grid-item post-2539 post type-post status-publish format-standard has-post-thumbnail hentry category-activitats-la-vela-llatina category-activitats-pati-catala\" role=\"listitem\">\n\t\t\t<div class=\"elementor-post__card\">\n\t\t\t\t<a class=\"elementor-post__thumbnail__link\" href=\"https:\/\/paticatalacalafell.cat\/es\/i-concurs-fotografic-pati-catala-i-vela-llatina\/\" tabindex=\"-1\" ><div class=\"elementor-post__thumbnail\"><img loading=\"lazy\" decoding=\"async\" width=\"860\" height=\"606\" src=\"https:\/\/paticatalacalafell.cat\/wp-content\/uploads\/2024\/09\/2024_ConcursFotografia_REDUIT.jpg\" class=\"attachment-full size-full wp-image-2625\" alt=\"\" srcset=\"https:\/\/paticatalacalafell.cat\/wp-content\/uploads\/2024\/09\/2024_ConcursFotografia_REDUIT.jpg 860w, https:\/\/paticatalacalafell.cat\/wp-content\/uploads\/2024\/09\/2024_ConcursFotografia_REDUIT-300x211.jpg 300w, https:\/\/paticatalacalafell.cat\/wp-content\/uploads\/2024\/09\/2024_ConcursFotografia_REDUIT-768x541.jpg 768w\" sizes=\"(max-width: 860px) 100vw, 860px\" title=\"\"><\/div><\/a>\n\t\t\t\t<div class=\"elementor-post__text\">\n\t\t\t\t<h3 class=\"elementor-post__title\">\n\t\t\t<a href=\"https:\/\/paticatalacalafell.cat\/es\/i-concurs-fotografic-pati-catala-i-vela-llatina\/\" >\n\t\t\t\tI Concurs fotogr\u00e0fic \"Pat\u00ed catal\u00e0 i vela llatina\"\t\t\t<\/a>\n\t\t<\/h3>\n\t\t\t\t<div class=\"elementor-post__excerpt\">\n\t\t\t<p>Primer concurs fotogr\u00e0fic organitzat per l'associaci\u00f3 que t\u00e9 com a finalitat recollir, a trav\u00e9s de la fotografia, l\u2019activitat n\u00e0utica tradicional<\/p>\n\t\t<\/div>\n\t\t\n\t\t<a class=\"elementor-post__read-more\" href=\"https:\/\/paticatalacalafell.cat\/es\/i-concurs-fotografic-pati-catala-i-vela-llatina\/\" aria-label=\"M\u00e1s informaci\u00f3n sobre I Concurs fotogr\u00e0fic &quot;Pat\u00ed catal\u00e0 i vela llatina&quot;\" tabindex=\"-1\" >\n\t\t\tLlegir m\u00e9s \u00bb\t\t<\/a>\n\n\t\t\t\t<\/div>\n\t\t\t\t<div class=\"elementor-post__meta-data\">\n\t\t\t\t\t<span class=\"elementor-post-date\">\n\t\t\t29\/08\/2024\t\t<\/span>\n\t\t\t\t<\/div>\n\t\t\t\t\t<\/div>\n\t\t<\/article>\n\t\t\t\t<article class=\"elementor-post elementor-grid-item post-534 post type-post status-publish format-standard hentry category-activitats-pati-catala\" role=\"listitem\">\n\t\t\t<div class=\"elementor-post__card\">\n\t\t\t\t<div class=\"elementor-post__text\">\n\t\t\t\t<h3 class=\"elementor-post__title\">\n\t\t\t<a href=\"https:\/\/paticatalacalafell.cat\/es\/clinic-de-pati-2\/\" >\n\t\t\t\tCl\u00ednic de pat\u00ed\t\t\t<\/a>\n\t\t<\/h3>\n\t\t\t\t<div class=\"elementor-post__excerpt\">\n\t\t\t<p><img decoding=\"async\" src=\"https:\/\/live.staticflickr.com\/65535\/51549757913_346b3177b0_z.jpg\" alt=\"Cl\u00ednic de pat\u00ed 2 i 3\/10\/2021, per Jordi Mar\u00e9\" title=\"\"> Cl\u00ednic de pat\u00ed a Calafell impartit per Jordi Mar\u00e9.<\/p>\n\t\t<\/div>\n\t\t\n\t\t<a class=\"elementor-post__read-more\" href=\"https:\/\/paticatalacalafell.cat\/es\/clinic-de-pati-2\/\" aria-label=\"M\u00e1s informaci\u00f3n sobre Cl\u00ednic de pat\u00ed\" tabindex=\"-1\" >\n\t\t\tLlegir m\u00e9s \u00bb\t\t<\/a>\n\n\t\t\t\t<\/div>\n\t\t\t\t<div class=\"elementor-post__meta-data\">\n\t\t\t\t\t<span class=\"elementor-post-date\">\n\t\t\t04\/10\/2021\t\t<\/span>\n\t\t\t\t<\/div>\n\t\t\t\t\t<\/div>\n\t\t<\/article>\n\t\t\t\t<\/div>\n\t\t\t\t\t<span class=\"e-load-more-spinner\">\n\t\t\t\t<svg aria-hidden=\"true\" class=\"e-font-icon-svg e-fas-spinner\" viewBox=\"0 0 512 512\" xmlns=\"http:\/\/www.w3.org\/2000\/svg\"><path d=\"M304 48c0 26.51-21.49 48-48 48s-48-21.49-48-48 21.49-48 48-48 48 21.49 48 48zm-48 368c-26.51 0-48 21.49-48 48s21.49 48 48 48 48-21.49 48-48-21.49-48-48-48zm208-208c-26.51 0-48 21.49-48 48s21.49 48 48 48 48-21.49 48-48-21.49-48-48-48zM96 256c0-26.51-21.49-48-48-48S0 229.49 0 256s21.49 48 48 48 48-21.49 48-48zm12.922 99.078c-26.51 0-48 21.49-48 48s21.49 48 48 48 48-21.49 48-48c0-26.509-21.491-48-48-48zm294.156 0c-26.51 0-48 21.49-48 48s21.49 48 48 48 48-21.49 48-48c0-26.509-21.49-48-48-48zM108.922 60.922c-26.51 0-48 21.49-48 48s21.49 48 48 48 48-21.49 48-48-21.491-48-48-48z\"><\/path><\/svg>\t\t\t<\/span>\n\t\t\n\t\t\t\t<div class=\"e-load-more-anchor\" data-page=\"1\" data-max-page=\"11\" data-next-page=\"https:\/\/paticatalacalafell.cat\/es\/wp-json\/wp\/v2\/pages\/1184\/page\/2\/\"><\/div>\n\t\t\t\t<div class=\"e-load-more-message\"><\/div>\n\t\t\t\t\t\t<\/div>\n\t\t\t\t<\/div>\n\t\t\t\t\t<\/div>\n\t\t\t\t<\/div>\n\t\t\t\t<\/div>\n\t\t","protected":false},"excerpt":{"rendered":"<p>Actividades<\/p>","protected":false},"author":1,"featured_media":0,"parent":0,"menu_order":2,"comment_status":"open","ping_status":"closed","template":"","meta":{"footnotes":""},"class_list":["post-1184","page","type-page","status-publish","hentry"],"_links":{"self":[{"href":"https:\/\/paticatalacalafell.cat\/es\/wp-json\/wp\/v2\/pages\/1184","targetHints":{"allow":["GET"]}}],"collection":[{"href":"https:\/\/paticatalacalafell.cat\/es\/wp-json\/wp\/v2\/pages"}],"about":[{"href":"https:\/\/paticatalacalafell.cat\/es\/wp-json\/wp\/v2\/types\/page"}],"author":[{"embeddable":true,"href":"https:\/\/paticatalacalafell.cat\/es\/wp-json\/wp\/v2\/users\/1"}],"replies":[{"embeddable":true,"href":"https:\/\/paticatalacalafell.cat\/es\/wp-json\/wp\/v2\/comments?post=1184"}],"version-history":[{"count":5,"href":"https:\/\/paticatalacalafell.cat\/es\/wp-json\/wp\/v2\/pages\/1184\/revisions"}],"predecessor-version":[{"id":1658,"href":"https:\/\/paticatalacalafell.cat\/es\/wp-json\/wp\/v2\/pages\/1184\/revisions\/1658"}],"wp:attachment":[{"href":"https:\/\/paticatalacalafell.cat\/es\/wp-json\/wp\/v2\/media?parent=1184"}],"curies":[{"name":"wp","href":"https:\/\/api.w.org\/{rel}","templated":true}]}}