{"id":1211,"date":"2024-03-07T07:36:58","date_gmt":"2024-03-07T07:36:58","guid":{"rendered":"https:\/\/mediumpurple-heron-149339.hostingersite.com\/?page_id=1211"},"modified":"2024-03-07T11:00:29","modified_gmt":"2024-03-07T11:00:29","slug":"noticies-vela-llatina","status":"publish","type":"page","link":"https:\/\/paticatalacalafell.cat\/es\/noticies-vela-llatina\/","title":{"rendered":"Noticias sobre la Vela Latina"},"content":{"rendered":"\t\t<div data-elementor-type=\"wp-page\" data-elementor-id=\"1211\" class=\"elementor elementor-1211\" data-elementor-post-type=\"page\">\n\t\t\t\t<div class=\"elementor-element elementor-element-9ad21a7 e-flex e-con-boxed e-con e-parent\" data-id=\"9ad21a7\" data-element_type=\"container\" data-e-type=\"container\" data-settings=\"{&quot;background_background&quot;:&quot;classic&quot;,&quot;background_motion_fx_motion_fx_scrolling&quot;:&quot;yes&quot;,&quot;background_motion_fx_translateY_effect&quot;:&quot;yes&quot;,&quot;background_motion_fx_translateY_speed&quot;:{&quot;unit&quot;:&quot;px&quot;,&quot;size&quot;:1,&quot;sizes&quot;:[]},&quot;background_motion_fx_translateY_affectedRange&quot;:{&quot;unit&quot;:&quot;%&quot;,&quot;size&quot;:&quot;&quot;,&quot;sizes&quot;:{&quot;start&quot;:0,&quot;end&quot;:100}},&quot;background_motion_fx_devices&quot;:[&quot;desktop&quot;,&quot;tablet&quot;,&quot;mobile&quot;]}\">\n\t\t\t\t\t<div class=\"e-con-inner\">\n\t\t\t\t<div class=\"elementor-element elementor-element-840d7d1 elementor-invisible elementor-widget elementor-widget-heading\" data-id=\"840d7d1\" data-element_type=\"widget\" data-e-type=\"widget\" data-settings=\"{&quot;_animation&quot;:&quot;fadeInUp&quot;}\" data-widget_type=\"heading.default\">\n\t\t\t\t<div class=\"elementor-widget-container\">\n\t\t\t\t\t<h1 class=\"elementor-heading-title elementor-size-default\">Not\u00edcies<\/h1>\t\t\t\t<\/div>\n\t\t\t\t<\/div>\n\t\t\t\t\t<\/div>\n\t\t\t\t<\/div>\n\t\t<div class=\"elementor-element elementor-element-4cde84d e-flex e-con-boxed e-con e-parent\" data-id=\"4cde84d\" data-element_type=\"container\" data-e-type=\"container\" data-settings=\"{&quot;background_background&quot;:&quot;classic&quot;}\">\n\t\t\t\t\t<div class=\"e-con-inner\">\n\t\t\t\t<div class=\"elementor-element elementor-element-aad7b57 elementor-grid-3 elementor-grid-tablet-2 elementor-grid-mobile-1 elementor-posts--thumbnail-top elementor-card-shadow-yes elementor-posts__hover-gradient elementor-widget elementor-widget-posts\" data-id=\"aad7b57\" data-element_type=\"widget\" data-e-type=\"widget\" data-settings=\"{&quot;pagination_type&quot;:&quot;load_more_infinite_scroll&quot;,&quot;cards_columns&quot;:&quot;3&quot;,&quot;cards_columns_tablet&quot;:&quot;2&quot;,&quot;cards_columns_mobile&quot;:&quot;1&quot;,&quot;cards_row_gap&quot;:{&quot;unit&quot;:&quot;px&quot;,&quot;size&quot;:35,&quot;sizes&quot;:[]},&quot;cards_row_gap_tablet&quot;:{&quot;unit&quot;:&quot;px&quot;,&quot;size&quot;:&quot;&quot;,&quot;sizes&quot;:[]},&quot;cards_row_gap_mobile&quot;:{&quot;unit&quot;:&quot;px&quot;,&quot;size&quot;:&quot;&quot;,&quot;sizes&quot;:[]},&quot;load_more_spinner&quot;:{&quot;value&quot;:&quot;fas fa-spinner&quot;,&quot;library&quot;:&quot;fa-solid&quot;}}\" data-widget_type=\"posts.cards\">\n\t\t\t\t<div class=\"elementor-widget-container\">\n\t\t\t\t\t\t\t<div class=\"elementor-posts-container elementor-posts elementor-posts--skin-cards elementor-grid\" role=\"list\">\n\t\t\t\t<article class=\"elementor-post elementor-grid-item post-5518 post type-post status-publish format-standard has-post-thumbnail hentry category-activitats-la-vela-llatina category-ecomuseu category-noticies-vela-llatina\" role=\"listitem\">\n\t\t\t<div class=\"elementor-post__card\">\n\t\t\t\t<a class=\"elementor-post__thumbnail__link\" href=\"https:\/\/paticatalacalafell.cat\/es\/el-biotop-de-torredembarra\/\" tabindex=\"-1\" ><div class=\"elementor-post__thumbnail\"><img fetchpriority=\"high\" decoding=\"async\" width=\"800\" height=\"450\" src=\"https:\/\/paticatalacalafell.cat\/wp-content\/uploads\/2026\/03\/55131142927_ac0997be64_c.jpg\" class=\"attachment-full size-full wp-image-5567\" alt=\"\" srcset=\"https:\/\/paticatalacalafell.cat\/wp-content\/uploads\/2026\/03\/55131142927_ac0997be64_c.jpg 800w, https:\/\/paticatalacalafell.cat\/wp-content\/uploads\/2026\/03\/55131142927_ac0997be64_c-300x169.jpg 300w, https:\/\/paticatalacalafell.cat\/wp-content\/uploads\/2026\/03\/55131142927_ac0997be64_c-768x432.jpg 768w, https:\/\/paticatalacalafell.cat\/wp-content\/uploads\/2026\/03\/55131142927_ac0997be64_c-18x10.jpg 18w\" sizes=\"(max-width: 800px) 100vw, 800px\" title=\"\"><\/div><\/a>\n\t\t\t\t<div class=\"elementor-post__text\">\n\t\t\t\t<h3 class=\"elementor-post__title\">\n\t\t\t<a href=\"https:\/\/paticatalacalafell.cat\/es\/el-biotop-de-torredembarra\/\" >\n\t\t\t\tEl Biotop de Torredembarra\t\t\t<\/a>\n\t\t<\/h3>\n\t\t\t\t<div class=\"elementor-post__excerpt\">\n\t\t\t<p>La Destil\u00b7leria de Calafell acull aquests dies i durant tot el mes d\u2019abril, una exposici\u00f3 \u00fanica, que val molt la<\/p>\n\t\t<\/div>\n\t\t\n\t\t<a class=\"elementor-post__read-more\" href=\"https:\/\/paticatalacalafell.cat\/es\/el-biotop-de-torredembarra\/\" aria-label=\"M\u00e1s informaci\u00f3n sobre El Biotop de Torredembarra\" tabindex=\"-1\" >\n\t\t\tLlegir m\u00e9s \u00bb\t\t<\/a>\n\n\t\t\t\t<\/div>\n\t\t\t\t<div class=\"elementor-post__meta-data\">\n\t\t\t\t\t<span class=\"elementor-post-date\">\n\t\t\t10\/03\/2026\t\t<\/span>\n\t\t\t\t<\/div>\n\t\t\t\t\t<\/div>\n\t\t<\/article>\n\t\t\t\t<article class=\"elementor-post elementor-grid-item post-5422 post type-post status-publish format-standard has-post-thumbnail hentry category-activitats-la-vela-llatina category-noticies-vela-llatina category-informacio3\" role=\"listitem\">\n\t\t\t<div class=\"elementor-post__card\">\n\t\t\t\t<a class=\"elementor-post__thumbnail__link\" href=\"https:\/\/paticatalacalafell.cat\/es\/concurs-literari-helena-rotes\/\" tabindex=\"-1\" ><div class=\"elementor-post__thumbnail\"><img decoding=\"async\" width=\"1200\" height=\"831\" src=\"https:\/\/paticatalacalafell.cat\/wp-content\/uploads\/2026\/02\/Cartellconcursliterari26-e1772548265413.jpg\" class=\"attachment-full size-full wp-image-5467\" alt=\"\" title=\"\"><\/div><\/a>\n\t\t\t\t<div class=\"elementor-post__text\">\n\t\t\t\t<h3 class=\"elementor-post__title\">\n\t\t\t<a href=\"https:\/\/paticatalacalafell.cat\/es\/concurs-literari-helena-rotes\/\" >\n\t\t\t\tConcurs literari Helena Rot\u00e9s\t\t\t<\/a>\n\t\t<\/h3>\n\t\t\t\t<div class=\"elementor-post__excerpt\">\n\t\t\t<p>Convocat\u00f2ria del  concurs literari Helena Rot\u00e9s.<br \/>\nSant Jordi 2026<\/p>\n\t\t<\/div>\n\t\t\n\t\t<a class=\"elementor-post__read-more\" href=\"https:\/\/paticatalacalafell.cat\/es\/concurs-literari-helena-rotes\/\" aria-label=\"M\u00e1s informaci\u00f3n sobre Concurs literari Helena Rot\u00e9s\" tabindex=\"-1\" >\n\t\t\tLlegir m\u00e9s \u00bb\t\t<\/a>\n\n\t\t\t\t<\/div>\n\t\t\t\t<div class=\"elementor-post__meta-data\">\n\t\t\t\t\t<span class=\"elementor-post-date\">\n\t\t\t05\/03\/2026\t\t<\/span>\n\t\t\t\t<\/div>\n\t\t\t\t\t<\/div>\n\t\t<\/article>\n\t\t\t\t<article class=\"elementor-post elementor-grid-item post-5482 post type-post status-publish format-standard has-post-thumbnail hentry category-ecomuseu category-noticies-vela-llatina\" role=\"listitem\">\n\t\t\t<div class=\"elementor-post__card\">\n\t\t\t\t<a class=\"elementor-post__thumbnail__link\" href=\"https:\/\/paticatalacalafell.cat\/es\/un-apunt-dhistoria-de-calafell-amb-la-destilleria-com-a-protagonista\/\" tabindex=\"-1\" ><div class=\"elementor-post__thumbnail\"><img decoding=\"async\" width=\"1070\" height=\"736\" src=\"https:\/\/paticatalacalafell.cat\/wp-content\/uploads\/2026\/02\/Estacio-Ferrocarril-Calafell-segle-XIX.png\" class=\"attachment-full size-full wp-image-5488\" alt=\"\" srcset=\"https:\/\/paticatalacalafell.cat\/wp-content\/uploads\/2026\/02\/Estacio-Ferrocarril-Calafell-segle-XIX.png 1070w, https:\/\/paticatalacalafell.cat\/wp-content\/uploads\/2026\/02\/Estacio-Ferrocarril-Calafell-segle-XIX-300x206.png 300w, https:\/\/paticatalacalafell.cat\/wp-content\/uploads\/2026\/02\/Estacio-Ferrocarril-Calafell-segle-XIX-1024x704.png 1024w, https:\/\/paticatalacalafell.cat\/wp-content\/uploads\/2026\/02\/Estacio-Ferrocarril-Calafell-segle-XIX-768x528.png 768w, https:\/\/paticatalacalafell.cat\/wp-content\/uploads\/2026\/02\/Estacio-Ferrocarril-Calafell-segle-XIX-18x12.png 18w\" sizes=\"(max-width: 1070px) 100vw, 1070px\" title=\"\"><\/div><\/a>\n\t\t\t\t<div class=\"elementor-post__text\">\n\t\t\t\t<h3 class=\"elementor-post__title\">\n\t\t\t<a href=\"https:\/\/paticatalacalafell.cat\/es\/un-apunt-dhistoria-de-calafell-amb-la-destilleria-com-a-protagonista\/\" >\n\t\t\t\tUn apunt d'hist\u00f2ria de Calafell amb la Destil\u00b7leria com a protagonista\t\t\t<\/a>\n\t\t<\/h3>\n\t\t\t\t<div class=\"elementor-post__excerpt\">\n\t\t\t<p>Article al Diari de Tarragona sobre la Destil\u00b7leria de l'asociaci\u00f3 i la seva vinculaci\u00f3 amb el ferrocarril a Calafell<\/p>\n\t\t<\/div>\n\t\t\n\t\t<a class=\"elementor-post__read-more\" href=\"https:\/\/paticatalacalafell.cat\/es\/un-apunt-dhistoria-de-calafell-amb-la-destilleria-com-a-protagonista\/\" aria-label=\"M\u00e1s informaci\u00f3n sobre Un apunt d&#039;hist\u00f2ria de Calafell amb la Destil\u00b7leria com a protagonista\" tabindex=\"-1\" >\n\t\t\tLlegir m\u00e9s \u00bb\t\t<\/a>\n\n\t\t\t\t<\/div>\n\t\t\t\t<div class=\"elementor-post__meta-data\">\n\t\t\t\t\t<span class=\"elementor-post-date\">\n\t\t\t02\/03\/2026\t\t<\/span>\n\t\t\t\t<\/div>\n\t\t\t\t\t<\/div>\n\t\t<\/article>\n\t\t\t\t<article class=\"elementor-post elementor-grid-item post-5370 post type-post status-publish format-standard has-post-thumbnail hentry category-activitats-la-vela-llatina category-blog-navegar-amb-veles-antigues category-noticies-vela-llatina category-navegar-amb-la-nova-francisca-a-calafell\" role=\"listitem\">\n\t\t\t<div class=\"elementor-post__card\">\n\t\t\t\t<a class=\"elementor-post__thumbnail__link\" href=\"https:\/\/paticatalacalafell.cat\/es\/vols-ser-tripulant-de-la-francisca-o-la-santa-espina\/\" tabindex=\"-1\" ><div class=\"elementor-post__thumbnail\"><img loading=\"lazy\" decoding=\"async\" width=\"800\" height=\"1124\" src=\"https:\/\/paticatalacalafell.cat\/wp-content\/uploads\/2026\/01\/2026-Francisca-tripulants.jpeg\" class=\"attachment-full size-full wp-image-5372\" alt=\"\" srcset=\"https:\/\/paticatalacalafell.cat\/wp-content\/uploads\/2026\/01\/2026-Francisca-tripulants.jpeg 800w, https:\/\/paticatalacalafell.cat\/wp-content\/uploads\/2026\/01\/2026-Francisca-tripulants-214x300.jpeg 214w, https:\/\/paticatalacalafell.cat\/wp-content\/uploads\/2026\/01\/2026-Francisca-tripulants-729x1024.jpeg 729w, https:\/\/paticatalacalafell.cat\/wp-content\/uploads\/2026\/01\/2026-Francisca-tripulants-768x1079.jpeg 768w, https:\/\/paticatalacalafell.cat\/wp-content\/uploads\/2026\/01\/2026-Francisca-tripulants-9x12.jpeg 9w\" sizes=\"(max-width: 800px) 100vw, 800px\" title=\"\"><\/div><\/a>\n\t\t\t\t<div class=\"elementor-post__text\">\n\t\t\t\t<h3 class=\"elementor-post__title\">\n\t\t\t<a href=\"https:\/\/paticatalacalafell.cat\/es\/vols-ser-tripulant-de-la-francisca-o-la-santa-espina\/\" >\n\t\t\t\tVols ser tripulant de la Francisca o la Santa Espina?\t\t\t<\/a>\n\t\t<\/h3>\n\t\t\t\t<div class=\"elementor-post__excerpt\">\n\t\t\t<p>Vols navegar amb barques hist\u00f2riques de la manera tradicional? Estem buscant tripulants per aquestes dues embarcacions!<\/p>\n\t\t<\/div>\n\t\t\n\t\t<a class=\"elementor-post__read-more\" href=\"https:\/\/paticatalacalafell.cat\/es\/vols-ser-tripulant-de-la-francisca-o-la-santa-espina\/\" aria-label=\"M\u00e1s informaci\u00f3n sobre Vols ser tripulant de la Francisca o la Santa Espina?\" tabindex=\"-1\" >\n\t\t\tLlegir m\u00e9s \u00bb\t\t<\/a>\n\n\t\t\t\t<\/div>\n\t\t\t\t<div class=\"elementor-post__meta-data\">\n\t\t\t\t\t<span class=\"elementor-post-date\">\n\t\t\t31\/01\/2026\t\t<\/span>\n\t\t\t\t<\/div>\n\t\t\t\t\t<\/div>\n\t\t<\/article>\n\t\t\t\t<article class=\"elementor-post elementor-grid-item post-5242 post type-post status-publish format-standard has-post-thumbnail hentry category-activitats-la-vela-llatina category-noticies-vela-llatina\" role=\"listitem\">\n\t\t\t<div class=\"elementor-post__card\">\n\t\t\t\t<a class=\"elementor-post__thumbnail__link\" href=\"https:\/\/paticatalacalafell.cat\/es\/ii-curs-diniciacio-per-la-reparacio-de-barques-de-fusta\/\" tabindex=\"-1\" ><div class=\"elementor-post__thumbnail\"><img loading=\"lazy\" decoding=\"async\" width=\"1129\" height=\"1600\" src=\"https:\/\/paticatalacalafell.cat\/wp-content\/uploads\/2026\/01\/II-Curs.jpg\" class=\"attachment-full size-full wp-image-5245\" alt=\"\" srcset=\"https:\/\/paticatalacalafell.cat\/wp-content\/uploads\/2026\/01\/II-Curs.jpg 1129w, https:\/\/paticatalacalafell.cat\/wp-content\/uploads\/2026\/01\/II-Curs-212x300.jpg 212w, https:\/\/paticatalacalafell.cat\/wp-content\/uploads\/2026\/01\/II-Curs-723x1024.jpg 723w, https:\/\/paticatalacalafell.cat\/wp-content\/uploads\/2026\/01\/II-Curs-768x1088.jpg 768w, https:\/\/paticatalacalafell.cat\/wp-content\/uploads\/2026\/01\/II-Curs-1084x1536.jpg 1084w, https:\/\/paticatalacalafell.cat\/wp-content\/uploads\/2026\/01\/II-Curs-8x12.jpg 8w\" sizes=\"(max-width: 1129px) 100vw, 1129px\" title=\"\"><\/div><\/a>\n\t\t\t\t<div class=\"elementor-post__text\">\n\t\t\t\t<h3 class=\"elementor-post__title\">\n\t\t\t<a href=\"https:\/\/paticatalacalafell.cat\/es\/ii-curs-diniciacio-per-la-reparacio-de-barques-de-fusta\/\" >\n\t\t\t\tII Curs d'iniciaci\u00f3 per la reparaci\u00f3 de barques de fusta\t\t\t<\/a>\n\t\t<\/h3>\n\t\t\t\t<div class=\"elementor-post__excerpt\">\n\t\t\t<p>Organitzem un nou curs d\u2019iniciaci\u00f3 a la reparaci\u00f3 de barques de fusta, amb mestres d\u2019aixa reconeguts i diversos projectes de restauraci\u00f3<\/p>\n\t\t<\/div>\n\t\t\n\t\t<a class=\"elementor-post__read-more\" href=\"https:\/\/paticatalacalafell.cat\/es\/ii-curs-diniciacio-per-la-reparacio-de-barques-de-fusta\/\" aria-label=\"M\u00e1s informaci\u00f3n sobre II Curs d&#039;iniciaci\u00f3 per la reparaci\u00f3 de barques de fusta\" tabindex=\"-1\" >\n\t\t\tLlegir m\u00e9s \u00bb\t\t<\/a>\n\n\t\t\t\t<\/div>\n\t\t\t\t<div class=\"elementor-post__meta-data\">\n\t\t\t\t\t<span class=\"elementor-post-date\">\n\t\t\t29\/01\/2026\t\t<\/span>\n\t\t\t\t<\/div>\n\t\t\t\t\t<\/div>\n\t\t<\/article>\n\t\t\t\t<article class=\"elementor-post elementor-grid-item post-5200 post type-post status-publish format-standard has-post-thumbnail hentry category-noticies-vela-llatina category-activitats-la-vela-llatina\" role=\"listitem\">\n\t\t\t<div class=\"elementor-post__card\">\n\t\t\t\t<a class=\"elementor-post__thumbnail__link\" href=\"https:\/\/paticatalacalafell.cat\/es\/arribada-dels-reis-dorient-a-calafell-a-bord-de-la-barca-francisca\/\" tabindex=\"-1\" ><div class=\"elementor-post__thumbnail\"><img loading=\"lazy\" decoding=\"async\" width=\"2560\" height=\"1920\" src=\"https:\/\/paticatalacalafell.cat\/wp-content\/uploads\/2026\/01\/55030946263_c8abb27b5c_o-scaled.jpg\" class=\"attachment-full size-full wp-image-5210\" alt=\"\" srcset=\"https:\/\/paticatalacalafell.cat\/wp-content\/uploads\/2026\/01\/55030946263_c8abb27b5c_o-scaled.jpg 2560w, https:\/\/paticatalacalafell.cat\/wp-content\/uploads\/2026\/01\/55030946263_c8abb27b5c_o-300x225.jpg 300w, https:\/\/paticatalacalafell.cat\/wp-content\/uploads\/2026\/01\/55030946263_c8abb27b5c_o-1024x768.jpg 1024w, https:\/\/paticatalacalafell.cat\/wp-content\/uploads\/2026\/01\/55030946263_c8abb27b5c_o-768x576.jpg 768w, https:\/\/paticatalacalafell.cat\/wp-content\/uploads\/2026\/01\/55030946263_c8abb27b5c_o-1536x1152.jpg 1536w, https:\/\/paticatalacalafell.cat\/wp-content\/uploads\/2026\/01\/55030946263_c8abb27b5c_o-2048x1536.jpg 2048w, https:\/\/paticatalacalafell.cat\/wp-content\/uploads\/2026\/01\/55030946263_c8abb27b5c_o-16x12.jpg 16w\" sizes=\"(max-width: 2560px) 100vw, 2560px\" title=\"\"><\/div><\/a>\n\t\t\t\t<div class=\"elementor-post__text\">\n\t\t\t\t<h3 class=\"elementor-post__title\">\n\t\t\t<a href=\"https:\/\/paticatalacalafell.cat\/es\/arribada-dels-reis-dorient-a-calafell-a-bord-de-la-barca-francisca\/\" >\n\t\t\t\tArribada dels Reis d'Orient a Calafell a bord de la barca Francisca\t\t\t<\/a>\n\t\t<\/h3>\n\t\t\t\t<div class=\"elementor-post__excerpt\">\n\t\t\t<p>La nit de Reis 2026 Ses Majestats han arribat per primera vegada al Port de Segur de Calafell a bord de la Francisca<\/p>\n\t\t<\/div>\n\t\t\n\t\t<a class=\"elementor-post__read-more\" href=\"https:\/\/paticatalacalafell.cat\/es\/arribada-dels-reis-dorient-a-calafell-a-bord-de-la-barca-francisca\/\" aria-label=\"M\u00e1s informaci\u00f3n sobre Arribada dels Reis d&#039;Orient a Calafell a bord de la barca Francisca\" tabindex=\"-1\" >\n\t\t\tLlegir m\u00e9s \u00bb\t\t<\/a>\n\n\t\t\t\t<\/div>\n\t\t\t\t<div class=\"elementor-post__meta-data\">\n\t\t\t\t\t<span class=\"elementor-post-date\">\n\t\t\t12\/01\/2026\t\t<\/span>\n\t\t\t\t<\/div>\n\t\t\t\t\t<\/div>\n\t\t<\/article>\n\t\t\t\t<\/div>\n\t\t\t\t\t<span class=\"e-load-more-spinner\">\n\t\t\t\t<svg aria-hidden=\"true\" class=\"e-font-icon-svg e-fas-spinner\" viewBox=\"0 0 512 512\" xmlns=\"http:\/\/www.w3.org\/2000\/svg\"><path d=\"M304 48c0 26.51-21.49 48-48 48s-48-21.49-48-48 21.49-48 48-48 48 21.49 48 48zm-48 368c-26.51 0-48 21.49-48 48s21.49 48 48 48 48-21.49 48-48-21.49-48-48-48zm208-208c-26.51 0-48 21.49-48 48s21.49 48 48 48 48-21.49 48-48-21.49-48-48-48zM96 256c0-26.51-21.49-48-48-48S0 229.49 0 256s21.49 48 48 48 48-21.49 48-48zm12.922 99.078c-26.51 0-48 21.49-48 48s21.49 48 48 48 48-21.49 48-48c0-26.509-21.491-48-48-48zm294.156 0c-26.51 0-48 21.49-48 48s21.49 48 48 48 48-21.49 48-48c0-26.509-21.49-48-48-48zM108.922 60.922c-26.51 0-48 21.49-48 48s21.49 48 48 48 48-21.49 48-48-21.491-48-48-48z\"><\/path><\/svg>\t\t\t<\/span>\n\t\t\n\t\t\t\t<div class=\"e-load-more-anchor\" data-page=\"1\" data-max-page=\"15\" data-next-page=\"https:\/\/paticatalacalafell.cat\/es\/wp-json\/wp\/v2\/pages\/1211\/page\/2\/\"><\/div>\n\t\t\t\t<div class=\"e-load-more-message\"><\/div>\n\t\t\t\t\t\t<\/div>\n\t\t\t\t<\/div>\n\t\t\t\t\t<\/div>\n\t\t\t\t<\/div>\n\t\t\t\t<\/div>\n\t\t","protected":false},"excerpt":{"rendered":"<p>Noticias<\/p>","protected":false},"author":1,"featured_media":0,"parent":0,"menu_order":2,"comment_status":"open","ping_status":"closed","template":"","meta":{"footnotes":""},"class_list":["post-1211","page","type-page","status-publish","hentry"],"_links":{"self":[{"href":"https:\/\/paticatalacalafell.cat\/es\/wp-json\/wp\/v2\/pages\/1211","targetHints":{"allow":["GET"]}}],"collection":[{"href":"https:\/\/paticatalacalafell.cat\/es\/wp-json\/wp\/v2\/pages"}],"about":[{"href":"https:\/\/paticatalacalafell.cat\/es\/wp-json\/wp\/v2\/types\/page"}],"author":[{"embeddable":true,"href":"https:\/\/paticatalacalafell.cat\/es\/wp-json\/wp\/v2\/users\/1"}],"replies":[{"embeddable":true,"href":"https:\/\/paticatalacalafell.cat\/es\/wp-json\/wp\/v2\/comments?post=1211"}],"version-history":[{"count":5,"href":"https:\/\/paticatalacalafell.cat\/es\/wp-json\/wp\/v2\/pages\/1211\/revisions"}],"predecessor-version":[{"id":1664,"href":"https:\/\/paticatalacalafell.cat\/es\/wp-json\/wp\/v2\/pages\/1211\/revisions\/1664"}],"wp:attachment":[{"href":"https:\/\/paticatalacalafell.cat\/es\/wp-json\/wp\/v2\/media?parent=1211"}],"curies":[{"name":"wp","href":"https:\/\/api.w.org\/{rel}","templated":true}]}}