{"id":1410,"date":"2024-03-07T08:44:53","date_gmt":"2024-03-07T08:44:53","guid":{"rendered":"https:\/\/mediumpurple-heron-149339.hostingersite.com\/?page_id=1410"},"modified":"2024-03-07T11:03:38","modified_gmt":"2024-03-07T11:03:38","slug":"el-calafell-mariner","status":"publish","type":"page","link":"https:\/\/paticatalacalafell.cat\/es\/el-calafell-mariner\/","title":{"rendered":"El Calafell marinero"},"content":{"rendered":"\t\t<div data-elementor-type=\"wp-page\" data-elementor-id=\"1410\" class=\"elementor elementor-1410\" data-elementor-post-type=\"page\">\n\t\t\t\t<div class=\"elementor-element elementor-element-90e331f e-flex e-con-boxed e-con e-parent\" data-id=\"90e331f\" data-element_type=\"container\" data-e-type=\"container\" data-settings=\"{&quot;background_background&quot;:&quot;classic&quot;,&quot;background_motion_fx_motion_fx_scrolling&quot;:&quot;yes&quot;,&quot;background_motion_fx_translateY_effect&quot;:&quot;yes&quot;,&quot;background_motion_fx_translateY_speed&quot;:{&quot;unit&quot;:&quot;px&quot;,&quot;size&quot;:1,&quot;sizes&quot;:[]},&quot;background_motion_fx_translateY_affectedRange&quot;:{&quot;unit&quot;:&quot;%&quot;,&quot;size&quot;:&quot;&quot;,&quot;sizes&quot;:{&quot;start&quot;:0,&quot;end&quot;:100}},&quot;background_motion_fx_devices&quot;:[&quot;desktop&quot;,&quot;tablet&quot;,&quot;mobile&quot;]}\">\n\t\t\t\t\t<div class=\"e-con-inner\">\n\t\t\t\t<div class=\"elementor-element elementor-element-348b233 elementor-invisible elementor-widget elementor-widget-heading\" data-id=\"348b233\" data-element_type=\"widget\" data-e-type=\"widget\" data-settings=\"{&quot;_animation&quot;:&quot;fadeInUp&quot;}\" data-widget_type=\"heading.default\">\n\t\t\t\t<div class=\"elementor-widget-container\">\n\t\t\t\t\t<h1 class=\"elementor-heading-title elementor-size-default\">El Calafell mariner<\/h1>\t\t\t\t<\/div>\n\t\t\t\t<\/div>\n\t\t\t\t\t<\/div>\n\t\t\t\t<\/div>\n\t\t<div class=\"elementor-element elementor-element-887a40f e-flex e-con-boxed e-con e-parent\" data-id=\"887a40f\" data-element_type=\"container\" data-e-type=\"container\" data-settings=\"{&quot;background_background&quot;:&quot;classic&quot;}\">\n\t\t\t\t\t<div class=\"e-con-inner\">\n\t\t\t\t<div class=\"elementor-element elementor-element-6e830e64 elementor-widget elementor-widget-text-editor\" data-id=\"6e830e64\" data-element_type=\"widget\" data-e-type=\"widget\" data-widget_type=\"text-editor.default\">\n\t\t\t\t<div class=\"elementor-widget-container\">\n\t\t\t\t\t\t\t\t\t<p class=\"contentheading\">Calafell t\u00e9 uns origens mariners importants.<\/p>\t\t\t\t\t\t\t\t<\/div>\n\t\t\t\t<\/div>\n\t\t\t\t<div class=\"elementor-element elementor-element-7deda2c elementor-grid-2 elementor-grid-tablet-2 elementor-grid-mobile-1 elementor-posts--thumbnail-top elementor-card-shadow-yes elementor-posts__hover-gradient elementor-widget elementor-widget-posts\" data-id=\"7deda2c\" data-element_type=\"widget\" data-e-type=\"widget\" data-settings=\"{&quot;pagination_type&quot;:&quot;load_more_infinite_scroll&quot;,&quot;cards_columns&quot;:&quot;2&quot;,&quot;cards_columns_tablet&quot;:&quot;2&quot;,&quot;cards_columns_mobile&quot;:&quot;1&quot;,&quot;cards_row_gap&quot;:{&quot;unit&quot;:&quot;px&quot;,&quot;size&quot;:35,&quot;sizes&quot;:[]},&quot;cards_row_gap_tablet&quot;:{&quot;unit&quot;:&quot;px&quot;,&quot;size&quot;:&quot;&quot;,&quot;sizes&quot;:[]},&quot;cards_row_gap_mobile&quot;:{&quot;unit&quot;:&quot;px&quot;,&quot;size&quot;:&quot;&quot;,&quot;sizes&quot;:[]},&quot;load_more_spinner&quot;:{&quot;value&quot;:&quot;fas fa-spinner&quot;,&quot;library&quot;:&quot;fa-solid&quot;}}\" data-widget_type=\"posts.cards\">\n\t\t\t\t<div class=\"elementor-widget-container\">\n\t\t\t\t\t\t\t<div class=\"elementor-posts-container elementor-posts elementor-posts--skin-cards elementor-grid\" role=\"list\">\n\t\t\t\t<article class=\"elementor-post elementor-grid-item post-368 post type-post status-publish format-standard hentry category-el-calafell-mariner\" role=\"listitem\">\n\t\t\t<div class=\"elementor-post__card\">\n\t\t\t\t<div class=\"elementor-post__text\">\n\t\t\t\t<h3 class=\"elementor-post__title\">\n\t\t\t<a href=\"https:\/\/paticatalacalafell.cat\/es\/plafons-explicatius\/\" >\n\t\t\t\tDivulgaci\u00f3\t\t\t<\/a>\n\t\t<\/h3>\n\t\t\t\t<div class=\"elementor-post__excerpt\">\n\t\t\t<p>L'associaci\u00f3 ha creat diferent informaci\u00f3 per a divulgar el nostre patrimoni, entre ells:<\/p>\n<ul>\n<li><span style=\"font-size: 12.16px; line-height: 1.3em;\">Diversos plafons explicatius sobre el Calafell mariner d'abans<\/span><\/li>\n<li><span style=\"font-size: 12.16px; line-height: 1.3em;\">Una aplicaci\u00f3 web en motiu de la Fira del Mar 2015<\/span><\/li>\n<li><span style=\"font-size: 12.16px; line-height: 1.3em;\">Una aplicaci\u00f3 de realitat augmentada en motiu de la Fira del Mar 2013<\/span><\/li>\n<li><span style=\"font-size: 12.16px; line-height: 1.3em;\">Programa de Thalassa per TV3 el 2012<\/span><\/li>\n<li><span style=\"font-size: 12.16px; line-height: 1.3em;\">i molts m\u00e9s!<br \/><\/span><\/li>\n<\/ul>\n\t\t<\/div>\n\t\t\n\t\t<a class=\"elementor-post__read-more\" href=\"https:\/\/paticatalacalafell.cat\/es\/plafons-explicatius\/\" aria-label=\"M\u00e1s informaci\u00f3n sobre Divulgaci\u00f3\" tabindex=\"-1\" >\n\t\t\tLlegir m\u00e9s \u00bb\t\t<\/a>\n\n\t\t\t\t<\/div>\n\t\t\t\t<div class=\"elementor-post__meta-data\">\n\t\t\t\t\t<span class=\"elementor-post-date\">\n\t\t\t30\/08\/2016\t\t<\/span>\n\t\t\t\t<\/div>\n\t\t\t\t\t<\/div>\n\t\t<\/article>\n\t\t\t\t<article class=\"elementor-post elementor-grid-item post-82 post type-post status-publish format-standard hentry category-el-calafell-mariner\" role=\"listitem\">\n\t\t\t<div class=\"elementor-post__card\">\n\t\t\t\t<div class=\"elementor-post__text\">\n\t\t\t\t<h3 class=\"elementor-post__title\">\n\t\t\t<a href=\"https:\/\/paticatalacalafell.cat\/es\/largot-mariner\/\" >\n\t\t\t\tL'argot mariner\t\t\t<\/a>\n\t\t<\/h3>\n\t\t\t\t<div class=\"elementor-post__excerpt\">\n\t\t\t<p>Els pescadors arreu del litoral catal\u00e0 s\u2019han caracteritzat per tenir un argot propi, una manera particular de parlar, un llenguatge a voltes dif\u00edcil de desentrellar, malgrat que senzill i planer tal i com \u00e9s la seva manera d\u2019entendre la vida.<\/p>\n\t\t<\/div>\n\t\t\n\t\t<a class=\"elementor-post__read-more\" href=\"https:\/\/paticatalacalafell.cat\/es\/largot-mariner\/\" aria-label=\"M\u00e1s informaci\u00f3n sobre L&#039;argot mariner\" tabindex=\"-1\" >\n\t\t\tLlegir m\u00e9s \u00bb\t\t<\/a>\n\n\t\t\t\t<\/div>\n\t\t\t\t<div class=\"elementor-post__meta-data\">\n\t\t\t\t\t<span class=\"elementor-post-date\">\n\t\t\t14\/11\/2010\t\t<\/span>\n\t\t\t\t<\/div>\n\t\t\t\t\t<\/div>\n\t\t<\/article>\n\t\t\t\t<article class=\"elementor-post elementor-grid-item post-20 post type-post status-publish format-standard hentry category-el-calafell-mariner\" role=\"listitem\">\n\t\t\t<div class=\"elementor-post__card\">\n\t\t\t\t<div class=\"elementor-post__text\">\n\t\t\t\t<h3 class=\"elementor-post__title\">\n\t\t\t<a href=\"https:\/\/paticatalacalafell.cat\/es\/els-origens-mariners-de-calafell\/\" >\n\t\t\t\tEls origens mariners de Calafell\t\t\t<\/a>\n\t\t<\/h3>\n\t\t\t\t<div class=\"elementor-post__excerpt\">\n\t\t\t<address>El barri de la platja de Calafell va comen\u00e7ar-se a habitar de manera permanent a mitjans del segle XIX, que alguns pescadors es van instal\u00b7lar a les \"botigues\" de pescadors, edificacions per a deixar-hi els aparells de pesca. <\/address>\n\t\t<\/div>\n\t\t\n\t\t<a class=\"elementor-post__read-more\" href=\"https:\/\/paticatalacalafell.cat\/es\/els-origens-mariners-de-calafell\/\" aria-label=\"M\u00e1s informaci\u00f3n sobre Els origens mariners de Calafell\" tabindex=\"-1\" >\n\t\t\tLlegir m\u00e9s \u00bb\t\t<\/a>\n\n\t\t\t\t<\/div>\n\t\t\t\t<div class=\"elementor-post__meta-data\">\n\t\t\t\t\t<span class=\"elementor-post-date\">\n\t\t\t14\/05\/2010\t\t<\/span>\n\t\t\t\t<\/div>\n\t\t\t\t\t<\/div>\n\t\t<\/article>\n\t\t\t\t<article class=\"elementor-post elementor-grid-item post-19 post type-post status-publish format-standard hentry category-el-calafell-mariner\" role=\"listitem\">\n\t\t\t<div class=\"elementor-post__card\">\n\t\t\t\t<div class=\"elementor-post__text\">\n\t\t\t\t<h3 class=\"elementor-post__title\">\n\t\t\t<a href=\"https:\/\/paticatalacalafell.cat\/es\/carlos-barral\/\" >\n\t\t\t\tCarlos Barral\t\t\t<\/a>\n\t\t<\/h3>\n\t\t\t\t<div class=\"elementor-post__excerpt\">\n\t\t\t<p>Carlos Barral i Agesta va n\u00e8ixer a Barcelona el 1928 i va morir a Barcelona el 12 de diciembre de 1989. Poeta, memorialista, editor i senador espanyol, va ser una figura polifac\u00e8tica arrelada a Calafell des de la seva inf\u00e0ncia.<\/p>\n\t\t<\/div>\n\t\t\n\t\t<a class=\"elementor-post__read-more\" href=\"https:\/\/paticatalacalafell.cat\/es\/carlos-barral\/\" aria-label=\"M\u00e1s informaci\u00f3n sobre Carlos Barral\" tabindex=\"-1\" >\n\t\t\tLlegir m\u00e9s \u00bb\t\t<\/a>\n\n\t\t\t\t<\/div>\n\t\t\t\t<div class=\"elementor-post__meta-data\">\n\t\t\t\t\t<span class=\"elementor-post-date\">\n\t\t\t14\/05\/2010\t\t<\/span>\n\t\t\t\t<\/div>\n\t\t\t\t\t<\/div>\n\t\t<\/article>\n\t\t\t\t<\/div>\n\t\t\t\t\t<span class=\"e-load-more-spinner\">\n\t\t\t\t<svg aria-hidden=\"true\" class=\"e-font-icon-svg e-fas-spinner\" viewBox=\"0 0 512 512\" xmlns=\"http:\/\/www.w3.org\/2000\/svg\"><path d=\"M304 48c0 26.51-21.49 48-48 48s-48-21.49-48-48 21.49-48 48-48 48 21.49 48 48zm-48 368c-26.51 0-48 21.49-48 48s21.49 48 48 48 48-21.49 48-48-21.49-48-48-48zm208-208c-26.51 0-48 21.49-48 48s21.49 48 48 48 48-21.49 48-48-21.49-48-48-48zM96 256c0-26.51-21.49-48-48-48S0 229.49 0 256s21.49 48 48 48 48-21.49 48-48zm12.922 99.078c-26.51 0-48 21.49-48 48s21.49 48 48 48 48-21.49 48-48c0-26.509-21.491-48-48-48zm294.156 0c-26.51 0-48 21.49-48 48s21.49 48 48 48 48-21.49 48-48c0-26.509-21.49-48-48-48zM108.922 60.922c-26.51 0-48 21.49-48 48s21.49 48 48 48 48-21.49 48-48-21.491-48-48-48z\"><\/path><\/svg>\t\t\t<\/span>\n\t\t\n\t\t\t\t\t\t<\/div>\n\t\t\t\t<\/div>\n\t\t\t\t\t<\/div>\n\t\t\t\t<\/div>\n\t\t\t\t<\/div>\n\t\t","protected":false},"excerpt":{"rendered":"<p>El Calafell marinero Calafell tiene importantes or\u00edgenes marineros.<\/p>","protected":false},"author":1,"featured_media":0,"parent":0,"menu_order":58,"comment_status":"open","ping_status":"closed","template":"","meta":{"footnotes":""},"class_list":["post-1410","page","type-page","status-publish","hentry"],"_links":{"self":[{"href":"https:\/\/paticatalacalafell.cat\/es\/wp-json\/wp\/v2\/pages\/1410","targetHints":{"allow":["GET"]}}],"collection":[{"href":"https:\/\/paticatalacalafell.cat\/es\/wp-json\/wp\/v2\/pages"}],"about":[{"href":"https:\/\/paticatalacalafell.cat\/es\/wp-json\/wp\/v2\/types\/page"}],"author":[{"embeddable":true,"href":"https:\/\/paticatalacalafell.cat\/es\/wp-json\/wp\/v2\/users\/1"}],"replies":[{"embeddable":true,"href":"https:\/\/paticatalacalafell.cat\/es\/wp-json\/wp\/v2\/comments?post=1410"}],"version-history":[{"count":5,"href":"https:\/\/paticatalacalafell.cat\/es\/wp-json\/wp\/v2\/pages\/1410\/revisions"}],"predecessor-version":[{"id":1691,"href":"https:\/\/paticatalacalafell.cat\/es\/wp-json\/wp\/v2\/pages\/1410\/revisions\/1691"}],"wp:attachment":[{"href":"https:\/\/paticatalacalafell.cat\/es\/wp-json\/wp\/v2\/media?parent=1410"}],"curies":[{"name":"wp","href":"https:\/\/api.w.org\/{rel}","templated":true}]}}