{"id":1463,"date":"2024-03-07T08:53:38","date_gmt":"2024-03-07T08:53:38","guid":{"rendered":"https:\/\/mediumpurple-heron-149339.hostingersite.com\/?page_id=1463"},"modified":"2024-03-07T11:03:50","modified_gmt":"2024-03-07T11:03:50","slug":"navegar-amb-veles-antigues","status":"publish","type":"page","link":"https:\/\/paticatalacalafell.cat\/es\/navegar-amb-veles-antigues\/","title":{"rendered":"Navegar con velas antiguas"},"content":{"rendered":"\t\t<div data-elementor-type=\"wp-page\" data-elementor-id=\"1463\" class=\"elementor elementor-1463\" data-elementor-post-type=\"page\">\n\t\t\t\t<div class=\"elementor-element elementor-element-90e331f e-flex e-con-boxed e-con e-parent\" data-id=\"90e331f\" data-element_type=\"container\" data-e-type=\"container\" data-settings=\"{&quot;background_background&quot;:&quot;classic&quot;,&quot;background_motion_fx_motion_fx_scrolling&quot;:&quot;yes&quot;,&quot;background_motion_fx_translateY_effect&quot;:&quot;yes&quot;,&quot;background_motion_fx_translateY_speed&quot;:{&quot;unit&quot;:&quot;px&quot;,&quot;size&quot;:1,&quot;sizes&quot;:[]},&quot;background_motion_fx_translateY_affectedRange&quot;:{&quot;unit&quot;:&quot;%&quot;,&quot;size&quot;:&quot;&quot;,&quot;sizes&quot;:{&quot;start&quot;:0,&quot;end&quot;:100}},&quot;background_motion_fx_devices&quot;:[&quot;desktop&quot;,&quot;tablet&quot;,&quot;mobile&quot;]}\">\n\t\t\t\t\t<div class=\"e-con-inner\">\n\t\t\t\t<div class=\"elementor-element elementor-element-348b233 elementor-invisible elementor-widget elementor-widget-heading\" data-id=\"348b233\" data-element_type=\"widget\" data-e-type=\"widget\" data-settings=\"{&quot;_animation&quot;:&quot;fadeInUp&quot;}\" data-widget_type=\"heading.default\">\n\t\t\t\t<div class=\"elementor-widget-container\">\n\t\t\t\t\t<h1 class=\"elementor-heading-title elementor-size-default\">Navegar amb veles antigues<\/h1>\t\t\t\t<\/div>\n\t\t\t\t<\/div>\n\t\t\t\t\t<\/div>\n\t\t\t\t<\/div>\n\t\t<div class=\"elementor-element elementor-element-887a40f e-flex e-con-boxed e-con e-parent\" data-id=\"887a40f\" data-element_type=\"container\" data-e-type=\"container\" data-settings=\"{&quot;background_background&quot;:&quot;classic&quot;}\">\n\t\t\t\t\t<div class=\"e-con-inner\">\n\t\t\t\t<div class=\"elementor-element elementor-element-6e830e64 elementor-widget elementor-widget-text-editor\" data-id=\"6e830e64\" data-element_type=\"widget\" data-e-type=\"widget\" data-widget_type=\"text-editor.default\">\n\t\t\t\t<div class=\"elementor-widget-container\">\n\t\t\t\t\t\t\t\t\t<div class=\"bg-danger text-warning font-weight-bold\"><b>Horari estiu 2021:<\/b>\u00a0sortim els divendres a les 17 h i els dissabtes a les 10:30 h, des del del Moll de les Llatines a la pla\u00e7a del portm Segur-Calafell<\/div><p>\u00a0<\/p><p>Si voleu descobrir el plaer de navegar com es feia fa m\u00e9s de dos mil anys, sentint la\u00a0for\u00e7a del vent i l&#8217;embat del mar a trav\u00e9s de les fustes i el cordam d&#8217;unes barques molt\u00a0bregades pel temps, la secci\u00f3 Vela Llatina Carlos Barral us convida a provar-ho\u00a0tots els\u00a0<strong>dissabtes al mat\u00ed<\/strong>\u00a0durant la tardor-hivern (a la primavera-estiu quedem els divendres a la tarda). Sortim del Port de Segur de Calafell on tenim amarrades\u00a08 barques: la Pal i Fusa, la Barrala, la Lola, la Peregrina, la Galatz\u00f3, la Carpero, la\u00a0Verge del Carme i la Pauot, entre totes poden embarcar fins a 27 persones.<\/p><p>Es tracta de velles barques de pesca, totes de fusta, que hem recuperat per restaurar-\u00a0les i adaptar-les a la navegaci\u00f3 amb vela llatina. Les feines de restauraci\u00f3 es fan a les\u00a0nostres drassanes de la seu de Pat\u00ed Catal\u00e0 de Calafell, un espai conegut com la\u00a0Destil\u00b7leria, on cada divendres una colla de voluntaris de l&#8217;associaci\u00f3 participen als\u00a0tallers de pintura, calafateig i mec\u00e0nica.<\/p><p>A la Destil\u00b7leria tamb\u00e9 impartim cursos per obtenir les titulacions b\u00e0siques de patr\u00f3\u00a0d&#8217;embarcaci\u00f3 a vela i de navegaci\u00f3 amb vela llatina. Les classes te\u00f2riques es\u00a0complementen amb l&#8217;experi\u00e8ncia de navegar amb nosaltres tots els dissabtes.<\/p><p>En aquests temps en que tot s&#8217;accelera el contacte amb les forces primig\u00e8nies de la\u00a0natura; el vent i el mar, i sentir que formem part d&#8217;un tot arrelat molt enrere ens\u00a0reconforta i ens ajuda a recuperar l&#8217;al\u00e8: a molts ens ha canviat la vida!<\/p>\t\t\t\t\t\t\t\t<\/div>\n\t\t\t\t<\/div>\n\t\t\t\t<div class=\"elementor-element elementor-element-7deda2c elementor-grid-3 elementor-grid-tablet-2 elementor-grid-mobile-1 elementor-posts--thumbnail-top elementor-card-shadow-yes elementor-posts__hover-gradient elementor-widget elementor-widget-posts\" data-id=\"7deda2c\" data-element_type=\"widget\" data-e-type=\"widget\" data-settings=\"{&quot;pagination_type&quot;:&quot;load_more_infinite_scroll&quot;,&quot;cards_columns&quot;:&quot;3&quot;,&quot;cards_columns_tablet&quot;:&quot;2&quot;,&quot;cards_columns_mobile&quot;:&quot;1&quot;,&quot;cards_row_gap&quot;:{&quot;unit&quot;:&quot;px&quot;,&quot;size&quot;:35,&quot;sizes&quot;:[]},&quot;cards_row_gap_tablet&quot;:{&quot;unit&quot;:&quot;px&quot;,&quot;size&quot;:&quot;&quot;,&quot;sizes&quot;:[]},&quot;cards_row_gap_mobile&quot;:{&quot;unit&quot;:&quot;px&quot;,&quot;size&quot;:&quot;&quot;,&quot;sizes&quot;:[]},&quot;load_more_spinner&quot;:{&quot;value&quot;:&quot;fas fa-spinner&quot;,&quot;library&quot;:&quot;fa-solid&quot;}}\" data-widget_type=\"posts.cards\">\n\t\t\t\t<div class=\"elementor-widget-container\">\n\t\t\t\t\t\t\t<div class=\"elementor-posts-container elementor-posts elementor-posts--skin-cards elementor-grid\" role=\"list\">\n\t\t\t\t<article class=\"elementor-post elementor-grid-item post-5370 post type-post status-publish format-standard has-post-thumbnail hentry category-activitats-la-vela-llatina category-blog-navegar-amb-veles-antigues category-noticies-vela-llatina category-navegar-amb-la-nova-francisca-a-calafell\" role=\"listitem\">\n\t\t\t<div class=\"elementor-post__card\">\n\t\t\t\t<a class=\"elementor-post__thumbnail__link\" href=\"https:\/\/paticatalacalafell.cat\/es\/vols-ser-tripulant-de-la-francisca-o-la-santa-espina\/\" tabindex=\"-1\" ><div class=\"elementor-post__thumbnail\"><img fetchpriority=\"high\" decoding=\"async\" width=\"800\" height=\"1124\" src=\"https:\/\/paticatalacalafell.cat\/wp-content\/uploads\/2026\/01\/2026-Francisca-tripulants.jpeg\" class=\"attachment-full size-full wp-image-5372\" alt=\"\" srcset=\"https:\/\/paticatalacalafell.cat\/wp-content\/uploads\/2026\/01\/2026-Francisca-tripulants.jpeg 800w, https:\/\/paticatalacalafell.cat\/wp-content\/uploads\/2026\/01\/2026-Francisca-tripulants-214x300.jpeg 214w, https:\/\/paticatalacalafell.cat\/wp-content\/uploads\/2026\/01\/2026-Francisca-tripulants-729x1024.jpeg 729w, https:\/\/paticatalacalafell.cat\/wp-content\/uploads\/2026\/01\/2026-Francisca-tripulants-768x1079.jpeg 768w, https:\/\/paticatalacalafell.cat\/wp-content\/uploads\/2026\/01\/2026-Francisca-tripulants-9x12.jpeg 9w\" sizes=\"(max-width: 800px) 100vw, 800px\" title=\"\"><\/div><\/a>\n\t\t\t\t<div class=\"elementor-post__text\">\n\t\t\t\t<h3 class=\"elementor-post__title\">\n\t\t\t<a href=\"https:\/\/paticatalacalafell.cat\/es\/vols-ser-tripulant-de-la-francisca-o-la-santa-espina\/\" >\n\t\t\t\tVols ser tripulant de la Francisca o la Santa Espina?\t\t\t<\/a>\n\t\t<\/h3>\n\t\t\t\t<div class=\"elementor-post__excerpt\">\n\t\t\t<p>Vols navegar amb barques hist\u00f2riques de la manera tradicional? Estem buscant tripulants per aquestes dues embarcacions!<\/p>\n\t\t<\/div>\n\t\t\n\t\t<a class=\"elementor-post__read-more\" href=\"https:\/\/paticatalacalafell.cat\/es\/vols-ser-tripulant-de-la-francisca-o-la-santa-espina\/\" aria-label=\"M\u00e1s informaci\u00f3n sobre Vols ser tripulant de la Francisca o la Santa Espina?\" tabindex=\"-1\" >\n\t\t\tLlegir m\u00e9s \u00bb\t\t<\/a>\n\n\t\t\t\t<\/div>\n\t\t\t\t<div class=\"elementor-post__meta-data\">\n\t\t\t\t\t<span class=\"elementor-post-date\">\n\t\t\t31\/01\/2026\t\t<\/span>\n\t\t\t\t<\/div>\n\t\t\t\t\t<\/div>\n\t\t<\/article>\n\t\t\t\t<article class=\"elementor-post elementor-grid-item post-485 post type-post status-publish format-standard hentry category-blog-navegar-amb-veles-antigues\" role=\"listitem\">\n\t\t\t<div class=\"elementor-post__card\">\n\t\t\t\t<div class=\"elementor-post__text\">\n\t\t\t\t<h3 class=\"elementor-post__title\">\n\t\t\t<a href=\"https:\/\/paticatalacalafell.cat\/es\/batejos-mar-2020\/\" >\n\t\t\t\tBatejos de mar a Calafell, per Jordi Salvador\t\t\t<\/a>\n\t\t<\/h3>\n\t\t\t\t<div class=\"elementor-post__excerpt\">\n\t\t\t<p><img decoding=\"async\" src=\"https:\/\/live.staticflickr.com\/65535\/49367542641_b5ba93cb4a_z.jpg\" alt=\"Amarres a la pla\u00e7a del Port\" title=\"\"><\/p>\n<p>R\u00fafol, gris, llegany\u00f3s, amb mar podrida i ni tant sols un bri d'aire. Aix\u00ed es present\u00e0 el mat\u00ed d'un dissabte de febrer a Calafell. Per\u00f2 calia no desaprofitar la invitaci\u00f3 de sortir en mar. Fora mandres. En arribar a port un bon grup de mariners de l'Associaci\u00f3 Pat\u00ed Catal\u00e0 Calafell\/Vela Llatina Carlos Barral preparaven les barques per emprendre una vegada m\u00e9s la seva activitat dels Batejos de mar en barques tradicionals que fan des de fa mesos. La ubicaci\u00f3 de les barques arran del passeig del mar \u00e9s immillorable.<\/p>\n\t\t<\/div>\n\t\t\n\t\t<a class=\"elementor-post__read-more\" href=\"https:\/\/paticatalacalafell.cat\/es\/batejos-mar-2020\/\" aria-label=\"M\u00e1s informaci\u00f3n sobre Batejos de mar a Calafell, per Jordi Salvador\" tabindex=\"-1\" >\n\t\t\tLlegir m\u00e9s \u00bb\t\t<\/a>\n\n\t\t\t\t<\/div>\n\t\t\t\t<div class=\"elementor-post__meta-data\">\n\t\t\t\t\t<span class=\"elementor-post-date\">\n\t\t\t11\/02\/2020\t\t<\/span>\n\t\t\t\t<\/div>\n\t\t\t\t\t<\/div>\n\t\t<\/article>\n\t\t\t\t<article class=\"elementor-post elementor-grid-item post-491 post type-post status-publish format-standard hentry category-blog-navegar-amb-veles-antigues\" role=\"listitem\">\n\t\t\t<div class=\"elementor-post__card\">\n\t\t\t\t<div class=\"elementor-post__text\">\n\t\t\t\t<h3 class=\"elementor-post__title\">\n\t\t\t<a href=\"https:\/\/paticatalacalafell.cat\/es\/carpa-port-2020\/\" >\n\t\t\t\tMuntem una carpa al port\t\t\t<\/a>\n\t\t<\/h3>\n\t\t\t\t<div class=\"elementor-post__excerpt\">\n\t\t\t<p><img decoding=\"async\" src=\"https:\/\/live.staticflickr.com\/65535\/49879770782_4112883756_z.jpg\" alt=\"Carpa del port\" title=\"\"><\/p>\n<p>Tenim preparada la carpa que instal\u00b7larem cada dissabte al port, al costat de les barques, durant l'activitat dels batejos de mar.<\/p>\n\t\t<\/div>\n\t\t\n\t\t<a class=\"elementor-post__read-more\" href=\"https:\/\/paticatalacalafell.cat\/es\/carpa-port-2020\/\" aria-label=\"M\u00e1s informaci\u00f3n sobre Muntem una carpa al port\" tabindex=\"-1\" >\n\t\t\tLlegir m\u00e9s \u00bb\t\t<\/a>\n\n\t\t\t\t<\/div>\n\t\t\t\t<div class=\"elementor-post__meta-data\">\n\t\t\t\t\t<span class=\"elementor-post-date\">\n\t\t\t11\/02\/2020\t\t<\/span>\n\t\t\t\t<\/div>\n\t\t\t\t\t<\/div>\n\t\t<\/article>\n\t\t\t\t<article class=\"elementor-post elementor-grid-item post-402 post type-post status-publish format-standard hentry category-blog-navegar-amb-veles-antigues\" role=\"listitem\">\n\t\t\t<div class=\"elementor-post__card\">\n\t\t\t\t<div class=\"elementor-post__text\">\n\t\t\t\t<h3 class=\"elementor-post__title\">\n\t\t\t<a href=\"https:\/\/paticatalacalafell.cat\/es\/batejos-de-mar-amb-llatines\/\" >\n\t\t\t\tBatejos de mar amb llatines\t\t\t<\/a>\n\t\t<\/h3>\n\t\t\t\t<div class=\"elementor-post__excerpt\">\n\t\t\t<p>Durant tots els dissabtes d'hivern i primavera, d'11 a 14 hores, sortim a navegar amb les llatines de l'associaci\u00f3.<\/p>\n\t\t<\/div>\n\t\t\n\t\t<a class=\"elementor-post__read-more\" href=\"https:\/\/paticatalacalafell.cat\/es\/batejos-de-mar-amb-llatines\/\" aria-label=\"M\u00e1s informaci\u00f3n sobre Batejos de mar amb llatines\" tabindex=\"-1\" >\n\t\t\tLlegir m\u00e9s \u00bb\t\t<\/a>\n\n\t\t\t\t<\/div>\n\t\t\t\t<div class=\"elementor-post__meta-data\">\n\t\t\t\t\t<span class=\"elementor-post-date\">\n\t\t\t08\/02\/2018\t\t<\/span>\n\t\t\t\t<\/div>\n\t\t\t\t\t<\/div>\n\t\t<\/article>\n\t\t\t\t<article class=\"elementor-post elementor-grid-item post-397 post type-post status-publish format-standard hentry category-blog-navegar-amb-veles-antigues\" role=\"listitem\">\n\t\t\t<div class=\"elementor-post__card\">\n\t\t\t\t<div class=\"elementor-post__text\">\n\t\t\t\t<h3 class=\"elementor-post__title\">\n\t\t\t<a href=\"https:\/\/paticatalacalafell.cat\/es\/batejos-vela-llatina-a-la-tardor\/\" >\n\t\t\t\tBatejos vela llatina a la tardor\t\t\t<\/a>\n\t\t<\/h3>\n\t\t\t\t<div class=\"elementor-post__excerpt\">\n\t\t\t<p>Horaris de tardor dels batejos de vela llatina A partir del dissabte 23 de setembre l'horari de tardor dels batejos<\/p>\n\t\t<\/div>\n\t\t\n\t\t<a class=\"elementor-post__read-more\" href=\"https:\/\/paticatalacalafell.cat\/es\/batejos-vela-llatina-a-la-tardor\/\" aria-label=\"M\u00e1s informaci\u00f3n sobre Batejos vela llatina a la tardor\" tabindex=\"-1\" >\n\t\t\tLlegir m\u00e9s \u00bb\t\t<\/a>\n\n\t\t\t\t<\/div>\n\t\t\t\t<div class=\"elementor-post__meta-data\">\n\t\t\t\t\t<span class=\"elementor-post-date\">\n\t\t\t22\/09\/2017\t\t<\/span>\n\t\t\t\t<\/div>\n\t\t\t\t\t<\/div>\n\t\t<\/article>\n\t\t\t\t<article class=\"elementor-post elementor-grid-item post-391 post type-post status-publish format-standard hentry category-blog-navegar-amb-veles-antigues\" role=\"listitem\">\n\t\t\t<div class=\"elementor-post__card\">\n\t\t\t\t<div class=\"elementor-post__text\">\n\t\t\t\t<h3 class=\"elementor-post__title\">\n\t\t\t<a href=\"https:\/\/paticatalacalafell.cat\/es\/batejos-de-vela-llatina\/\" >\n\t\t\t\tBatejos de vela llatina\t\t\t<\/a>\n\t\t<\/h3>\n\t\t\t\t<div class=\"elementor-post__excerpt\">\n\t\t\t<p>Amb l'estiu tornem a fer els batejos de mar amb tres embarcacions de l'associaci\u00f3: Carlos Barral, Peregrina i Lola. Sortirem<\/p>\n\t\t<\/div>\n\t\t\n\t\t<a class=\"elementor-post__read-more\" href=\"https:\/\/paticatalacalafell.cat\/es\/batejos-de-vela-llatina\/\" aria-label=\"M\u00e1s informaci\u00f3n sobre Batejos de vela llatina\" tabindex=\"-1\" >\n\t\t\tLlegir m\u00e9s \u00bb\t\t<\/a>\n\n\t\t\t\t<\/div>\n\t\t\t\t<div class=\"elementor-post__meta-data\">\n\t\t\t\t\t<span class=\"elementor-post-date\">\n\t\t\t20\/07\/2017\t\t<\/span>\n\t\t\t\t<\/div>\n\t\t\t\t\t<\/div>\n\t\t<\/article>\n\t\t\t\t<\/div>\n\t\t\t\t\t<span class=\"e-load-more-spinner\">\n\t\t\t\t<svg aria-hidden=\"true\" class=\"e-font-icon-svg e-fas-spinner\" viewBox=\"0 0 512 512\" xmlns=\"http:\/\/www.w3.org\/2000\/svg\"><path d=\"M304 48c0 26.51-21.49 48-48 48s-48-21.49-48-48 21.49-48 48-48 48 21.49 48 48zm-48 368c-26.51 0-48 21.49-48 48s21.49 48 48 48 48-21.49 48-48-21.49-48-48-48zm208-208c-26.51 0-48 21.49-48 48s21.49 48 48 48 48-21.49 48-48-21.49-48-48-48zM96 256c0-26.51-21.49-48-48-48S0 229.49 0 256s21.49 48 48 48 48-21.49 48-48zm12.922 99.078c-26.51 0-48 21.49-48 48s21.49 48 48 48 48-21.49 48-48c0-26.509-21.491-48-48-48zm294.156 0c-26.51 0-48 21.49-48 48s21.49 48 48 48 48-21.49 48-48c0-26.509-21.49-48-48-48zM108.922 60.922c-26.51 0-48 21.49-48 48s21.49 48 48 48 48-21.49 48-48-21.491-48-48-48z\"><\/path><\/svg>\t\t\t<\/span>\n\t\t\n\t\t\t\t<div class=\"e-load-more-anchor\" data-page=\"1\" data-max-page=\"2\" data-next-page=\"https:\/\/paticatalacalafell.cat\/es\/wp-json\/wp\/v2\/pages\/1463\/page\/2\/\"><\/div>\n\t\t\t\t<div class=\"e-load-more-message\"><\/div>\n\t\t\t\t\t\t<\/div>\n\t\t\t\t<\/div>\n\t\t\t\t\t<\/div>\n\t\t\t\t<\/div>\n\t\t\t\t<\/div>\n\t\t","protected":false},"excerpt":{"rendered":"<p>Navegar amb veles antigues Horari estiu 2021:\u00a0sortim els divendres a les 17 h i els dissabtes a les 10:30 h, des del del Moll de les Llatines a la pla\u00e7a [&hellip;]<\/p>\n","protected":false},"author":1,"featured_media":0,"parent":0,"menu_order":58,"comment_status":"open","ping_status":"closed","template":"","meta":{"footnotes":""},"class_list":["post-1463","page","type-page","status-publish","hentry"],"_links":{"self":[{"href":"https:\/\/paticatalacalafell.cat\/es\/wp-json\/wp\/v2\/pages\/1463","targetHints":{"allow":["GET"]}}],"collection":[{"href":"https:\/\/paticatalacalafell.cat\/es\/wp-json\/wp\/v2\/pages"}],"about":[{"href":"https:\/\/paticatalacalafell.cat\/es\/wp-json\/wp\/v2\/types\/page"}],"author":[{"embeddable":true,"href":"https:\/\/paticatalacalafell.cat\/es\/wp-json\/wp\/v2\/users\/1"}],"replies":[{"embeddable":true,"href":"https:\/\/paticatalacalafell.cat\/es\/wp-json\/wp\/v2\/comments?post=1463"}],"version-history":[{"count":5,"href":"https:\/\/paticatalacalafell.cat\/es\/wp-json\/wp\/v2\/pages\/1463\/revisions"}],"predecessor-version":[{"id":1694,"href":"https:\/\/paticatalacalafell.cat\/es\/wp-json\/wp\/v2\/pages\/1463\/revisions\/1694"}],"wp:attachment":[{"href":"https:\/\/paticatalacalafell.cat\/es\/wp-json\/wp\/v2\/media?parent=1463"}],"curies":[{"name":"wp","href":"https:\/\/api.w.org\/{rel}","templated":true}]}}