{"id":21,"date":"2010-05-14T06:54:48","date_gmt":"2010-05-14T06:54:48","guid":{"rendered":"https:\/\/mediumpurple-heron-149339.hostingersite.com\/rosa-dels-vents\/"},"modified":"2024-03-07T11:04:41","modified_gmt":"2024-03-07T11:04:41","slug":"rosa-dels-vents","status":"publish","type":"page","link":"https:\/\/paticatalacalafell.cat\/es\/rosa-dels-vents\/","title":{"rendered":"El viento"},"content":{"rendered":"\t\t<div data-elementor-type=\"wp-page\" data-elementor-id=\"21\" class=\"elementor elementor-21\" data-elementor-post-type=\"page\">\n\t\t\t\t<div class=\"elementor-element elementor-element-ec1a522 e-flex e-con-boxed e-con e-parent\" data-id=\"ec1a522\" data-element_type=\"container\" data-e-type=\"container\" data-settings=\"{&quot;background_background&quot;:&quot;classic&quot;,&quot;background_motion_fx_motion_fx_scrolling&quot;:&quot;yes&quot;,&quot;background_motion_fx_translateY_effect&quot;:&quot;yes&quot;,&quot;background_motion_fx_translateY_speed&quot;:{&quot;unit&quot;:&quot;px&quot;,&quot;size&quot;:1,&quot;sizes&quot;:[]},&quot;background_motion_fx_translateY_affectedRange&quot;:{&quot;unit&quot;:&quot;%&quot;,&quot;size&quot;:&quot;&quot;,&quot;sizes&quot;:{&quot;start&quot;:0,&quot;end&quot;:100}},&quot;background_motion_fx_devices&quot;:[&quot;desktop&quot;,&quot;tablet&quot;,&quot;mobile&quot;]}\">\n\t\t\t\t\t<div class=\"e-con-inner\">\n\t\t\t\t<div class=\"elementor-element elementor-element-773b4a2 elementor-invisible elementor-widget elementor-widget-heading\" data-id=\"773b4a2\" data-element_type=\"widget\" data-e-type=\"widget\" data-settings=\"{&quot;_animation&quot;:&quot;fadeInUp&quot;}\" data-widget_type=\"heading.default\">\n\t\t\t\t<div class=\"elementor-widget-container\">\n\t\t\t\t\t<h1 class=\"elementor-heading-title elementor-size-default\">El vent<\/h1>\t\t\t\t<\/div>\n\t\t\t\t<\/div>\n\t\t\t\t\t<\/div>\n\t\t\t\t<\/div>\n\t\t<div class=\"elementor-element elementor-element-439e8c6 e-flex e-con-boxed e-con e-parent\" data-id=\"439e8c6\" data-element_type=\"container\" data-e-type=\"container\" data-settings=\"{&quot;background_background&quot;:&quot;classic&quot;}\">\n\t\t\t\t\t<div class=\"e-con-inner\">\n\t\t\t\t<div class=\"elementor-element elementor-element-7fc9007 elementor-widget elementor-widget-text-editor\" data-id=\"7fc9007\" data-element_type=\"widget\" data-e-type=\"widget\" data-widget_type=\"text-editor.default\">\n\t\t\t\t<div class=\"elementor-widget-container\">\n\t\t\t\t\t\t\t\t\t<p>Durant molt de temps ha estat utilitzada una escala num\u00e8rica per a determinar la for\u00e7a del vent, coneguda com a <strong>escala dels vents de Beaufort<\/strong> (en honor de l&#8217;almirall angl\u00e8s Francis Beaufort, que la\u00a0va publicar al 1806), que \u00e9s constitu\u00efda per n\u00fameros que van del 0 al 12, a cadascun dels quals hom associa observacions corrents que permeten d\u2019identificar f\u00e0cilment el valor de la for\u00e7a del vent. Actualment, l\u2019escala de Beaufort ha estat reempla\u00e7ada en meteorologia per una determinaci\u00f3 directa de la velocitat del vent en nusos, milles per hora o metres per segon, mesurada per mitj\u00e0 de l\u2019anem\u00f2metre.<\/p><p>Escala de Beaufort:<\/p><table border=\"1\" width=\"100%\" cellspacing=\"1\" cellpadding=\"1\"><tbody><tr class=\"sectiontableheader\"><td>F<\/td><td>DEFINICI\u00d3<\/td><td>NUSSOS<\/td><td>KM\/H<\/td><td>OBSERVACIONS AL MAR (M) I A LA TERRA (T)<\/td><\/tr><tr><td>0<\/td><td>CALMA<\/td><td>&lt; 1<\/td><td>&lt; 1<\/td><td>M: La mar est\u00e0 com un mirall. <br \/>T: El fum puja verticalment.<\/td><\/tr><tr><td>1<\/td><td>VENTOLINA<\/td><td>1-3<\/td><td>1-5<\/td><td>M: Mar arrissada sense escuma. <br \/>T: La direcci\u00f3 del vent es defineix per la del fum, per\u00f2 no per les penelles o banderes.<\/td><\/tr><tr><td>2<\/td><td>FLUIXET (Brisa molt d\u00e8bil)<\/td><td>4-6<\/td><td>6-11<\/td><td>M: Ones petites que no arriven a trencar. <br \/>T: El vent es nota a la cara. Es mouen les fulles dels arbres. Penelles y banderes.<\/td><\/tr><tr><td>3<\/td><td>FLUIX (Brisa d\u00e8bil)<\/td><td>7-10<\/td><td>12-19<\/td><td>M: Ones una mica majors amb crestes, les quals comen\u00e7en a trencar. Borreguets dispersos. <br \/>T: Les fulles dels arbres s&#8217;agiten constantment. Es despleguen les banderes.<\/td><\/tr><tr><td>4<\/td><td>MODERAT (Brisa moderada)<\/td><td>11-16<\/td><td>20-28<\/td><td>M: Les ones es fan m\u00e9s llargues. Borreguets numerosos. <br \/>T: El vent aixeca els arbres petits. En els estanys es formen ones petites.<\/td><\/tr><tr><td>5<\/td><td>FRESQUET (Brisa fresca)<\/td><td>17-21<\/td><td>29-38<\/td><td>M: Ones moderades allargades. Gran abund\u00e0ncia de borreguets, eventualment algunes roines. <br \/>T: Es mouen els arbres petits. En els estanys es formen ones petites.<\/td><\/tr><tr><td>6<\/td><td>FRESC (Brisa forta)<\/td><td>22-27<\/td><td>39-49<\/td><td>M: Es comen\u00e7en a formar ones grans. Les crestes d&#8217;escuma blanca s&#8217;estenen per totes parts. Augmenten les roines. <br \/>T: Es mouen les branques grans dels arbres. Xiulen els fils del tel\u00e8graf. S&#8217;utilitza amb dificultat el paraigua.<\/td><\/tr><tr><td>7<\/td><td>FORT (Vent fort)<\/td><td>28-33<\/td><td>50-61<\/td><td>M: La mar comen\u00e7a a engrossir-se. L&#8217;escuma de les crestes comen\u00e7a a ser arrossegada pel vent, formant nuvolets. <br \/>T: Tot els arbres es mouen. Es dificil caminar contra el vent.<\/td><\/tr><tr><td>8<\/td><td>TEMPORAL (Dur)<\/td><td>34-40<\/td><td>62-74<\/td><td>M: Ones d&#8217;al\u00e7ada mitja i m\u00e9s allargades. De les crestes es desprenen algunes roines en forma de remolins. L&#8217;escuma es arrossegada en n\u00favols blancs. <br \/>T: Es trenquen les branques primes dels arbres. Generalment no es pot caminar contra el vent.<\/td><\/tr><tr><td>9<\/td><td>TEMPORAL FORT (Molt dur)<\/td><td>41-47<\/td><td>75-88<\/td><td>M: Ones grasses: l&#8217;escuma es arrossegada en capes espesses. Les crestes de les ones comen\u00e7en a trencar. La roina dificulta la visibilitat. <br \/>T: Ocorren desperfectes en les parts sortints dels edificis, caient ximeneies i aixecant teulades.<\/td><\/tr><tr><td>10<\/td><td>TEMPORAL MOLT FORT (Temporal)<\/td><td>48-55<\/td><td>89-102<\/td><td>M: Ones molt grasses amb crestes emplomallades. L&#8217;escuma s&#8217;aglomera en grans bancs, sent arrossegada pel vent en forma d&#8217;espesses esteles blanques. En el seu conjunt la superf\u00edcie del mar sembla blanca. La visibilitat es redueix. <br \/>T: S&#8217;observa poca vegada. Arrenca arbres i ocasiona danys de consideraci\u00f3 en els edificis.<\/td><\/tr><tr><td>11<\/td><td>TEMPORAL VIOLENT (Borrasca)<\/td><td>56-63<\/td><td>103-117<\/td><td>M: Ones excepcionalment grans (els vaixells de petit i mitj\u00e0 tonatge poden perdre&#8217;s de vista). La mar est\u00e0 completament coberta de bancs d&#8217;escuma blanca estesa en la direcci\u00f3 del vent. Es redueix encara m\u00e9s la visibilitat. <br \/>T: Observada molt poques vegades. Ocasiona destrosses a totes parts.<\/td><\/tr><tr><td>12<\/td><td>HURAC\u00c0<\/td><td>64-71<\/td><td>118-133<\/td><td>M: L&#8217;aire est\u00e0 ple d&#8217;escuma i roina. La mar est\u00e0 completament blanca degut als bancs d&#8217;escuma. La visibilitat es molt redu\u00efda. <br \/>T: SENSE COMENTARIS.<\/td><\/tr><\/tbody><\/table><p>Cal tenir en compte que existeix el &#8216;Vent real&#8217;, el que podriem mesurar estant quiets a un lloc on no hi hagin n\u00favols, i el &#8216;Vent aparent&#8217;, que seria el que notariem al navegar. Si naveguem a contravent, ens semblar\u00e0 que fa m\u00e9s vent mentre que si ho fem al mateix sentit la sensaci\u00f3 disminuir\u00e0.<\/p><p>La <strong>Rosa dels vents<\/strong> \u00e9s un cercle que t\u00e9 marcats els 32 rumbs en qu\u00e8 convencionalment es divideix la volta de l&#8217;horitz\u00f3.<\/p><p>Altres termes:<br \/>Rolar: Es diu quan la direcci\u00f3 del vent est\u00e0 canviant.<br \/>Ratxa: Es un augment o disminuci\u00f3 transit\u00f2ria de la velocitat del vent.<br \/>Arreciar: Es diu quan augmenta la velocitat del vent.<br \/>Amainar: Es diu quan disminueix la velocitat del vent.<\/p>\t\t\t\t\t\t\t\t<\/div>\n\t\t\t\t<\/div>\n\t\t\t\t\t<\/div>\n\t\t\t\t<\/div>\n\t\t\t\t<\/div>\n\t\t","protected":false},"excerpt":{"rendered":"<p>El vent Durant molt de temps ha estat utilitzada una escala num\u00e8rica per a determinar la for\u00e7a del vent, coneguda com a escala dels vents de Beaufort (en honor de [&hellip;]<\/p>\n","protected":false},"author":1,"featured_media":0,"parent":0,"menu_order":59,"comment_status":"open","ping_status":"open","template":"","meta":{"footnotes":""},"class_list":["post-21","page","type-page","status-publish","hentry"],"_links":{"self":[{"href":"https:\/\/paticatalacalafell.cat\/es\/wp-json\/wp\/v2\/pages\/21","targetHints":{"allow":["GET"]}}],"collection":[{"href":"https:\/\/paticatalacalafell.cat\/es\/wp-json\/wp\/v2\/pages"}],"about":[{"href":"https:\/\/paticatalacalafell.cat\/es\/wp-json\/wp\/v2\/types\/page"}],"author":[{"embeddable":true,"href":"https:\/\/paticatalacalafell.cat\/es\/wp-json\/wp\/v2\/users\/1"}],"replies":[{"embeddable":true,"href":"https:\/\/paticatalacalafell.cat\/es\/wp-json\/wp\/v2\/comments?post=21"}],"version-history":[{"count":5,"href":"https:\/\/paticatalacalafell.cat\/es\/wp-json\/wp\/v2\/pages\/21\/revisions"}],"predecessor-version":[{"id":1700,"href":"https:\/\/paticatalacalafell.cat\/es\/wp-json\/wp\/v2\/pages\/21\/revisions\/1700"}],"wp:attachment":[{"href":"https:\/\/paticatalacalafell.cat\/es\/wp-json\/wp\/v2\/media?parent=21"}],"curies":[{"name":"wp","href":"https:\/\/api.w.org\/{rel}","templated":true}]}}