{"id":262,"date":"2012-11-28T08:40:50","date_gmt":"2012-11-28T08:40:50","guid":{"rendered":"https:\/\/mediumpurple-heron-149339.hostingersite.com\/restauracio-de-la-carlos-barral\/"},"modified":"2024-05-09T13:30:34","modified_gmt":"2024-05-09T12:30:34","slug":"restauracio-de-la-carlos-barral","status":"publish","type":"page","link":"https:\/\/paticatalacalafell.cat\/es\/restauracio-de-la-carlos-barral\/","title":{"rendered":"Restauraci\u00f3n de la &quot;Carlos Barral&quot;"},"content":{"rendered":"\t\t<div data-elementor-type=\"wp-page\" data-elementor-id=\"262\" class=\"elementor elementor-262\" data-elementor-post-type=\"page\">\n\t\t\t\t<div class=\"elementor-element elementor-element-aee807c e-flex e-con-boxed e-con e-parent\" data-id=\"aee807c\" data-element_type=\"container\" data-e-type=\"container\" data-settings=\"{&quot;background_background&quot;:&quot;classic&quot;,&quot;background_motion_fx_motion_fx_scrolling&quot;:&quot;yes&quot;,&quot;background_motion_fx_translateY_effect&quot;:&quot;yes&quot;,&quot;background_motion_fx_translateY_speed&quot;:{&quot;unit&quot;:&quot;px&quot;,&quot;size&quot;:1,&quot;sizes&quot;:[]},&quot;background_motion_fx_translateY_affectedRange&quot;:{&quot;unit&quot;:&quot;%&quot;,&quot;size&quot;:&quot;&quot;,&quot;sizes&quot;:{&quot;start&quot;:0,&quot;end&quot;:100}},&quot;background_motion_fx_devices&quot;:[&quot;desktop&quot;,&quot;tablet&quot;,&quot;mobile&quot;]}\">\n\t\t\t\t\t<div class=\"e-con-inner\">\n\t\t\t\t<div class=\"elementor-element elementor-element-5a8cb72 elementor-invisible elementor-widget elementor-widget-heading\" data-id=\"5a8cb72\" data-element_type=\"widget\" data-e-type=\"widget\" data-settings=\"{&quot;_animation&quot;:&quot;fadeInUp&quot;}\" data-widget_type=\"heading.default\">\n\t\t\t\t<div class=\"elementor-widget-container\">\n\t\t\t\t\t<h1 class=\"elementor-heading-title elementor-size-default\">Restauraci\u00f3 de la<br>\"Carlos Barral\"<\/h1>\t\t\t\t<\/div>\n\t\t\t\t<\/div>\n\t\t\t\t\t<\/div>\n\t\t\t\t<\/div>\n\t\t<div class=\"elementor-element elementor-element-c7a322a e-flex e-con-boxed e-con e-parent\" data-id=\"c7a322a\" data-element_type=\"container\" data-e-type=\"container\" data-settings=\"{&quot;background_background&quot;:&quot;classic&quot;}\">\n\t\t\t\t\t<div class=\"e-con-inner\">\n\t\t\t\t<div class=\"elementor-element elementor-element-90f9b0e elementor-widget elementor-widget-text-editor\" data-id=\"90f9b0e\" data-element_type=\"widget\" data-e-type=\"widget\" data-widget_type=\"text-editor.default\">\n\t\t\t\t<div class=\"elementor-widget-container\">\n\t\t\t\t\t\t\t\t\t<p><\/p>\n<p style=\"text-align: left;\">Des del 2011 a les drassanes de l&#8217;Associaci\u00f3 estem restaurant la &#8220;Carlos Barral&#8221;, la barca que ha de ser la germana del Capit\u00e1n Arg\u00fcello, amb la intenci\u00f3 de resentar-la durant la Fira del Mar 2013.<\/p>\n<p style=\"text-align: left;\">Carlos Barral i Agesta va n\u00e8ixer el 1928 a Barcelona i va morir tamb\u00e9 a Barcelona el 12 de diciembre de 1989. Poeta, memorialista, editor i senador espanyol, va ser una figura polifac\u00e8tica arrelada des de la seva inf\u00e0ncia a Calafell. La gran afici\u00f3 pel mar del seu pare va portar a la fam\u00edlia a fixar la seva resid\u00e8ncia d&#8217;estiueig i caps de setmana a Calafell, on els germans Barral organitzaven sovint excursions n\u00e0utiques amb el seu vaixell, el \u201cCapit\u00e1n Arg\u00fcello\u201d, anomenat aix\u00ed perqu\u00e8 aquest era el pseud\u00f2nim del pare de Carlos Barral.<\/p>\n<p style=\"text-align: left;\">Aquesta embarcaci\u00f3 fou constru\u00efda el 1935 a Santa Coloma de Gramanet, a partir d&#8217;uns pl\u00e0nols d&#8217;una embarcaci\u00f3 noruega. T\u00e9 una eslora de 6,33 metres . Actualment es troba exposat al Museu del Port Mar\u00edtim de Tarragona.<\/p>\n<p style=\"text-align: left;\">Des de l&#8217;Associaci\u00f3 fa temps ens v\u00e0rem fixar l&#8217;objectiu de retornar a Calafell aquesta emblem\u00e0tica embarcaci\u00f3, per\u00f2\u00a0 ja que l&#8217;original es trobava a Tarragona v\u00e0rem contemplar dues possibilitats: constru\u00efr-ne una r\u00e8plica o b\u00e9 localitzar una embarcaci\u00f3 de caracter\u00edstiques similars i restaurar-la de la manera m\u00e9s similar possible, imitant l&#8217;original. V\u00e0rem optar per la segona opci\u00f3.<\/p>\n<p style=\"text-align: left;\">La v\u00e0rem localitzar a Barcelona, al Port Ol\u00edmpic el setembre del 2011. El seu nom era el de Montserrat i va ser constru\u00efda el 1963 pel calafat Gallart, amb una eslora de 6,09 metres i una m\u00e0nega de 2,21 metres. La matr\u00edcula era 7 138\/1997. El motor que duia era l&#8217;original, un Sol\u00e9 del 1964.<\/p>\n<p style=\"text-align: left;\">El seu propietari, el senyor Francesc Forcar, despr\u00e9s de con\u00e8ixer el projecte de l&#8217;Associaci\u00f3, de recuperaci\u00f3 del patrimoni mar\u00edtim, i visitar les\u00a0 drassanes de la Destil\u00b7leria, va decidir cedir-nos-la\u00a0 per qu\u00e8 pogu\u00e9s navegar per la nostra costa. El dia 10 d&#8217;octubre un grup de membres de l&#8217;Associaci\u00f3 v\u00e0ren anar al Port Ol\u00edmpic de Barcelona per dur la barca a Calafell.<\/p>\n<p style=\"text-align: left;\">El dilluns 31 d&#8217;octubre Yvonne Hortet i la seva filla Yvonne Barral van visitar la nostra seu i la Montserrat, germana del Capit\u00e1n Arg\u00fcello. All\u00e0 es va parlar de que no hi podria haver mai un altre Capit\u00e1n Arg\u00fcello, perqu\u00e8 mai seria el mateix. Es va acordar, doncs, que la nova barca reb\u00e9s el nom de &#8220;Carlos Barral&#8221; i que els colors i la decoraci\u00f3 de l&#8217;embarcaci\u00f3 focin els originals de la seva &#8220;germana&#8221;. Portar\u00e0 un parell d&#8217;ulls a la proa, com era habitual al Mediterrani, i es pintar\u00e0, idealment amb pintura al oli, de taronja, negre i blanc, que s\u00f3n els colors mediterranis de les illes gregues que tant estimava Barral.<\/p>\n<p style=\"text-align: left;\">Des de llavors s&#8217;han estat fent treballs de restauraci\u00f3 de la &#8220;Carlos Barral&#8221; i est\u00e0 previst el seu bateig durant la Fira del Mar 2013.<\/p>\n<p><\/p>\t\t\t\t\t\t\t\t<\/div>\n\t\t\t\t<\/div>\n\t\t\t\t<div class=\"elementor-element elementor-element-29e8b0f elementor-widget elementor-widget-gallery\" data-id=\"29e8b0f\" data-element_type=\"widget\" data-e-type=\"widget\" data-settings=\"{&quot;aspect_ratio&quot;:&quot;1:1&quot;,&quot;columns&quot;:5,&quot;lazyload&quot;:&quot;yes&quot;,&quot;gallery_layout&quot;:&quot;grid&quot;,&quot;columns_tablet&quot;:2,&quot;columns_mobile&quot;:1,&quot;gap&quot;:{&quot;unit&quot;:&quot;px&quot;,&quot;size&quot;:10,&quot;sizes&quot;:[]},&quot;gap_tablet&quot;:{&quot;unit&quot;:&quot;px&quot;,&quot;size&quot;:10,&quot;sizes&quot;:[]},&quot;gap_mobile&quot;:{&quot;unit&quot;:&quot;px&quot;,&quot;size&quot;:10,&quot;sizes&quot;:[]},&quot;link_to&quot;:&quot;file&quot;,&quot;overlay_background&quot;:&quot;yes&quot;,&quot;content_hover_animation&quot;:&quot;fade-in&quot;}\" data-widget_type=\"gallery.default\">\n\t\t\t\t<div class=\"elementor-widget-container\">\n\t\t\t\t\t\t\t<div class=\"elementor-gallery__container\">\n\t\t\t\t\t\t\t<a class=\"e-gallery-item elementor-gallery-item elementor-animated-content\" href=\"https:\/\/paticatalacalafell.cat\/wp-content\/uploads\/2024\/03\/CapitanArguello_foto1_r.jpg\" data-elementor-open-lightbox=\"yes\" data-elementor-lightbox-slideshow=\"29e8b0f\" data-e-action-hash=\"#elementor-action%3Aaction%3Dlightbox%26settings%3DeyJpZCI6MTM1NSwidXJsIjoiaHR0cHM6XC9cL3BhdGljYXRhbGFjYWxhZmVsbC5jYXRcL3dwLWNvbnRlbnRcL3VwbG9hZHNcLzIwMjRcLzAzXC9DYXBpdGFuQXJndWVsbG9fZm90bzFfci5qcGciLCJzbGlkZXNob3ciOiIyOWU4YjBmIn0%3D\">\n\t\t\t\t\t<div class=\"e-gallery-image elementor-gallery-item__image\" data-thumbnail=\"https:\/\/paticatalacalafell.cat\/wp-content\/uploads\/2024\/03\/CapitanArguello_foto1_r.jpg\" data-width=\"250\" data-height=\"162\" aria-label=\"\" role=\"img\" ><\/div>\n\t\t\t\t\t\t\t\t\t\t\t<div class=\"elementor-gallery-item__overlay\"><\/div>\n\t\t\t\t\t\t\t\t\t\t\t\t\t\t<\/a>\n\t\t\t\t\t\t\t<a class=\"e-gallery-item elementor-gallery-item elementor-animated-content\" href=\"https:\/\/paticatalacalafell.cat\/wp-content\/uploads\/2024\/03\/CapitanArguello_fotoBN_r.jpg\" data-elementor-open-lightbox=\"yes\" data-elementor-lightbox-slideshow=\"29e8b0f\" data-e-action-hash=\"#elementor-action%3Aaction%3Dlightbox%26settings%3DeyJpZCI6MTM1NywidXJsIjoiaHR0cHM6XC9cL3BhdGljYXRhbGFjYWxhZmVsbC5jYXRcL3dwLWNvbnRlbnRcL3VwbG9hZHNcLzIwMjRcLzAzXC9DYXBpdGFuQXJndWVsbG9fZm90b0JOX3IuanBnIiwic2xpZGVzaG93IjoiMjllOGIwZiJ9\">\n\t\t\t\t\t<div class=\"e-gallery-image elementor-gallery-item__image\" data-thumbnail=\"https:\/\/paticatalacalafell.cat\/wp-content\/uploads\/2024\/03\/CapitanArguello_fotoBN_r.jpg\" data-width=\"250\" data-height=\"172\" aria-label=\"\" role=\"img\" ><\/div>\n\t\t\t\t\t\t\t\t\t\t\t<div class=\"elementor-gallery-item__overlay\"><\/div>\n\t\t\t\t\t\t\t\t\t\t\t\t\t\t<\/a>\n\t\t\t\t\t\t\t<a class=\"e-gallery-item elementor-gallery-item elementor-animated-content\" href=\"https:\/\/paticatalacalafell.cat\/wp-content\/uploads\/2024\/03\/CapitanArguello_museu_r.jpg\" data-elementor-open-lightbox=\"yes\" data-elementor-lightbox-slideshow=\"29e8b0f\" data-e-action-hash=\"#elementor-action%3Aaction%3Dlightbox%26settings%3DeyJpZCI6MTM1OCwidXJsIjoiaHR0cHM6XC9cL3BhdGljYXRhbGFjYWxhZmVsbC5jYXRcL3dwLWNvbnRlbnRcL3VwbG9hZHNcLzIwMjRcLzAzXC9DYXBpdGFuQXJndWVsbG9fbXVzZXVfci5qcGciLCJzbGlkZXNob3ciOiIyOWU4YjBmIn0%3D\">\n\t\t\t\t\t<div class=\"e-gallery-image elementor-gallery-item__image\" data-thumbnail=\"https:\/\/paticatalacalafell.cat\/wp-content\/uploads\/2024\/03\/CapitanArguello_museu_r.jpg\" data-width=\"250\" data-height=\"188\" aria-label=\"\" role=\"img\" ><\/div>\n\t\t\t\t\t\t\t\t\t\t\t<div class=\"elementor-gallery-item__overlay\"><\/div>\n\t\t\t\t\t\t\t\t\t\t\t\t\t\t<\/a>\n\t\t\t\t\t\t\t<a class=\"e-gallery-item elementor-gallery-item elementor-animated-content\" href=\"https:\/\/paticatalacalafell.cat\/wp-content\/uploads\/2024\/03\/CapitanArguello_seu_r.jpg\" data-elementor-open-lightbox=\"yes\" data-elementor-lightbox-slideshow=\"29e8b0f\" data-e-action-hash=\"#elementor-action%3Aaction%3Dlightbox%26settings%3DeyJpZCI6MTM1OSwidXJsIjoiaHR0cHM6XC9cL3BhdGljYXRhbGFjYWxhZmVsbC5jYXRcL3dwLWNvbnRlbnRcL3VwbG9hZHNcLzIwMjRcLzAzXC9DYXBpdGFuQXJndWVsbG9fc2V1X3IuanBnIiwic2xpZGVzaG93IjoiMjllOGIwZiJ9\">\n\t\t\t\t\t<div class=\"e-gallery-image elementor-gallery-item__image\" data-thumbnail=\"https:\/\/paticatalacalafell.cat\/wp-content\/uploads\/2024\/03\/CapitanArguello_seu_r.jpg\" data-width=\"250\" data-height=\"167\" aria-label=\"\" role=\"img\" ><\/div>\n\t\t\t\t\t\t\t\t\t\t\t<div class=\"elementor-gallery-item__overlay\"><\/div>\n\t\t\t\t\t\t\t\t\t\t\t\t\t\t<\/a>\n\t\t\t\t\t\t\t<a class=\"e-gallery-item elementor-gallery-item elementor-animated-content\" href=\"https:\/\/paticatalacalafell.cat\/wp-content\/uploads\/2024\/03\/CapitanArguello_seu2_r.jpg\" data-elementor-open-lightbox=\"yes\" data-elementor-lightbox-slideshow=\"29e8b0f\" data-e-action-hash=\"#elementor-action%3Aaction%3Dlightbox%26settings%3DeyJpZCI6MTM2MCwidXJsIjoiaHR0cHM6XC9cL3BhdGljYXRhbGFjYWxhZmVsbC5jYXRcL3dwLWNvbnRlbnRcL3VwbG9hZHNcLzIwMjRcLzAzXC9DYXBpdGFuQXJndWVsbG9fc2V1Ml9yLmpwZyIsInNsaWRlc2hvdyI6IjI5ZThiMGYifQ%3D%3D\">\n\t\t\t\t\t<div class=\"e-gallery-image elementor-gallery-item__image\" data-thumbnail=\"https:\/\/paticatalacalafell.cat\/wp-content\/uploads\/2024\/03\/CapitanArguello_seu2_r.jpg\" data-width=\"250\" data-height=\"170\" aria-label=\"\" role=\"img\" ><\/div>\n\t\t\t\t\t\t\t\t\t\t\t<div class=\"elementor-gallery-item__overlay\"><\/div>\n\t\t\t\t\t\t\t\t\t\t\t\t\t\t<\/a>\n\t\t\t\t\t<\/div>\n\t\t\t\t\t<\/div>\n\t\t\t\t<\/div>\n\t\t\t\t<div class=\"elementor-element elementor-element-bd91d23 elementor-widget elementor-widget-html\" data-id=\"bd91d23\" data-element_type=\"widget\" data-e-type=\"widget\" data-widget_type=\"html.default\">\n\t\t\t\t<div class=\"elementor-widget-container\">\n\t\t\t\t\t<a data-flickr-embed=\"true\" href=\"https:\/\/www.flickr.com\/photos\/paticatalacalafell\/albums\/72157632113607019\" title=\"El &quot;Capit\u00e0 Arg\u00fcello&quot; i la &quot;Carlos Barral&quot;\" target=\"_blank\" rel=\"noopener\"><img fetchpriority=\"high\" decoding=\"async\" src=\"https:\/\/live.staticflickr.com\/8348\/8225122972_4a2644bb5a_z.jpg\" width=\"640\" height=\"480\" alt=\"El &quot;Capit\u00e0 Arg\u00fcello&quot; i la &quot;Carlos Barral&quot;\" title=\"\"><\/a><script async src=\"\/\/embedr.flickr.com\/assets\/client-code.js\" charset=\"utf-8\"><\/script>\t\t\t\t<\/div>\n\t\t\t\t<\/div>\n\t\t\t\t<div class=\"elementor-element elementor-element-2551812 elementor-widget elementor-widget-text-editor\" data-id=\"2551812\" data-element_type=\"widget\" data-e-type=\"widget\" data-widget_type=\"text-editor.default\">\n\t\t\t\t<div class=\"elementor-widget-container\">\n\t\t\t\t\t\t\t\t\t<p><\/p>\n<p><span style=\"color: var( --e-global-color-text ); font-family: var( --e-global-typography-text-font-family ), Sans-serif; font-size: var( --e-global-typography-text-font-size ); font-style: var( --e-global-typography-text-font-style ); font-weight: var( --e-global-typography-text-font-weight ); letter-spacing: var( --e-global-typography-text-letter-spacing ); text-transform: var( --e-global-typography-text-text-transform ); word-spacing: var( --e-global-typography-text-word-spacing ); background-color: var( --e-global-color-e0f9d43 );\">Podeu veure totes les fotos al nostre <\/span><a title=\"Anar a Flickr\" href=\"http:\/\/www.flickr.com\/photos\/64853859@N03\/sets\/72157632113607019\/\" target=\"_blank\" rel=\"noopener\" style=\"font-family: var( --e-global-typography-text-font-family ), Sans-serif; font-size: var( --e-global-typography-text-font-size ); font-style: var( --e-global-typography-text-font-style ); font-weight: var( --e-global-typography-text-font-weight ); letter-spacing: var( --e-global-typography-text-letter-spacing ); text-transform: var( --e-global-typography-text-text-transform ); word-spacing: var( --e-global-typography-text-word-spacing );\">canal de Flickr<\/a><br><\/p>\n<p><\/p>\t\t\t\t\t\t\t\t<\/div>\n\t\t\t\t<\/div>\n\t\t\t\t\t<\/div>\n\t\t\t\t<\/div>\n\t\t<div class=\"elementor-element elementor-element-77599cb e-flex e-con-boxed e-con e-parent\" data-id=\"77599cb\" data-element_type=\"container\" data-e-type=\"container\">\n\t\t\t\t\t<div class=\"e-con-inner\">\n\t\t\t\t\t<\/div>\n\t\t\t\t<\/div>\n\t\t\t\t<\/div>\n\t\t","protected":false},"excerpt":{"rendered":"<p>Desde 2011 estamos restaurando la &quot;Carlos Barral&quot;, la barca que debe ser la hermana del Capit\u00e1n Arg\u00fcello. Y queremos presentarla por la Feria del Mar 2013.<\/p>\n<p><img decoding=\"async\" src=\"\/images\/stories\/CapitanArguello_fotoBN_r.jpg\" alt=\"Capitan Arguello\" style=\"border: 0px none; display: block; margin-left: auto; margin-right: auto;\" border=\"0\" \/><\/p>","protected":false},"author":1,"featured_media":0,"parent":0,"menu_order":30,"comment_status":"open","ping_status":"open","template":"","meta":{"footnotes":""},"class_list":["post-262","page","type-page","status-publish","hentry"],"_links":{"self":[{"href":"https:\/\/paticatalacalafell.cat\/es\/wp-json\/wp\/v2\/pages\/262","targetHints":{"allow":["GET"]}}],"collection":[{"href":"https:\/\/paticatalacalafell.cat\/es\/wp-json\/wp\/v2\/pages"}],"about":[{"href":"https:\/\/paticatalacalafell.cat\/es\/wp-json\/wp\/v2\/types\/page"}],"author":[{"embeddable":true,"href":"https:\/\/paticatalacalafell.cat\/es\/wp-json\/wp\/v2\/users\/1"}],"replies":[{"embeddable":true,"href":"https:\/\/paticatalacalafell.cat\/es\/wp-json\/wp\/v2\/comments?post=262"}],"version-history":[{"count":5,"href":"https:\/\/paticatalacalafell.cat\/es\/wp-json\/wp\/v2\/pages\/262\/revisions"}],"predecessor-version":[{"id":2375,"href":"https:\/\/paticatalacalafell.cat\/es\/wp-json\/wp\/v2\/pages\/262\/revisions\/2375"}],"wp:attachment":[{"href":"https:\/\/paticatalacalafell.cat\/es\/wp-json\/wp\/v2\/media?parent=262"}],"curies":[{"name":"wp","href":"https:\/\/api.w.org\/{rel}","templated":true}]}}