{"id":2660,"date":"2024-10-01T07:16:43","date_gmt":"2024-10-01T06:16:43","guid":{"rendered":"https:\/\/mediumpurple-heron-149339.hostingersite.com\/?page_id=2660"},"modified":"2024-10-01T07:20:21","modified_gmt":"2024-10-01T06:20:21","slug":"declaracio-daccessibilitat","status":"publish","type":"page","link":"https:\/\/paticatalacalafell.cat\/es\/declaracio-daccessibilitat\/","title":{"rendered":"Declaraci\u00f3n de accesibilidad"},"content":{"rendered":"\t\t<div data-elementor-type=\"wp-page\" data-elementor-id=\"2660\" class=\"elementor elementor-2660\" data-elementor-post-type=\"page\">\n\t\t\t\t<div class=\"elementor-element elementor-element-92c6431 e-flex e-con-boxed e-con e-parent\" data-id=\"92c6431\" data-element_type=\"container\" data-e-type=\"container\" data-settings=\"{&quot;background_background&quot;:&quot;classic&quot;,&quot;background_motion_fx_motion_fx_scrolling&quot;:&quot;yes&quot;,&quot;background_motion_fx_translateY_effect&quot;:&quot;yes&quot;,&quot;background_motion_fx_translateY_speed&quot;:{&quot;unit&quot;:&quot;px&quot;,&quot;size&quot;:1,&quot;sizes&quot;:[]},&quot;background_motion_fx_translateY_affectedRange&quot;:{&quot;unit&quot;:&quot;%&quot;,&quot;size&quot;:&quot;&quot;,&quot;sizes&quot;:{&quot;start&quot;:0,&quot;end&quot;:100}},&quot;background_motion_fx_devices&quot;:[&quot;desktop&quot;,&quot;tablet&quot;,&quot;mobile&quot;]}\">\n\t\t\t\t\t<div class=\"e-con-inner\">\n\t\t\t\t\t<\/div>\n\t\t\t\t<\/div>\n\t\t<div class=\"elementor-element elementor-element-c2b0b4a e-flex e-con-boxed e-con e-parent\" data-id=\"c2b0b4a\" data-element_type=\"container\" data-e-type=\"container\">\n\t\t\t\t\t<div class=\"e-con-inner\">\n\t\t\t\t<div class=\"elementor-element elementor-element-516edf2 elementor-widget elementor-widget-text-editor\" data-id=\"516edf2\" data-element_type=\"widget\" data-e-type=\"widget\" data-widget_type=\"text-editor.default\">\n\t\t\t\t<div class=\"elementor-widget-container\">\n\t\t\t\t\t\t\t\t\t<p data-pm-slice=\"1 3 []\">Estem compromesos a fer accessible el nostre lloc web de conformitat amb el Reial decret 1112\/2018, de 7 de setembre, sobre l\u2019accessibilitat dels llocs web i aplicacions per a dispositius m\u00f2bils del sector p\u00fablic (en endavant, Reial decret 1112\/2018, de 7 de setembre).<\/p><p><strong>Situaci\u00f3 de compliment<\/strong><\/p><p>Aquest lloc web \u00e9s parcialment conforme amb el Reial decret 1112\/2018, de 7 de setembre, a causa de la manca de conformitat dels aspectes que s\u2019indiquen a continuaci\u00f3.<\/p><p><strong>Contingut no accessible<\/strong><\/p><p>El contingut que es recull a continuaci\u00f3 no \u00e9s accessible per les raons seg\u00fcents:<\/p><ul><li><p>C\u00e0rrega desproporcionada: no s&#8217;aplica.<\/p><\/li><\/ul><p><strong>Preparaci\u00f3 de la present declaraci\u00f3 d\u2019accessibilitat<\/strong><\/p><p>La present declaraci\u00f3 va ser preparada el 1 d&#8217;octubre de 2024. El m\u00e8tode emprat per preparar la declaraci\u00f3 ha estat una autoavaluaci\u00f3 realitzada pel propi organisme.<\/p><p><strong>Observacions i dades de contacte<\/strong><\/p><p>Pot realitzar comunicacions sobre els requisits d\u2019accessibilitat (article 10.2.a) del Reial decret 1112\/2018, de 7 de setembre), com ara:<\/p><ul><li><p>Informar sobre qualsevol possible incompliment per part d\u2019aquest lloc web.<\/p><\/li><li><p>Transmetre altres dificultats d\u2019acc\u00e9s al contingut.<\/p><\/li><li><p>Formular qualsevol altra consulta o suggeriment de millora relativa a l\u2019accessibilitat del lloc web.<\/p><\/li><\/ul><p>A trav\u00e9s de les seg\u00fcents vies:<\/p><ul><li><p>Correu electr\u00f2nic: <a href=\"mailto:associacio@paticatalacalafell.cat\"><span class=\"elementor-icon-list-text\">associacio@paticatalacalafell.cat<\/span><\/a><\/p><\/li><li><p>Tel\u00e8fon: 619380077<\/p><\/li><\/ul><p>Les comunicacions seran rebudes i tractades per la direcci\u00f3 de l\u2019empresa, com a unitat responsable dels continguts d\u2019aquest lloc web.<\/p><p><strong>Contingut opcional<\/strong><\/p><p>La versi\u00f3 actualment visible d\u2019aquest lloc web \u00e9s d\u2019octubre de 2024 i en aquesta data es va fer la revisi\u00f3 del nivell d\u2019accessibilitat vigent en aquell moment. A partir d\u2019aquesta data, es duen a terme revisions parcials di\u00e0ries del contingut web nou o modificat, tant de les plantilles com de les p\u00e0gines i documents finals publicats, per tal d\u2019assegurar el compliment dels requisits d\u2019accessibilitat de la Norma UNE-EN 301549:2019, considerant les excepcions del Reial decret 1112\/2018, de 7 de setembre.<\/p><p>Entre altres, s\u2019adopten les seg\u00fcents mesures per facilitar l\u2019accessibilitat:<\/p><ul><li><p>Utilitzaci\u00f3 de text alternatiu a les imatges.<\/p><\/li><li><p>Els enlla\u00e7os ofereixen detalls de la funci\u00f3 o dest\u00ed de l\u2019hipervincle.<\/p><\/li><li><p>\u00das dels est\u00e0ndards del W3C: XHTML 1.0, CSS 3.0, WAI AA.<\/p><\/li><\/ul>\t\t\t\t\t\t\t\t<\/div>\n\t\t\t\t<\/div>\n\t\t\t\t\t<\/div>\n\t\t\t\t<\/div>\n\t\t\t\t<\/div>\n\t\t","protected":false},"excerpt":{"rendered":"<p>Estem compromesos a fer accessible el nostre lloc web de conformitat amb el Reial decret 1112\/2018, de 7 de setembre, sobre l\u2019accessibilitat dels llocs web i aplicacions per a dispositius [&hellip;]<\/p>\n","protected":false},"author":1,"featured_media":0,"parent":0,"menu_order":0,"comment_status":"closed","ping_status":"closed","template":"","meta":{"footnotes":""},"class_list":["post-2660","page","type-page","status-publish","hentry"],"_links":{"self":[{"href":"https:\/\/paticatalacalafell.cat\/es\/wp-json\/wp\/v2\/pages\/2660","targetHints":{"allow":["GET"]}}],"collection":[{"href":"https:\/\/paticatalacalafell.cat\/es\/wp-json\/wp\/v2\/pages"}],"about":[{"href":"https:\/\/paticatalacalafell.cat\/es\/wp-json\/wp\/v2\/types\/page"}],"author":[{"embeddable":true,"href":"https:\/\/paticatalacalafell.cat\/es\/wp-json\/wp\/v2\/users\/1"}],"replies":[{"embeddable":true,"href":"https:\/\/paticatalacalafell.cat\/es\/wp-json\/wp\/v2\/comments?post=2660"}],"version-history":[{"count":5,"href":"https:\/\/paticatalacalafell.cat\/es\/wp-json\/wp\/v2\/pages\/2660\/revisions"}],"predecessor-version":[{"id":2675,"href":"https:\/\/paticatalacalafell.cat\/es\/wp-json\/wp\/v2\/pages\/2660\/revisions\/2675"}],"wp:attachment":[{"href":"https:\/\/paticatalacalafell.cat\/es\/wp-json\/wp\/v2\/media?parent=2660"}],"curies":[{"name":"wp","href":"https:\/\/api.w.org\/{rel}","templated":true}]}}