{"id":27,"date":"2010-06-07T07:17:51","date_gmt":"2010-06-07T07:17:51","guid":{"rendered":"https:\/\/mediumpurple-heron-149339.hostingersite.com\/reglament-de-regates\/"},"modified":"2024-03-07T11:00:17","modified_gmt":"2024-03-07T11:00:17","slug":"reglament-de-regates","status":"publish","type":"page","link":"https:\/\/paticatalacalafell.cat\/es\/reglament-de-regates\/","title":{"rendered":"Reglamento de regatas"},"content":{"rendered":"\t\t<div data-elementor-type=\"wp-page\" data-elementor-id=\"27\" class=\"elementor elementor-27\" data-elementor-post-type=\"page\">\n\t\t\t\t<div class=\"elementor-element elementor-element-9ad21a7 e-flex e-con-boxed e-con e-parent\" data-id=\"9ad21a7\" data-element_type=\"container\" data-e-type=\"container\" data-settings=\"{&quot;background_background&quot;:&quot;classic&quot;,&quot;background_motion_fx_motion_fx_scrolling&quot;:&quot;yes&quot;,&quot;background_motion_fx_translateY_effect&quot;:&quot;yes&quot;,&quot;background_motion_fx_translateY_speed&quot;:{&quot;unit&quot;:&quot;px&quot;,&quot;size&quot;:1,&quot;sizes&quot;:[]},&quot;background_motion_fx_translateY_affectedRange&quot;:{&quot;unit&quot;:&quot;%&quot;,&quot;size&quot;:&quot;&quot;,&quot;sizes&quot;:{&quot;start&quot;:0,&quot;end&quot;:100}},&quot;background_motion_fx_devices&quot;:[&quot;desktop&quot;,&quot;tablet&quot;,&quot;mobile&quot;]}\">\n\t\t\t\t\t<div class=\"e-con-inner\">\n\t\t\t\t<div class=\"elementor-element elementor-element-840d7d1 elementor-invisible elementor-widget elementor-widget-heading\" data-id=\"840d7d1\" data-element_type=\"widget\" data-e-type=\"widget\" data-settings=\"{&quot;_animation&quot;:&quot;fadeInUp&quot;}\" data-widget_type=\"heading.default\">\n\t\t\t\t<div class=\"elementor-widget-container\">\n\t\t\t\t\t<h1 class=\"elementor-heading-title elementor-size-default\">Reglament de regates<\/h1>\t\t\t\t<\/div>\n\t\t\t\t<\/div>\n\t\t\t\t\t<\/div>\n\t\t\t\t<\/div>\n\t\t<div class=\"elementor-element elementor-element-4cde84d e-flex e-con-boxed e-con e-parent\" data-id=\"4cde84d\" data-element_type=\"container\" data-e-type=\"container\" data-settings=\"{&quot;background_background&quot;:&quot;classic&quot;}\">\n\t\t\t\t\t<div class=\"e-con-inner\">\n\t\t\t\t<div class=\"elementor-element elementor-element-226b8d0 elementor-widget elementor-widget-text-editor\" data-id=\"226b8d0\" data-element_type=\"widget\" data-e-type=\"widget\" data-widget_type=\"text-editor.default\">\n\t\t\t\t<div class=\"elementor-widget-container\">\n\t\t\t\t\t\t\t\t\t<p>Podeu veure el reglament de regates, publicat per la federaci\u00f3 espanyola, fent clic <a title=\"Reglament de regates de RFEV\" href=\"http:\/\/www.rfev.es\/uploaded_files\/RRV%202017-2020%20web%20ESP[171225].pdf_3222_es.pdf\" target=\"_blank\" rel=\"noopener\">aqu\u00ed<\/a>.<\/p><p>Tamb\u00e9 accedir al reglament espec\u00edfic de pat\u00ed a vela i a molta m\u00e9s informaci\u00f3 a l&#8217;<a title=\"ADIPAV\" href=\"http:\/\/www.adipav.org\/\" target=\"_blank\" rel=\"noopener\">ADIPAV<\/a>.<\/p><p>Per\u00f2 un ensenyem un joc molt ben fet, i tradu\u00eft al castell\u00e0, que ens ensenyar\u00e0 les regles de manera molt m\u00e9s amena\u00a0<a title=\"Joc de les regles\" href=\"http:\/\/game.finckh.net\/indexs.htm\" target=\"_blank\" rel=\"noopener\">aqu\u00ed<\/a>.<\/p><p>Tamb\u00e9 us mostrem un v\u00eddeo del CM Altafulla on s&#8217;explica de manera resumida les normes a aplicar quan dos embarcacions es troben en situaci\u00f3 d&#8217;abordatge.<\/p>\t\t\t\t\t\t\t\t<\/div>\n\t\t\t\t<\/div>\n\t\t\t\t<div class=\"elementor-element elementor-element-61590bc elementor-widget elementor-widget-video\" data-id=\"61590bc\" data-element_type=\"widget\" data-e-type=\"widget\" data-settings=\"{&quot;youtube_url&quot;:&quot;https:\\\/\\\/youtu.be\\\/kXu7XqSNtqw&quot;,&quot;video_type&quot;:&quot;youtube&quot;,&quot;controls&quot;:&quot;yes&quot;}\" data-widget_type=\"video.default\">\n\t\t\t\t<div class=\"elementor-widget-container\">\n\t\t\t\t\t\t\t<div class=\"elementor-wrapper elementor-open-inline\">\n\t\t\t<div class=\"elementor-video\"><\/div>\t\t<\/div>\n\t\t\t\t\t\t<\/div>\n\t\t\t\t<\/div>\n\t\t\t\t<div class=\"elementor-element elementor-element-b04fbe4 elementor-widget elementor-widget-text-editor\" data-id=\"b04fbe4\" data-element_type=\"widget\" data-e-type=\"widget\" data-widget_type=\"text-editor.default\">\n\t\t\t\t<div class=\"elementor-widget-container\">\n\t\t\t\t\t\t\t\t\t<p>Us resumim aquestes regles:<\/p><p><strong>Com saber si estem en rumb de col lisi\u00f3 amb una altra embarcaci\u00f3<\/strong><\/p><p>Simplement observarem si la demora al vaixell que observem, \u00e9s a dir l&#8217;angle que fa la nostra derrota pel que fa a l&#8217;altre vaixell, varia o no. Si aquesta es mant\u00e9 constant, acabar\u00e0 amb una col.lisi\u00f3. Si la demora augmenta, l&#8217;altre vaixell arribar\u00e0 primer al punt d&#8217;intersecci\u00f3 de les dues traject\u00f2ries. \u00c9s a dir li passar\u00e0 per la proa. En cas contrari tampoc hi ha perill i li passar\u00e0 l&#8217;altre vaixell per la seva popa. Les seg\u00fcents imatges li aclariran qualsevol dubte.<\/p>\t\t\t\t\t\t\t\t<\/div>\n\t\t\t\t<\/div>\n\t\t\t\t<div class=\"elementor-element elementor-element-89cd216 elementor-widget elementor-widget-image\" data-id=\"89cd216\" data-element_type=\"widget\" data-e-type=\"widget\" data-widget_type=\"image.default\">\n\t\t\t\t<div class=\"elementor-widget-container\">\n\t\t\t\t\t\t\t\t\t\t\t\t\t\t\t<img fetchpriority=\"high\" decoding=\"async\" width=\"450\" height=\"153\" src=\"https:\/\/paticatalacalafell.cat\/wp-content\/uploads\/2024\/03\/Abordatge_fig1.jpg\" class=\"attachment-full size-full wp-image-1149\" alt=\"\" srcset=\"https:\/\/paticatalacalafell.cat\/wp-content\/uploads\/2024\/03\/Abordatge_fig1.jpg 450w, https:\/\/paticatalacalafell.cat\/wp-content\/uploads\/2024\/03\/Abordatge_fig1-300x102.jpg 300w\" sizes=\"(max-width: 450px) 100vw, 450px\" title=\"\">\t\t\t\t\t\t\t\t\t\t\t\t\t\t\t<\/div>\n\t\t\t\t<\/div>\n\t\t\t\t<div class=\"elementor-element elementor-element-377be86 elementor-widget elementor-widget-text-editor\" data-id=\"377be86\" data-element_type=\"widget\" data-e-type=\"widget\" data-widget_type=\"text-editor.default\">\n\t\t\t\t<div class=\"elementor-widget-container\">\n\t\t\t\t\t\t\t\t\t<p><strong>Prioritats navegant a vela<\/strong><\/p><p>Si dos velers naveguen a rumb de col lisi\u00f3 i reben el vent per bandes contr\u00e0ries, ha de cedir el pas el que rebi el vent per babord. Si els dos reben el vent per la mateixa banda, s&#8217;ha de apartar el que estigui m\u00e9s a sobrevent.<\/p>\t\t\t\t\t\t\t\t<\/div>\n\t\t\t\t<\/div>\n\t\t\t\t<div class=\"elementor-element elementor-element-b7199c0 elementor-widget elementor-widget-image\" data-id=\"b7199c0\" data-element_type=\"widget\" data-e-type=\"widget\" data-widget_type=\"image.default\">\n\t\t\t\t<div class=\"elementor-widget-container\">\n\t\t\t\t\t\t\t\t\t\t\t\t\t\t\t<img decoding=\"async\" width=\"200\" height=\"280\" src=\"https:\/\/paticatalacalafell.cat\/wp-content\/uploads\/2024\/03\/Abordatge_fig2.jpg\" class=\"attachment-full size-full wp-image-1150\" alt=\"\" title=\"\">\t\t\t\t\t\t\t\t\t\t\t\t\t\t\t<\/div>\n\t\t\t\t<\/div>\n\t\t\t\t<div class=\"elementor-element elementor-element-9b76241 elementor-widget elementor-widget-text-editor\" data-id=\"9b76241\" data-element_type=\"widget\" data-e-type=\"widget\" data-widget_type=\"text-editor.default\">\n\t\t\t\t<div class=\"elementor-widget-container\">\n\t\t\t\t\t\t\t\t\t<p><strong>Cru\u00eflla d&#8217;embarcacions<\/strong><\/p><p>El comportament ser\u00e0 molt semblant al que estem acostumats quan portem el cotxe i cedim el pas en arribar a una cru\u00eflla de camins. Si el vaixell contrari ens arriba per estribord, hem de apartar, generalment caient a estribord.<\/p>\t\t\t\t\t\t\t\t<\/div>\n\t\t\t\t<\/div>\n\t\t\t\t<div class=\"elementor-element elementor-element-441753d elementor-widget elementor-widget-image\" data-id=\"441753d\" data-element_type=\"widget\" data-e-type=\"widget\" data-widget_type=\"image.default\">\n\t\t\t\t<div class=\"elementor-widget-container\">\n\t\t\t\t\t\t\t\t\t\t\t\t\t\t\t<img decoding=\"async\" width=\"400\" height=\"272\" src=\"https:\/\/paticatalacalafell.cat\/wp-content\/uploads\/2024\/03\/Abordatge_fig3.jpg\" class=\"attachment-full size-full wp-image-1151\" alt=\"\" srcset=\"https:\/\/paticatalacalafell.cat\/wp-content\/uploads\/2024\/03\/Abordatge_fig3.jpg 400w, https:\/\/paticatalacalafell.cat\/wp-content\/uploads\/2024\/03\/Abordatge_fig3-300x204.jpg 300w\" sizes=\"(max-width: 400px) 100vw, 400px\" title=\"\">\t\t\t\t\t\t\t\t\t\t\t\t\t\t\t<\/div>\n\t\t\t\t<\/div>\n\t\t\t\t<div class=\"elementor-element elementor-element-bab5287 elementor-widget elementor-widget-text-editor\" data-id=\"bab5287\" data-element_type=\"widget\" data-e-type=\"widget\" data-widget_type=\"text-editor.default\">\n\t\t\t\t<div class=\"elementor-widget-container\">\n\t\t\t\t\t\t\t\t\t<p><strong>Prioritats entre diferents categories<\/strong><\/p><p>Un veler tindr\u00e0 prefer\u00e8ncia davant d&#8217;altres tipus d&#8217;embarcacions de propulsi\u00f3 mec\u00e0nica. En qualsevol cas sigui prudent i no pretengui que un petroler canvi\u00ef de rumb si vost\u00e8 es troba en rumb de col.lisi\u00f3 navegant amb un veler de 10 metres d&#8217;eslora!<\/p>\t\t\t\t\t\t\t\t<\/div>\n\t\t\t\t<\/div>\n\t\t\t\t<div class=\"elementor-element elementor-element-98819fe elementor-widget elementor-widget-image\" data-id=\"98819fe\" data-element_type=\"widget\" data-e-type=\"widget\" data-widget_type=\"image.default\">\n\t\t\t\t<div class=\"elementor-widget-container\">\n\t\t\t\t\t\t\t\t\t\t\t\t\t\t\t<img loading=\"lazy\" decoding=\"async\" width=\"400\" height=\"272\" src=\"https:\/\/paticatalacalafell.cat\/wp-content\/uploads\/2024\/03\/Abordatge_fig4.jpg\" class=\"attachment-full size-full wp-image-1152\" alt=\"\" srcset=\"https:\/\/paticatalacalafell.cat\/wp-content\/uploads\/2024\/03\/Abordatge_fig4.jpg 400w, https:\/\/paticatalacalafell.cat\/wp-content\/uploads\/2024\/03\/Abordatge_fig4-300x204.jpg 300w\" sizes=\"(max-width: 400px) 100vw, 400px\" title=\"\">\t\t\t\t\t\t\t\t\t\t\t\t\t\t\t<\/div>\n\t\t\t\t<\/div>\n\t\t\t\t<div class=\"elementor-element elementor-element-32a5a41 elementor-widget elementor-widget-text-editor\" data-id=\"32a5a41\" data-element_type=\"widget\" data-e-type=\"widget\" data-widget_type=\"text-editor.default\">\n\t\t\t\t<div class=\"elementor-widget-container\">\n\t\t\t\t\t\t\t\t\t<p><strong>Assolir o ser assolit: prioritats<\/strong><\/p><p>Si arriba a un altre vaixell podr\u00e0 avan\u00e7ar per la banda que vulgui, per\u00f2 no estar\u00e0 de m\u00e9s avisar per qualsevol mitj\u00e0, sonor r\u00e0dio o visual. Si es va a creuar amb un altre vaixell comp\u00f3rtese com si fos conduint amb cotxe; Cada un al seu carril.<\/p><p class=\"contentheading\">Altres videos interessants<\/p><p>Adjuntem altres v\u00eddeos interessants que hem trobat a internet, malgrat estar en angl\u00e8s.<\/p>\t\t\t\t\t\t\t\t<\/div>\n\t\t\t\t<\/div>\n\t\t<div class=\"elementor-element elementor-element-f8a0d7b e-flex e-con-boxed e-con e-child\" data-id=\"f8a0d7b\" data-element_type=\"container\" data-e-type=\"container\">\n\t\t\t\t\t<div class=\"e-con-inner\">\n\t\t<div class=\"elementor-element elementor-element-4d6ba5d e-flex e-con-boxed e-con e-child\" data-id=\"4d6ba5d\" data-element_type=\"container\" data-e-type=\"container\">\n\t\t\t\t\t<div class=\"e-con-inner\">\n\t\t\t\t<div class=\"elementor-element elementor-element-efcd0cf elementor-widget elementor-widget-video\" data-id=\"efcd0cf\" data-element_type=\"widget\" data-e-type=\"widget\" data-settings=\"{&quot;youtube_url&quot;:&quot;http:\\\/\\\/www.youtube.com\\\/watch?v=WWHf42toTkU&quot;,&quot;video_type&quot;:&quot;youtube&quot;,&quot;controls&quot;:&quot;yes&quot;}\" data-widget_type=\"video.default\">\n\t\t\t\t<div class=\"elementor-widget-container\">\n\t\t\t\t\t\t\t<div class=\"elementor-wrapper elementor-open-inline\">\n\t\t\t<div class=\"elementor-video\"><\/div>\t\t<\/div>\n\t\t\t\t\t\t<\/div>\n\t\t\t\t<\/div>\n\t\t\t\t\t<\/div>\n\t\t\t\t<\/div>\n\t\t<div class=\"elementor-element elementor-element-35dc228 e-con-full e-flex e-con e-child\" data-id=\"35dc228\" data-element_type=\"container\" data-e-type=\"container\">\n\t\t\t\t<div class=\"elementor-element elementor-element-e59aa58 elementor-widget elementor-widget-video\" data-id=\"e59aa58\" data-element_type=\"widget\" data-e-type=\"widget\" data-settings=\"{&quot;youtube_url&quot;:&quot;http:\\\/\\\/www.youtube.com\\\/watch?v=1OqJCn9Edzc&quot;,&quot;video_type&quot;:&quot;youtube&quot;,&quot;controls&quot;:&quot;yes&quot;}\" data-widget_type=\"video.default\">\n\t\t\t\t<div class=\"elementor-widget-container\">\n\t\t\t\t\t\t\t<div class=\"elementor-wrapper elementor-open-inline\">\n\t\t\t<div class=\"elementor-video\"><\/div>\t\t<\/div>\n\t\t\t\t\t\t<\/div>\n\t\t\t\t<\/div>\n\t\t\t\t<\/div>\n\t\t\t\t\t<\/div>\n\t\t\t\t<\/div>\n\t\t\t\t\t<\/div>\n\t\t\t\t<\/div>\n\t\t\t\t<\/div>\n\t\t","protected":false},"excerpt":{"rendered":"<p>Reglament de regates Podeu veure el reglament de regates, publicat per la federaci\u00f3 espanyola, fent clic aqu\u00ed. Tamb\u00e9 accedir al reglament espec\u00edfic de pat\u00ed a vela i a molta m\u00e9s [&hellip;]<\/p>\n","protected":false},"author":1,"featured_media":0,"parent":0,"menu_order":2,"comment_status":"open","ping_status":"open","template":"","meta":{"footnotes":""},"class_list":["post-27","page","type-page","status-publish","hentry"],"_links":{"self":[{"href":"https:\/\/paticatalacalafell.cat\/es\/wp-json\/wp\/v2\/pages\/27","targetHints":{"allow":["GET"]}}],"collection":[{"href":"https:\/\/paticatalacalafell.cat\/es\/wp-json\/wp\/v2\/pages"}],"about":[{"href":"https:\/\/paticatalacalafell.cat\/es\/wp-json\/wp\/v2\/types\/page"}],"author":[{"embeddable":true,"href":"https:\/\/paticatalacalafell.cat\/es\/wp-json\/wp\/v2\/users\/1"}],"replies":[{"embeddable":true,"href":"https:\/\/paticatalacalafell.cat\/es\/wp-json\/wp\/v2\/comments?post=27"}],"version-history":[{"count":5,"href":"https:\/\/paticatalacalafell.cat\/es\/wp-json\/wp\/v2\/pages\/27\/revisions"}],"predecessor-version":[{"id":1661,"href":"https:\/\/paticatalacalafell.cat\/es\/wp-json\/wp\/v2\/pages\/27\/revisions\/1661"}],"wp:attachment":[{"href":"https:\/\/paticatalacalafell.cat\/es\/wp-json\/wp\/v2\/media?parent=27"}],"curies":[{"name":"wp","href":"https:\/\/api.w.org\/{rel}","templated":true}]}}