{"id":30,"date":"2010-06-08T06:46:44","date_gmt":"2010-06-08T06:46:44","guid":{"rendered":"https:\/\/mediumpurple-heron-149339.hostingersite.com\/socis\/"},"modified":"2025-10-02T08:19:57","modified_gmt":"2025-10-02T07:19:57","slug":"socis","status":"publish","type":"page","link":"https:\/\/paticatalacalafell.cat\/es\/socis\/","title":{"rendered":"Socios"},"content":{"rendered":"\n<p><style>\/*! elementor - v3.20.0 - 10-04-2024 *\/<br \/>\n.elementor-heading-title{padding:0;margin:0;line-height:1}.elementor-widget-heading .elementor-heading-title[class*=elementor-size-]>a{color:inherit;font-size:inherit;line-height:inherit}.elementor-widget-heading .elementor-heading-title.elementor-size-small{font-size:15px}.elementor-widget-heading .elementor-heading-title.elementor-size-medium{font-size:19px}.elementor-widget-heading .elementor-heading-title.elementor-size-large{font-size:29px}.elementor-widget-heading .elementor-heading-title.elementor-size-xl{font-size:39px}.elementor-widget-heading .elementor-heading-title.elementor-size-xxl{font-size:59px}<\/style><\/p>\n\n\n\n<h1 class=\"wp-block-heading\">Fes-te soci<\/h1>\n\n\n\n<p>Totes les quotes s\u00f3n anuals i de car\u00e0cter individual.<\/p>\n\n\n\n<p><strong>Modalitats<\/strong><\/p>\n\n\n\n<ul class=\"wp-block-list\">\n<li>Soci sense embarcaci\u00f3: 75 euros<\/li>\n\n\n\n<li>Soci amb pat\u00ed: +150 euros<\/li>\n\n\n\n<li>Padr\u00ed d'una barca: +600 euros<\/li>\n\n\n\n<li>Padr\u00ed 2n d'una barca: +300 euros<\/li>\n\n\n\n<li>Padr\u00ed jove d'una barca: &lt; 30 anys: +200 euros<\/li>\n\n\n\n<li>Padr\u00ed jove d'una barca: &lt; 40 anys: +300 euros<\/li>\n\n\n\n<li>Armador amb barca de fusta al moll de les llatines: +600 euros<\/li>\n\n\n\n<li>Armador amb iot fora del moll de les llatines: 0 euros<\/li>\n<\/ul>\n\n\n\n<p><strong>Inscripci\u00f3<\/strong><\/p>\n\n\n\n<p>Podeu trobar el full d'inscripci\u00f3 <a href=\"https:\/\/paticatalacalafell.cat\/wp-content\/uploads\/2025\/09\/FullInscripcioSociPCC.pdf\" target=\"_blank\" rel=\"noopener\">aqu\u00ed<\/a>.<\/p>\n\n\n\n<p>El podeu emplenar i enviar-lo a trav\u00e9s de correu electr\u00f2nic a <a href=\"mailto:associacio@paticatalacalafell.cat\">associacio@paticatalacalafell.cat<\/a>.<\/p>\n\n\n\n<div data-wp-interactive=\"core\/file\" class=\"wp-block-file\"><object data-wp-bind--hidden=\"!state.hasPdfPreview\" hidden class=\"wp-block-file__embed\" data=\"https:\/\/paticatalacalafell.cat\/wp-content\/uploads\/2025\/09\/FullInscripcioSociPCC.pdf\" type=\"application\/pdf\" style=\"width:100%;height:600px\" aria-label=\"Incrustado de FullInscripcioSociPCC.\"><\/object><a id=\"wp-block-file--media-2e8cc8f0-cfbb-42c7-9943-abd861b5cf82\" href=\"https:\/\/paticatalacalafell.cat\/wp-content\/uploads\/2025\/09\/FullInscripcioSociPCC.pdf\">FullInscripcioSociPCC<\/a><a href=\"https:\/\/paticatalacalafell.cat\/wp-content\/uploads\/2025\/09\/FullInscripcioSociPCC.pdf\" class=\"wp-block-file__button wp-element-button\" download aria-describedby=\"wp-block-file--media-2e8cc8f0-cfbb-42c7-9943-abd861b5cf82\">Baixa<\/a><\/div>\n","protected":false},"excerpt":{"rendered":"<p>Fes-te soci Totes les quotes s\u00f3n anuals i de car\u00e0cter individual. Modalitats Inscripci\u00f3 Podeu trobar el full d'inscripci\u00f3 aqu\u00ed. El podeu emplenar i enviar-lo a trav\u00e9s de correu electr\u00f2nic a [&hellip;]<\/p>\n","protected":false},"author":1,"featured_media":0,"parent":0,"menu_order":55,"comment_status":"open","ping_status":"open","template":"","meta":{"footnotes":""},"class_list":["post-30","page","type-page","status-publish","hentry"],"_links":{"self":[{"href":"https:\/\/paticatalacalafell.cat\/es\/wp-json\/wp\/v2\/pages\/30","targetHints":{"allow":["GET"]}}],"collection":[{"href":"https:\/\/paticatalacalafell.cat\/es\/wp-json\/wp\/v2\/pages"}],"about":[{"href":"https:\/\/paticatalacalafell.cat\/es\/wp-json\/wp\/v2\/types\/page"}],"author":[{"embeddable":true,"href":"https:\/\/paticatalacalafell.cat\/es\/wp-json\/wp\/v2\/users\/1"}],"replies":[{"embeddable":true,"href":"https:\/\/paticatalacalafell.cat\/es\/wp-json\/wp\/v2\/comments?post=30"}],"version-history":[{"count":8,"href":"https:\/\/paticatalacalafell.cat\/es\/wp-json\/wp\/v2\/pages\/30\/revisions"}],"predecessor-version":[{"id":4961,"href":"https:\/\/paticatalacalafell.cat\/es\/wp-json\/wp\/v2\/pages\/30\/revisions\/4961"}],"wp:attachment":[{"href":"https:\/\/paticatalacalafell.cat\/es\/wp-json\/wp\/v2\/media?parent=30"}],"curies":[{"name":"wp","href":"https:\/\/api.w.org\/{rel}","templated":true}]}}