{"id":565,"date":"2022-11-15T00:00:09","date_gmt":"2022-11-15T00:00:09","guid":{"rendered":"https:\/\/mediumpurple-heron-149339.hostingersite.com\/conveni-collaboracio-restauracio-barques\/"},"modified":"2024-05-09T12:30:55","modified_gmt":"2024-05-09T11:30:55","slug":"conveni-collaboracio-restauracio-barques","status":"publish","type":"page","link":"https:\/\/paticatalacalafell.cat\/es\/conveni-collaboracio-restauracio-barques\/","title":{"rendered":"Convenio de colaboraci\u00f3n para la restauraci\u00f3n de barcas"},"content":{"rendered":"\t\t<div data-elementor-type=\"wp-page\" data-elementor-id=\"565\" class=\"elementor elementor-565\" data-elementor-post-type=\"page\">\n\t\t\t\t<div class=\"elementor-element elementor-element-3684f54 e-flex e-con-boxed e-con e-parent\" data-id=\"3684f54\" data-element_type=\"container\" data-e-type=\"container\" data-settings=\"{&quot;background_background&quot;:&quot;classic&quot;,&quot;background_motion_fx_motion_fx_scrolling&quot;:&quot;yes&quot;,&quot;background_motion_fx_translateY_effect&quot;:&quot;yes&quot;,&quot;background_motion_fx_translateY_speed&quot;:{&quot;unit&quot;:&quot;px&quot;,&quot;size&quot;:1,&quot;sizes&quot;:[]},&quot;background_motion_fx_translateY_affectedRange&quot;:{&quot;unit&quot;:&quot;%&quot;,&quot;size&quot;:&quot;&quot;,&quot;sizes&quot;:{&quot;start&quot;:0,&quot;end&quot;:100}},&quot;background_motion_fx_devices&quot;:[&quot;desktop&quot;,&quot;tablet&quot;,&quot;mobile&quot;]}\">\n\t\t\t\t\t<div class=\"e-con-inner\">\n\t\t\t\t<div class=\"elementor-element elementor-element-0608f57 elementor-invisible elementor-widget elementor-widget-heading\" data-id=\"0608f57\" data-element_type=\"widget\" data-e-type=\"widget\" data-settings=\"{&quot;_animation&quot;:&quot;fadeInUp&quot;}\" data-widget_type=\"heading.default\">\n\t\t\t\t<div class=\"elementor-widget-container\">\n\t\t\t\t\t<h1 class=\"elementor-heading-title elementor-size-default\">Conveni de col\u00b7laboraci\u00f3 per a la restauraci\u00f3 de barques<\/h1>\t\t\t\t<\/div>\n\t\t\t\t<\/div>\n\t\t\t\t\t<\/div>\n\t\t\t\t<\/div>\n\t\t<div class=\"elementor-element elementor-element-3804982 e-flex e-con-boxed e-con e-parent\" data-id=\"3804982\" data-element_type=\"container\" data-e-type=\"container\" data-settings=\"{&quot;background_background&quot;:&quot;classic&quot;}\">\n\t\t\t\t\t<div class=\"e-con-inner\">\n\t\t\t\t<div class=\"elementor-element elementor-element-5535bc8 elementor-widget elementor-widget-text-editor\" data-id=\"5535bc8\" data-element_type=\"widget\" data-e-type=\"widget\" data-widget_type=\"text-editor.default\">\n\t\t\t\t<div class=\"elementor-widget-container\">\n\t\t\t\t\t\t\t\t\t<p style=\"text-align: left;\">L&#8217;Ajuntament de Calafell i l&#8217;Associaci\u00f3 han signat un conveni de col\u00b7laboraci\u00f3 que consistir\u00e0 en una aportaci\u00f3 econ\u00f2mica de l&#8217;Ajuntament a l\u2019associaci\u00f3 per la difusi\u00f3 de la navegaci\u00f3 amb vela llatina i la restauraci\u00f3 d&#8217;antigues barques de pesca de fusta que l&#8217;associaci\u00f3 t\u00e9 a les seves instal\u00b7lacions.<\/p><p style=\"text-align: left;\">Les barques que estan actualment pendents de restaurar son la Carpero (1989) dita la \u201cbarca d\u2019en Demus\u201d de Ramon Forner i Jaume Sol\u00e9, l\u2019Elena (1969) dita la barca de la fam\u00edlia Camilo de Camil Tor\u00e0, la Julieta (1985)dita la barca de la fam\u00edlia de can Pilis, de Mart\u00ed Sans i Josep Sans i la Manuela (1950 aprox.)dita la barca de cal Parranda, de Sant Salvador.<\/p><p style=\"text-align: left;\">El comprom\u00eds de l\u2019Associaci\u00f3 implica tamb\u00e9 la difusi\u00f3 de la hist\u00f2ria del patrimoni mariner de Calafell i la potenciaci\u00f3 del seu contingut simb\u00f2lic amb activitats culturals vinculades a les tradicions marineres. Calafell havia sigut una de les platges amb \u201cm\u00e9s fusta\u201d del litoral catal\u00e0 i aix\u00f2 implicava que la majoria de les fam\u00edlies visquessin de la pesca i fessin tasques relacionades amb la mar. Durant els anys setanta i fins al vuitanta, la navegaci\u00f3 amb veles lleugeres i en especial amb pat\u00ed catal\u00e0 va tenir una forta pres\u00e8ncia a la platja de Calafell; la pesca i la navegaci\u00f3 a vela configuren una manera d\u2019entendre el m\u00f3n, una \u201ccultura\u201d, que l\u2019Associaci\u00f3 voldria reviscolar. Navegar amb veles tradicionals implica una relaci\u00f3 amb la natura centrada en el respecte i el coneixement del medi natural en el qual ens movem i que ens dona vida.<\/p><p style=\"text-align: left;\">La difusi\u00f3 de la cultura marinera tradicional pot ser una manera d\u2019ajudar a la promoci\u00f3 de la ciutat construint la identitat del poble calafellenc en un sentit de respecte i cura del medi: pensem que con\u00e8ixer el nostre passat ens pot ajudar a pensar el futur amb esperan\u00e7a. Celebrem que el conveni de col\u00b7laboraci\u00f3 amb l\u2019Ajuntament de Calafell ajudar\u00e0 a fer-ho possible!<\/p><p><a title=\"Ampliar\" href=\"https:\/\/www.flickr.com\/photos\/paticatalacalafell\/52508494215\/\" target=\"_blank\" rel=\"noopener\"> <img decoding=\"async\" src=\"https:\/\/live.staticflickr.com\/65535\/52508494215_248d4b5c7d_z.jpg\" alt=\"Cataleg\" title=\"\"><\/a><\/p><p>Imatge del mestre d&#8217;aixa Agust\u00edn Jord\u00e1n. M\u00e9s fotos al <a title=\"anar al nostre canal de Flickr\" href=\"https:\/\/www.flickr.com\/photos\/paticatalacalafell\/albums\/72177720303787376\" target=\"_blank\" rel=\"noopener\">nostre Flickr<\/a>.<\/p><p>Podeu consultar el <a title=\"Anar al cat\u00e0leg\" href=\"index.php?option=com_content&amp;view=article&amp;id=616;cataleg-ultimes-barques&amp;catid=90;les-nostres-barques\" target=\"_blank\" rel=\"noopener\">cat\u00e0leg <\/a>per a la restauraci\u00f3 de les \u00faltimes barques de fusta dels pescadors de Calafell.<\/p><address>Novembre de 2022<\/address>\t\t\t\t\t\t\t\t<\/div>\n\t\t\t\t<\/div>\n\t\t\t\t\t<\/div>\n\t\t\t\t<\/div>\n\t\t\t\t<\/div>\n\t\t","protected":false},"excerpt":{"rendered":"<p>El ayuntamiento de Calafell y la asociaci\u00f3n Pat\u00ed Catal\u00e0 Calafell \/Vela Latina Carlos Barral han firmado un convenio de colaboraci\u00f3n que consistir\u00e1 en una aportaci\u00f3n econ\u00f3mica del Ayuntamiento a la asociaci\u00f3n para la difusi\u00f3n de la navegaci\u00f3n con vela latina y la restauraci\u00f3n de antiguas barcas de pesca de madera que la asociaci\u00f3n tiene en sus instalaciones.<\/p>","protected":false},"author":1,"featured_media":0,"parent":0,"menu_order":1,"comment_status":"closed","ping_status":"closed","template":"","meta":{"footnotes":""},"class_list":["post-565","page","type-page","status-publish","hentry"],"_links":{"self":[{"href":"https:\/\/paticatalacalafell.cat\/es\/wp-json\/wp\/v2\/pages\/565","targetHints":{"allow":["GET"]}}],"collection":[{"href":"https:\/\/paticatalacalafell.cat\/es\/wp-json\/wp\/v2\/pages"}],"about":[{"href":"https:\/\/paticatalacalafell.cat\/es\/wp-json\/wp\/v2\/types\/page"}],"author":[{"embeddable":true,"href":"https:\/\/paticatalacalafell.cat\/es\/wp-json\/wp\/v2\/users\/1"}],"replies":[{"embeddable":true,"href":"https:\/\/paticatalacalafell.cat\/es\/wp-json\/wp\/v2\/comments?post=565"}],"version-history":[{"count":5,"href":"https:\/\/paticatalacalafell.cat\/es\/wp-json\/wp\/v2\/pages\/565\/revisions"}],"predecessor-version":[{"id":2337,"href":"https:\/\/paticatalacalafell.cat\/es\/wp-json\/wp\/v2\/pages\/565\/revisions\/2337"}],"wp:attachment":[{"href":"https:\/\/paticatalacalafell.cat\/es\/wp-json\/wp\/v2\/media?parent=565"}],"curies":[{"name":"wp","href":"https:\/\/api.w.org\/{rel}","templated":true}]}}