{"id":566,"date":"2022-11-01T00:00:00","date_gmt":"2022-11-01T00:00:00","guid":{"rendered":"https:\/\/mediumpurple-heron-149339.hostingersite.com\/cataleg-ultimes-barques\/"},"modified":"2025-02-24T09:45:27","modified_gmt":"2025-02-24T08:45:27","slug":"cataleg-ultimes-barques","status":"publish","type":"page","link":"https:\/\/paticatalacalafell.cat\/es\/cataleg-ultimes-barques\/","title":{"rendered":"Cat\u00e1logo de las \u00faltimas barcas"},"content":{"rendered":"<p>Cat\u00e1logo para la restauraci\u00f3n de las \u00faltimas barcas de madera de los pescadores de Calafell:<\/p>\n\n\n\n<h2 class=\"wp-block-heading\"><a id=\"lola\"><\/a>Lola<\/h2>\n\n\n\n<p>Antes llamada Rocamar<br>Construida aproximadamente en el a\u00f1o 1989<br>Cedida a la asociaci\u00f3n en 2016<\/p>\n\n\n\n<ul class=\"wp-block-list\">\n<li>Eslora 4,6m<\/li>\n\n\n\n<li>Manguera 1,67m<\/li>\n\n\n\n<li>Puntal 0,56m.<\/li>\n<\/ul>\n\n\n\n<div class=\"wp-block-columns is-layout-flex wp-container-core-columns-is-layout-28f84493 wp-block-columns-is-layout-flex\">\n<div class=\"wp-block-column is-layout-flow wp-block-column-is-layout-flow\">\n<figure class=\"wp-block-embed is-type-photo is-provider-flickr wp-block-embed-flickr\"><div class=\"wp-block-embed__wrapper\">\n<a href=\"https:\/\/www.flickr.com\/photos\/paticatalacalafell\/52508018431\/in\/album-72177720303787376\" target=\"_blank\" rel=\"noopener\"><img fetchpriority=\"high\" decoding=\"async\" src=\"https:\/\/live.staticflickr.com\/65535\/52508018431_477185a02b_c.jpg\" alt=\"Lola\" width=\"800\" height=\"600\" title=\"\"><\/a>\n<\/div><\/figure>\n<\/div>\n\n\n\n<div class=\"wp-block-column is-layout-flow wp-block-column-is-layout-flow\">\n<figure class=\"wp-block-embed is-type-photo is-provider-flickr wp-block-embed-flickr\"><div class=\"wp-block-embed__wrapper\">\n<a href=\"https:\/\/www.flickr.com\/photos\/paticatalacalafell\/52508493980\/in\/album-72177720303787376\" target=\"_blank\" rel=\"noopener\"><img decoding=\"async\" src=\"https:\/\/live.staticflickr.com\/65535\/52508493980_c248f532d0_c.jpg\" alt=\"Lola\" width=\"773\" height=\"580\" title=\"\"><\/a>\n<\/div><\/figure>\n<\/div>\n\n\n\n<div class=\"wp-block-column is-layout-flow wp-block-column-is-layout-flow\">\n<figure class=\"wp-block-embed is-type-photo is-provider-flickr wp-block-embed-flickr\"><div class=\"wp-block-embed__wrapper\">\n<a href=\"https:\/\/www.flickr.com\/photos\/paticatalacalafell\/52507537582\/in\/album-72177720303787376\" target=\"_blank\" rel=\"noopener\"><img decoding=\"async\" src=\"https:\/\/live.staticflickr.com\/65535\/52507537582_5837e1bf91_c.jpg\" alt=\"Lola\" width=\"800\" height=\"600\" title=\"\"><\/a>\n<\/div><\/figure>\n<\/div>\n<\/div>\n\n\n\n<h2 class=\"wp-block-heading\">Virgen del Carmen<\/h2>\n\n\n\n<p>La Barca de la familia de Cal Ventosa, foto del padre<br>Armador: Gabriel Mestre<br>Autoconstruida por el propio Gabriel Mestre en 1989 aproximadamente<\/p>\n\n\n\n<ul class=\"wp-block-list\">\n<li><samp>Eslora 3,6m<\/samp><\/li>\n\n\n\n<li><samp>Manguera 1,32m<\/samp><\/li>\n\n\n\n<li><samp>Puntal 0,47m<\/samp><\/li>\n<\/ul>\n\n\n\n<div class=\"wp-block-columns is-layout-flex wp-container-core-columns-is-layout-28f84493 wp-block-columns-is-layout-flex\">\n<div class=\"wp-block-column is-layout-flow wp-block-column-is-layout-flow\">\n<figure class=\"wp-block-embed is-type-photo is-provider-flickr wp-block-embed-flickr\"><div class=\"wp-block-embed__wrapper\">\n<a href=\"https:\/\/www.flickr.com\/photos\/paticatalacalafell\/52508289089\/in\/album-72177720303787376\" target=\"_blank\" rel=\"noopener\"><img loading=\"lazy\" decoding=\"async\" src=\"https:\/\/live.staticflickr.com\/65535\/52508289089_b72498e4d0_z.jpg\" alt=\"Verge del Carme\" width=\"640\" height=\"480\" title=\"\"><\/a>\n<\/div><\/figure>\n<\/div>\n\n\n\n<div class=\"wp-block-column is-layout-flow wp-block-column-is-layout-flow\">\n<figure class=\"wp-block-embed is-type-photo is-provider-flickr wp-block-embed-flickr\"><div class=\"wp-block-embed__wrapper\">\n<a href=\"https:\/\/www.flickr.com\/photos\/paticatalacalafell\/52508018046\/in\/album-72177720303787376\" target=\"_blank\" rel=\"noopener\"><img loading=\"lazy\" decoding=\"async\" src=\"https:\/\/live.staticflickr.com\/65535\/52508018046_a7756fb3a5_c.jpg\" alt=\"Verge del Carme\" width=\"600\" height=\"800\" title=\"\"><\/a>\n<\/div><\/figure>\n<\/div>\n\n\n\n<div class=\"wp-block-column is-layout-flow wp-block-column-is-layout-flow\">\n<figure class=\"wp-block-embed is-type-photo is-provider-flickr wp-block-embed-flickr\"><div class=\"wp-block-embed__wrapper\">\n<a href=\"https:\/\/www.flickr.com\/photos\/paticatalacalafell\/52508493595\/in\/album-72177720303787376\" target=\"_blank\" rel=\"noopener\"><img loading=\"lazy\" decoding=\"async\" src=\"https:\/\/live.staticflickr.com\/65535\/52508493595_17eb2ed058_c.jpg\" alt=\"Verge del Carme\" width=\"796\" height=\"448\" title=\"\"><\/a>\n<\/div><\/figure>\n<\/div>\n<\/div>\n\n\n\n<h2 class=\"wp-block-heading\">Montserrat<\/h2>\n\n\n\n<p>La barca de pesca calafellense de la familia de la Mas\u00eda<br>Armador: Propiedad sucesivamente de C. Colet, Ramon Palau y Juli\u00e0 Guasch.<br>Construida por el calafate Casimiro Colet en los a\u00f1os 4O<br>Cedida a la asociaci\u00f3n Pat\u00ed Catal\u00e0 Calafell en 2010<\/p>\n\n\n\n<ul class=\"wp-block-list\">\n<li><samp>Eslora 3,88m<\/samp><\/li>\n\n\n\n<li><samp>Manguera 1,83m<\/samp><\/li>\n\n\n\n<li><samp>Puntal 0,60m<\/samp><\/li>\n<\/ul>\n\n\n\n<div class=\"wp-block-columns is-layout-flex wp-container-core-columns-is-layout-28f84493 wp-block-columns-is-layout-flex\">\n<div class=\"wp-block-column is-layout-flow wp-block-column-is-layout-flow\">\n<figure class=\"wp-block-embed is-type-photo is-provider-flickr wp-block-embed-flickr\"><div class=\"wp-block-embed__wrapper\">\n<a href=\"https:\/\/www.flickr.com\/photos\/paticatalacalafell\/52508018196\/in\/album-72177720303787376\" target=\"_blank\" rel=\"noopener\"><img loading=\"lazy\" decoding=\"async\" src=\"https:\/\/live.staticflickr.com\/65535\/52508018196_4d663df36d_c.jpg\" alt=\"Montserrat\" width=\"765\" height=\"574\" title=\"\"><\/a>\n<\/div><\/figure>\n<\/div>\n\n\n\n<div class=\"wp-block-column is-layout-flow wp-block-column-is-layout-flow\">\n<figure class=\"wp-block-embed is-type-photo is-provider-flickr wp-block-embed-flickr\"><div class=\"wp-block-embed__wrapper\">\n<a href=\"https:\/\/www.flickr.com\/photos\/paticatalacalafell\/52508018296\/in\/album-72177720303787376\" target=\"_blank\" rel=\"noopener\"><img loading=\"lazy\" decoding=\"async\" src=\"https:\/\/live.staticflickr.com\/65535\/52508018296_05aa1fa468_c.jpg\" alt=\"Montserrat\" width=\"780\" height=\"520\" title=\"\"><\/a>\n<\/div><\/figure>\n<\/div>\n\n\n\n<div class=\"wp-block-column is-layout-flow wp-block-column-is-layout-flow\">\n<figure class=\"wp-block-embed is-type-photo is-provider-flickr wp-block-embed-flickr\"><div class=\"wp-block-embed__wrapper\">\n<a href=\"https:\/\/www.flickr.com\/photos\/paticatalacalafell\/52508565853\/in\/album-72177720303787376\" target=\"_blank\" rel=\"noopener\"><img loading=\"lazy\" decoding=\"async\" src=\"https:\/\/live.staticflickr.com\/65535\/52508565853_e789b92e31_c.jpg\" alt=\"Montserrat\" width=\"779\" height=\"585\" title=\"\"><\/a>\n<\/div><\/figure>\n<\/div>\n<\/div>\n\n\n\n<h2 class=\"wp-block-heading\">Carpero<\/h2>\n\n\n\n<p>La barca de Ramon Forner el \u201cDemus\u201d<\/p>\n\n\n\n<p>Armador: Ramon Forner, que pescaba junto a Jaume Sol\u00e9<\/p>\n\n\n\n<p>Construida aproximadamente en el a\u00f1o 1989 por el mismo armador<\/p>\n\n\n\n<p>Cedida a la asociaci\u00f3n en 2018<\/p>\n\n\n\n<\/p>\n<dl>\n<dt><samp>Eslora 3,9m.<\/samp><\/dt>\n<dt><samp>Manguera 1,7m.<\/samp><\/dt>\n<dt><samp>Puntal 0,55m.<\/samp><\/dt>\n<\/dl>\n<p>\n\n\n\n<figure class=\"wp-block-image size-full\"><img loading=\"lazy\" decoding=\"async\" width=\"734\" height=\"550\" src=\"https:\/\/paticatalacalafell.cat\/wp-content\/uploads\/2024\/03\/52508289479_032e4b3c32_o.jpg\" alt=\"\" class=\"wp-image-1310\" title=\"\" srcset=\"https:\/\/paticatalacalafell.cat\/wp-content\/uploads\/2024\/03\/52508289479_032e4b3c32_o.jpg 734w, https:\/\/paticatalacalafell.cat\/wp-content\/uploads\/2024\/03\/52508289479_032e4b3c32_o-300x225.jpg 300w\" sizes=\"(max-width: 734px) 100vw, 734px\" \/><\/figure>\n\n\n\n<h2 class=\"wp-block-heading\">Elena<\/h2>\n\n\n\n<p>La barca de pesca calafellense de la familia Camilo<\/p>\n\n\n\n<p>Armador y patr\u00f3n: Camil Tora<\/p>\n\n\n\n<p>Construida en el a\u00f1o 1969 en los astilleros de.........<\/p>\n\n\n\n<p>Cedida en noviembre en 2010 a la asociaci\u00f3n Pat\u00ed Catal\u00e0 Calafell<\/p>\n\n\n\n<\/p>\n<dl>\n<dt><samp>Eslora 5,23m.<\/samp><\/dt>\n<dt><samp>Manguera 2,25m.<\/samp><\/dt>\n<dt><samp>Puntal 0,6m.<\/samp><\/dt>\n<\/dl>\n<p>\n\n\n\n<div class=\"wp-block-columns is-layout-flex wp-container-core-columns-is-layout-28f84493 wp-block-columns-is-layout-flex\">\n<div class=\"wp-block-column is-layout-flow wp-block-column-is-layout-flow\">\n<figure class=\"wp-block-embed is-type-photo is-provider-flickr wp-block-embed-flickr\"><div class=\"wp-block-embed__wrapper\">\n<a href=\"https:\/\/www.flickr.com\/photos\/paticatalacalafell\/52508494110\/in\/album-72177720303787376\" target=\"_blank\" rel=\"noopener\"><img loading=\"lazy\" decoding=\"async\" src=\"https:\/\/live.staticflickr.com\/65535\/52508494110_770b796970_c.jpg\" alt=\"Elena\" width=\"758\" height=\"569\" title=\"\"><\/a>\n<\/div><\/figure>\n<\/div>\n\n\n\n<div class=\"wp-block-column is-layout-flow wp-block-column-is-layout-flow\">\n<figure class=\"wp-block-embed is-type-photo is-provider-flickr wp-block-embed-flickr\"><div class=\"wp-block-embed__wrapper\">\n<a href=\"https:\/\/www.flickr.com\/photos\/paticatalacalafell\/52508494090\/in\/album-72177720303787376\" target=\"_blank\" rel=\"noopener\"><img loading=\"lazy\" decoding=\"async\" src=\"https:\/\/live.staticflickr.com\/65535\/52508494090_229c1da88c_z.jpg\" alt=\"Elena\" width=\"398\" height=\"629\" title=\"\"><\/a>\n<\/div><\/figure>\n<\/div>\n\n\n\n<div class=\"wp-block-column is-layout-flow wp-block-column-is-layout-flow\">\n<figure class=\"wp-block-embed is-type-photo is-provider-flickr wp-block-embed-flickr\"><div class=\"wp-block-embed__wrapper\">\n<a href=\"https:\/\/www.flickr.com\/photos\/paticatalacalafell\/52507537602\/in\/album-72177720303787376\" target=\"_blank\" rel=\"noopener\"><img loading=\"lazy\" decoding=\"async\" src=\"https:\/\/live.staticflickr.com\/65535\/52507537602_532b630ea1_c.jpg\" alt=\"Elena\" width=\"800\" height=\"600\" title=\"\"><\/a>\n<\/div><\/figure>\n<\/div>\n<\/div>\n\n\n\n<h2 class=\"wp-block-heading\">Mag\u00edn<\/h2>\n\n\n\n<p>Llagut de la asociaci\u00f3n Llaguts de Calafell<\/p>\n\n\n\n<p>Construida en el a\u00f1o 1969 en los astilleros de.........<\/p>\n\n\n\n<p>Cedida a la asociaci\u00f3n Pat\u00ed Catal\u00e0 Calafell en 2020<\/p>\n\n\n\n<\/p>\n<dl>\n<dt><samp>Eslora 7,45m.<\/samp><\/dt>\n<dt><samp>Manguera 1,83m.<\/samp><\/dt>\n<dt><samp>Puntal 1m.<\/samp><\/dt>\n<\/dl>\n<p>\n\n\n\n<figure class=\"wp-block-image size-full\"><img loading=\"lazy\" decoding=\"async\" width=\"669\" height=\"502\" src=\"https:\/\/paticatalacalafell.cat\/wp-content\/uploads\/2024\/03\/52507537477_c7a30e1562_o.jpg\" alt=\"\" class=\"wp-image-1343\" title=\"\" srcset=\"https:\/\/paticatalacalafell.cat\/wp-content\/uploads\/2024\/03\/52507537477_c7a30e1562_o.jpg 669w, https:\/\/paticatalacalafell.cat\/wp-content\/uploads\/2024\/03\/52507537477_c7a30e1562_o-300x225.jpg 300w\" sizes=\"(max-width: 669px) 100vw, 669px\" \/><\/figure>\n\n\n\n<hr class=\"wp-block-separator has-alpha-channel-opacity\"\/>\n\n\n\n<p>Puede ver m\u00e1s fotos en nuestro canal de <a href=\"https:\/\/www.flickr.com\/photos\/paticatalacalafell\/albums\/72177720303787376\/with\/52508018496\" target=\"_blank\" rel=\"noreferrer noopener\"><img loading=\"lazy\" decoding=\"async\" width=\"50\" height=\"28\" class=\"wp-image-1956\" style=\"width: 50px;\" src=\"https:\/\/paticatalacalafell.cat\/wp-content\/uploads\/2024\/04\/logoFlickr.png\" alt=\"\" title=\"\"><\/a> <\/p>","protected":false},"excerpt":{"rendered":"<p>Cat\u00e1logo para la restauraci\u00f3n de las \u00faltimas barcas de madera de los pescadores de Calafell<\/p>","protected":false},"author":1,"featured_media":0,"parent":0,"menu_order":0,"comment_status":"open","ping_status":"open","template":"","meta":{"footnotes":""},"class_list":["post-566","page","type-page","status-publish","hentry"],"_links":{"self":[{"href":"https:\/\/paticatalacalafell.cat\/es\/wp-json\/wp\/v2\/pages\/566","targetHints":{"allow":["GET"]}}],"collection":[{"href":"https:\/\/paticatalacalafell.cat\/es\/wp-json\/wp\/v2\/pages"}],"about":[{"href":"https:\/\/paticatalacalafell.cat\/es\/wp-json\/wp\/v2\/types\/page"}],"author":[{"embeddable":true,"href":"https:\/\/paticatalacalafell.cat\/es\/wp-json\/wp\/v2\/users\/1"}],"replies":[{"embeddable":true,"href":"https:\/\/paticatalacalafell.cat\/es\/wp-json\/wp\/v2\/comments?post=566"}],"version-history":[{"count":15,"href":"https:\/\/paticatalacalafell.cat\/es\/wp-json\/wp\/v2\/pages\/566\/revisions"}],"predecessor-version":[{"id":3760,"href":"https:\/\/paticatalacalafell.cat\/es\/wp-json\/wp\/v2\/pages\/566\/revisions\/3760"}],"wp:attachment":[{"href":"https:\/\/paticatalacalafell.cat\/es\/wp-json\/wp\/v2\/media?parent=566"}],"curies":[{"name":"wp","href":"https:\/\/api.w.org\/{rel}","templated":true}]}}