{"id":77,"date":"2010-10-27T09:57:02","date_gmt":"2010-10-27T09:57:02","guid":{"rendered":"https:\/\/mediumpurple-heron-149339.hostingersite.com\/rosa-dels-vents7\/"},"modified":"2024-03-21T08:05:20","modified_gmt":"2024-03-21T07:05:20","slug":"rosa-dels-vents-calafell","status":"publish","type":"page","link":"https:\/\/paticatalacalafell.cat\/es\/rosa-dels-vents-calafell\/","title":{"rendered":"La Rosa de los Vientos en Calafell"},"content":{"rendered":"\t\t<div data-elementor-type=\"wp-page\" data-elementor-id=\"77\" class=\"elementor elementor-77\" data-elementor-post-type=\"page\">\n\t\t\t\t<div class=\"elementor-element elementor-element-980f082 e-flex e-con-boxed e-con e-parent\" data-id=\"980f082\" data-element_type=\"container\" data-e-type=\"container\" data-settings=\"{&quot;background_background&quot;:&quot;classic&quot;,&quot;background_motion_fx_motion_fx_scrolling&quot;:&quot;yes&quot;,&quot;background_motion_fx_translateY_effect&quot;:&quot;yes&quot;,&quot;background_motion_fx_translateY_speed&quot;:{&quot;unit&quot;:&quot;px&quot;,&quot;size&quot;:1,&quot;sizes&quot;:[]},&quot;background_motion_fx_translateY_affectedRange&quot;:{&quot;unit&quot;:&quot;%&quot;,&quot;size&quot;:&quot;&quot;,&quot;sizes&quot;:{&quot;start&quot;:0,&quot;end&quot;:100}},&quot;background_motion_fx_devices&quot;:[&quot;desktop&quot;,&quot;tablet&quot;,&quot;mobile&quot;]}\">\n\t\t\t\t\t<div class=\"e-con-inner\">\n\t\t\t\t<div class=\"elementor-element elementor-element-5633933 elementor-invisible elementor-widget elementor-widget-heading\" data-id=\"5633933\" data-element_type=\"widget\" data-e-type=\"widget\" data-settings=\"{&quot;_animation&quot;:&quot;fadeInUp&quot;}\" data-widget_type=\"heading.default\">\n\t\t\t\t<div class=\"elementor-widget-container\">\n\t\t\t\t\t<h1 class=\"elementor-heading-title elementor-size-default\">La Rosa dels Vents a Calafell<\/h1>\t\t\t\t<\/div>\n\t\t\t\t<\/div>\n\t\t\t\t\t<\/div>\n\t\t\t\t<\/div>\n\t\t<div class=\"elementor-element elementor-element-f723e2e e-flex e-con-boxed e-con e-parent\" data-id=\"f723e2e\" data-element_type=\"container\" data-e-type=\"container\" data-settings=\"{&quot;background_background&quot;:&quot;classic&quot;}\">\n\t\t\t\t\t<div class=\"e-con-inner\">\n\t\t\t\t<div class=\"elementor-element elementor-element-0047960 elementor-widget elementor-widget-image\" data-id=\"0047960\" data-element_type=\"widget\" data-e-type=\"widget\" data-widget_type=\"image.default\">\n\t\t\t\t<div class=\"elementor-widget-container\">\n\t\t\t\t\t\t\t\t\t\t\t\t\t\t\t<img fetchpriority=\"high\" decoding=\"async\" width=\"400\" height=\"447\" src=\"https:\/\/paticatalacalafell.cat\/wp-content\/uploads\/2024\/03\/RosaVentsCalafell_reduida.jpg\" class=\"attachment-full size-full wp-image-1605\" alt=\"\" srcset=\"https:\/\/paticatalacalafell.cat\/wp-content\/uploads\/2024\/03\/RosaVentsCalafell_reduida.jpg 400w, https:\/\/paticatalacalafell.cat\/wp-content\/uploads\/2024\/03\/RosaVentsCalafell_reduida-268x300.jpg 268w\" sizes=\"(max-width: 400px) 100vw, 400px\" title=\"\">\t\t\t\t\t\t\t\t\t\t\t\t\t\t\t<\/div>\n\t\t\t\t<\/div>\n\t\t\t\t<div class=\"elementor-element elementor-element-7d40dbc elementor-widget elementor-widget-text-editor\" data-id=\"7d40dbc\" data-element_type=\"widget\" data-e-type=\"widget\" data-widget_type=\"text-editor.default\">\n\t\t\t\t<div class=\"elementor-widget-container\">\n\t\t\t\t\t\t\t\t\t<p><strong>La Tramuntana<\/strong><\/p><p>La tramuntana \u00e9s un vent que bufa del nord. \u00c9s t\u00edpic dels mesos d&#8217;hivern i, per la qual cosa, acostuma a ser molt fred.<\/p><p><em>Tramontana, fred i gana.<\/em><\/p><p><strong>El Mestal<\/strong><\/p><p>El vent de Mestral prov\u00e9 del nord-oest. Acostuma a bufar, tamb\u00e9, durant els mesos de tardor i hivern. \u00c9s un vent perill\u00f3s perqu\u00e8 quan bufa ho fa a ratxes molt fortes que poden provocar la ruptura de qualsevol pe\u00e7a de l&#8217;embarcaci\u00f3 de vela.<\/p><p><em>El vent de Mestral \u00e9s pitjor que una destral.<\/em><\/p><p><em>D\u00e9u vos guard de tot mal i de la for\u00e7a del Mestral.<\/em><\/p><p><strong>El Ponent<\/strong><\/p><p>El Ponent \u00e9s un vent que prov\u00e9 de l&#8217;oest. El vent de ponent bufa poques vegades a Calafell. Quan ho fa acostuma a ser un vent calent per\u00f2 no \u00e9s un vent perill\u00f3s per a la navegaci\u00f3.<\/p><p><em>De Ponent, ni vent ni gent.<\/em><\/p><p><strong>El Garb\u00ed i el Llebeig<\/strong><\/p><p>Els vents de Garb\u00ed i Llebeig v\u00e9nen del sud-oest. Tant el Garb\u00ed com el Llebeig acostumen a ser vents fluixets als mesos de juny i juliol, i bufen forts durant els mesos de febrer i mar\u00e7.<\/p><p><em>Llebeig d&#8217;hivern, dimoni d&#8217;infern.<\/em><\/p><p><em>Vent de Garb\u00ed, ni vespre ni mat\u00ed.<\/em><\/p><p><em>Garbinada d&#8217;hivern, dia d&#8217;infern.<\/em><\/p><p><em>Vent de Llebeig, d&#8217;aigua no en veig.<\/em><\/p><p><strong>El Migjorn<\/strong><\/p><p>El Migjorn \u00e9s un vent que prov\u00e9 del sud i \u00e9s poc fiable. Normalment provoca tr\u00e0ngol.<\/p><p><em>No et fi\u00efs del migjorn ni dels enemics de l&#8217;entorn.<\/em>\u00a0<\/p><p><strong>El Xaloc<\/strong><\/p><p>\u00a0El Xaloc acostuma a ser un airet fluixet que prov\u00e9 del sud-est. Normalment es nota la seva brisa en dies de calma.<\/p><p><em>Xaloc o Xaloquell, pots ser amics d&#8217;ells.<\/em><\/p><p><strong>El Llevant<\/strong><\/p><p>El Llevant, tal com diu el seu nom, ens ve\u00a0d&#8217;on surt el Sol, o sigui de l&#8217;est. \u00c9s un vent irregular, unes vegades pot bufar molt fort i d&#8217;altres de manera suau. Quan hi ha llevant bastant fort acostuma a provocar pluja.<\/p><p><em>Ventada de Llevant, tothom al cel guaitant.<\/em><\/p><p><em>Vent de Llevant, mulla el botavant.<\/em><\/p><p><strong>El Gregal<\/strong><\/p><p>El vent de gregal ve del nord-est. No massa freq\u00fcent a les nostres terres.\u00a0<\/p><p>\u00a0\u00a0<\/p><p><span class=\"createby\">Gentilessa de Rafael Romeu<\/span>\u00a0<\/p>\t\t\t\t\t\t\t\t<\/div>\n\t\t\t\t<\/div>\n\t\t\t\t\t<\/div>\n\t\t\t\t<\/div>\n\t\t\t\t<\/div>\n\t\t","protected":false},"excerpt":{"rendered":"<p>La Rosa dels Vents a Calafell La Tramuntana La tramuntana \u00e9s un vent que bufa del nord. \u00c9s t\u00edpic dels mesos d'hivern i, per la qual cosa, acostuma a ser [&hellip;]<\/p>\n","protected":false},"author":1,"featured_media":0,"parent":0,"menu_order":53,"comment_status":"open","ping_status":"closed","template":"","meta":{"footnotes":""},"class_list":["post-77","page","type-page","status-publish","hentry"],"_links":{"self":[{"href":"https:\/\/paticatalacalafell.cat\/es\/wp-json\/wp\/v2\/pages\/77","targetHints":{"allow":["GET"]}}],"collection":[{"href":"https:\/\/paticatalacalafell.cat\/es\/wp-json\/wp\/v2\/pages"}],"about":[{"href":"https:\/\/paticatalacalafell.cat\/es\/wp-json\/wp\/v2\/types\/page"}],"author":[{"embeddable":true,"href":"https:\/\/paticatalacalafell.cat\/es\/wp-json\/wp\/v2\/users\/1"}],"replies":[{"embeddable":true,"href":"https:\/\/paticatalacalafell.cat\/es\/wp-json\/wp\/v2\/comments?post=77"}],"version-history":[{"count":5,"href":"https:\/\/paticatalacalafell.cat\/es\/wp-json\/wp\/v2\/pages\/77\/revisions"}],"predecessor-version":[{"id":1703,"href":"https:\/\/paticatalacalafell.cat\/es\/wp-json\/wp\/v2\/pages\/77\/revisions\/1703"}],"wp:attachment":[{"href":"https:\/\/paticatalacalafell.cat\/es\/wp-json\/wp\/v2\/media?parent=77"}],"curies":[{"name":"wp","href":"https:\/\/api.w.org\/{rel}","templated":true}]}}