{"id":84,"date":"2010-11-17T15:14:15","date_gmt":"2010-11-17T15:14:15","guid":{"rendered":"https:\/\/mediumpurple-heron-149339.hostingersite.com\/les-nostres-barques\/"},"modified":"2024-03-22T11:25:46","modified_gmt":"2024-03-22T10:25:46","slug":"les-nostres-barques","status":"publish","type":"page","link":"https:\/\/paticatalacalafell.cat\/es\/les-nostres-barques\/","title":{"rendered":"Nuestras barcas"},"content":{"rendered":"\t\t<div data-elementor-type=\"wp-page\" data-elementor-id=\"84\" class=\"elementor elementor-84\" data-elementor-post-type=\"page\">\n\t\t\t\t<div class=\"elementor-element elementor-element-88f6c08 e-flex e-con-boxed e-con e-parent\" data-id=\"88f6c08\" data-element_type=\"container\" data-e-type=\"container\" data-settings=\"{&quot;background_background&quot;:&quot;classic&quot;,&quot;background_motion_fx_motion_fx_scrolling&quot;:&quot;yes&quot;,&quot;background_motion_fx_translateY_effect&quot;:&quot;yes&quot;,&quot;background_motion_fx_translateY_speed&quot;:{&quot;unit&quot;:&quot;px&quot;,&quot;size&quot;:1,&quot;sizes&quot;:[]},&quot;background_motion_fx_translateY_affectedRange&quot;:{&quot;unit&quot;:&quot;%&quot;,&quot;size&quot;:&quot;&quot;,&quot;sizes&quot;:{&quot;start&quot;:0,&quot;end&quot;:100}},&quot;background_motion_fx_devices&quot;:[&quot;desktop&quot;,&quot;tablet&quot;,&quot;mobile&quot;]}\">\n\t\t\t\t\t<div class=\"e-con-inner\">\n\t\t\t\t<div class=\"elementor-element elementor-element-b2eb8de elementor-invisible elementor-widget elementor-widget-heading\" data-id=\"b2eb8de\" data-element_type=\"widget\" data-e-type=\"widget\" data-settings=\"{&quot;_animation&quot;:&quot;fadeInUp&quot;}\" data-widget_type=\"heading.default\">\n\t\t\t\t<div class=\"elementor-widget-container\">\n\t\t\t\t\t<h1 class=\"elementor-heading-title elementor-size-default\">Les nostres barques<\/h1>\t\t\t\t<\/div>\n\t\t\t\t<\/div>\n\t\t\t\t\t<\/div>\n\t\t\t\t<\/div>\n\t\t<div class=\"elementor-element elementor-element-9a13b23 e-flex e-con-boxed e-con e-parent\" data-id=\"9a13b23\" data-element_type=\"container\" data-e-type=\"container\" data-settings=\"{&quot;background_background&quot;:&quot;classic&quot;}\">\n\t\t\t\t\t<div class=\"e-con-inner\">\n\t\t\t\t<div class=\"elementor-element elementor-element-4463481 elementor-widget elementor-widget-text-editor\" data-id=\"4463481\" data-element_type=\"widget\" data-e-type=\"widget\" data-widget_type=\"text-editor.default\">\n\t\t\t\t<div class=\"elementor-widget-container\">\n\t\t\t\t\t\t\t\t\t<p>L&#8217;associaci\u00f3 ja disposa de 18 bots que hem recuperat per a Calafell i que estem restaurant a la seu. Per ara naveguen 9 d&#8217;aquests bots:<\/p>\t\t\t\t\t\t\t\t<\/div>\n\t\t\t\t<\/div>\n\t\t\t\t\t<\/div>\n\t\t\t\t<\/div>\n\t\t<div class=\"elementor-element elementor-element-c7853ef e-flex e-con-boxed e-con e-parent\" data-id=\"c7853ef\" data-element_type=\"container\" data-e-type=\"container\">\n\t\t\t\t\t<div class=\"e-con-inner\">\n\t\t<div class=\"elementor-element elementor-element-bbd8d8a e-con-full e-flex e-con e-child\" data-id=\"bbd8d8a\" data-element_type=\"container\" data-e-type=\"container\">\n\t\t\t\t<div class=\"elementor-element elementor-element-7429d10 elementor-widget elementor-widget-text-editor\" data-id=\"7429d10\" data-element_type=\"widget\" data-e-type=\"widget\" data-widget_type=\"text-editor.default\">\n\t\t\t\t<div class=\"elementor-widget-container\">\n\t\t\t\t\t\t\t\t\t<h2><span style=\"color: inherit; font-size: 26px; font-family: inherit; font-style: var( --e-global-typography-text-font-style ); letter-spacing: var( --e-global-typography-text-letter-spacing ); text-transform: var( --e-global-typography-text-text-transform ); word-spacing: var( --e-global-typography-text-word-spacing ); background-color: var( --e-global-color-e0f9d43 );\">Carlos Barral<\/span><\/h2><p>La Carlos Barral la considerem la \u201cgermana del \u201cCapitan Arg\u00fcello\u201d.<\/p><p>El \u201cCapit\u00e1n Arg\u00fcello\u201d era la barca del poeta i editor Carlos Barral (Barcelona 1928-1989) i autor d\u2019un llibre imprescindible en qualsevol biblioteca de tema mar\u00edtim: \u201cCatalunya des del mar\u201d. L\u2019afici\u00f3 marinera del seu pare va portar a la fam\u00edlia a establir a Calafell la resid\u00e8ncia d\u2019estiueig i cap de setmana. El pare de Carlos Barral, propietari de l\u2019editorial \u201cSeix i Barral\u201d, signava els articles de divulgaci\u00f3 que publicava amb el pseud\u00f2nim \u201cCapit\u00e1n Arg\u00fcello\u201d i aquest era el nom de la seva barca de pesca que va desapar\u00e8ixer durant la Guerra Civil . Carlos Barral es va casar a Calafell en una cerim\u00f2nia de rituals mariners en la que va participar tot el poble. La seva esposa, Yvonne Hortet, li va regalar la construcci\u00f3 d\u2019una nova barca de vela llatina que es va dir \u201cCapit\u00e1n Arg\u00fcello\u201d, com a r\u00e8plica de la que va ser del pare. Carlos Barral, que era un gran amant de la cultura cl\u00e0ssica, va pintar la seva barca de verd\/negre i roig cadmi, colors inusuals a les nostres costes, que son els colors de la cer\u00e0mica de la Gr\u00e8cia antiga.<\/p><p>L\u2019associaci\u00f3 \u201cPat\u00ed Catal\u00e0 de Calafell &#8211; Mar M\u00edtic Mar L\u00fadic\u201d, que t\u00e9 com a objectiu recuperar el patrimoni mariner de la platja de Calafell, sempre ha tingut en ment poder retornar a Calafell una de les embarcacions m\u00e9s emblem\u00e0tiques del municipi: el \u201cCapit\u00e1n Arg\u00fcello\u201d, de Carlos Barral per\u00f2 aquest bot va ser cedit al Museu del Port Mar\u00edtim de Tarragona uns anys despr\u00e9s de la mort de Carlos Barral. Un equip de membres de l\u2019associaci\u00f3 va localitzar una embarcaci\u00f3 a Barcelona constru\u00efda pel mateix calafat i de similars caracter\u00edstiques al \u201cCapit\u00e1n Arg\u00fcello\u201d. Era la Montserrat, propietat del senyor Francesc Forcar. Despr\u00e9s de con\u00e8ixer el nostre projecte i de visitar les nostres drassanes, el setembre de 2011 ens la va cedir per a restaurar-la i mantenir-la viva, navegant per les nostres platges.<\/p><p>La \u201cMontserrat\u201d va ser constru\u00efda el 1963 pel calafat Gallart, t\u00e9 una eslora de 6,09 metres i una m\u00e0nega de 2,21 metres. La matr\u00edcula 7 138\/1997. El motor que porta \u00e9s l&#8217;original, un Sol\u00e9 del 1964.<\/p><p>La restauraci\u00f3 de la futura \u201cCarlos Barral\u201d va comen\u00e7ar l\u2019any 2011 i s\u2019ha dut a terme en les nostres drassanes. Pel finan\u00e7ar la restauraci\u00f3, el mes de desembre es va iniciar un projecte de micromecenatge que va recaptar els 5.300 euros necessaris per finalitzar el projecte. Despr\u00e9s de v\u00e0ries converses amb la fam\u00edlia Barral, es va decidir batejar a la \u201cgermana\u201d del \u201cCapit\u00e1n Arg\u00fcello\u201d com a \u201cCarlos Barral\u201d, ja que es va considerar que el \u201cCapit\u00e1n Arg\u00fcello\u201d i el pes de la seva hist\u00f2ria eren irrepetibles, per\u00f2 entre els socis s\u2019ha generalitzat el sobrenom de &#8220;la Barrala&#8221;.<\/p>\t\t\t\t\t\t\t\t<\/div>\n\t\t\t\t<\/div>\n\t\t\t\t<\/div>\n\t\t<div class=\"elementor-element elementor-element-3e87fa8 e-con-full e-flex e-con e-child\" data-id=\"3e87fa8\" data-element_type=\"container\" data-e-type=\"container\">\n\t\t\t\t<div class=\"elementor-element elementor-element-9d292b2 elementor-widget elementor-widget-html\" data-id=\"9d292b2\" data-element_type=\"widget\" data-e-type=\"widget\" data-widget_type=\"html.default\">\n\t\t\t\t<div class=\"elementor-widget-container\">\n\t\t\t\t\t<a data-flickr-embed=\"true\" href=\"https:\/\/www.flickr.com\/photos\/paticatalacalafell\/albums\/72157633755206691\" title=\"Bateig de la Carlos Barral\" target=\"_blank\" rel=\"noopener\"><img fetchpriority=\"high\" decoding=\"async\" src=\"https:\/\/live.staticflickr.com\/2887\/8864122020_bca16223fc.jpg\" width=\"640\" height=\"480\" alt=\"Bateig de la Carlos Barral\" title=\"\"><\/a><script async src=\"\/\/embedr.flickr.com\/assets\/client-code.js\" charset=\"utf-8\"><\/script>\t\t\t\t<\/div>\n\t\t\t\t<\/div>\n\t\t\t\t<\/div>\n\t\t\t\t\t<\/div>\n\t\t\t\t<\/div>\n\t\t<div class=\"elementor-element elementor-element-dcc2b45 e-flex e-con-boxed e-con e-parent\" data-id=\"dcc2b45\" data-element_type=\"container\" data-e-type=\"container\" data-settings=\"{&quot;background_background&quot;:&quot;classic&quot;}\">\n\t\t\t\t\t<div class=\"e-con-inner\">\n\t\t\t\t<div class=\"elementor-element elementor-element-a8885d2 elementor-widget elementor-widget-text-editor\" data-id=\"a8885d2\" data-element_type=\"widget\" data-e-type=\"widget\" data-widget_type=\"text-editor.default\">\n\t\t\t\t<div class=\"elementor-widget-container\">\n\t\t\t\t\t\t\t\t\t<h3>\u00a0<\/h3><h2>Galatz\u00f3<\/h2><p>La Galatz\u00f3\u00a0es va incorporar al grup el desembre de 2018 i podria ser la \u201ccosina\u201d del \u201cCapit\u00e1n\u00a0Arg\u00fcello\u201d. La Galatz\u00f3 \u00e9s una mallorquina amb casc de fusta constru\u00efda el 1973, amb 7,97 metres\u00a0d\u2019eslora, 2,7 mestres de m\u00e0nega i 1 metre de puntal m\u00e0nega, equipada amb motor Nissan de 85 cv\u00a0impecable Est\u00e0 arborada amb aparell llat\u00ed la major, el floc i la mitjana, amb matr\u00edcula 5\u00aa-PM-1-3979. El primer armador de la Galatz\u00f3 va ser en Jacques George Blondell, domiciliat a\u00a0Palafrugell, i estava amarrada al port de Palam\u00f3s. La vam localitzar al port de Sitges i era\u00a0propietat de Joan Mart\u00ed, que l\u2019havia pintat amb els mateixos colors que els del Capit\u00e1n\u00a0Arg\u00fcello. L\u2019any 2018 va se adquirida per l\u2019associaci\u00f3 Pat\u00ed Catal\u00e0\/Vela Llatina Carlos Barral de\u00a0Calafell per incorporar-la a l\u2019estol de barques de l\u2019entitat que participen en totes les activitats\u00a0n\u00e0utiques.<\/p><p><strong>Veure article<\/strong>: <span style=\"text-decoration: underline;\">https:\/\/paticatalacalafell.cat\/buscar-galatzo\/<\/span><\/p><h3>\u00a0<\/h3><h2>Peregrina<\/h2><p>La Peregrina \u00e9s una mallorquina amb casc de fusta i cabinada, constru\u00efda el 1982, te 7,20\u00a0metres d\u2019eslora, i 2,56 de m\u00e0nega i 0,73 puntal. Est\u00e0 arborada amb aparell llat\u00ed la major, floc i\u00a0mitjana amb una vela marconi, amb matr\u00edcula 7\u00aa-PM-2-3-95. Des de el seu disseny va ser\u00a0pensada com a embarcaci\u00f3 de lleure.\u00a0La Peregrina va ser constru\u00efda a les drassanes del Port de Pollen\u00e7a, per Juan Vives Cerd\u00e0. El\u00a02016 va se adquirida per Josep Inglada, coordinador de la secci\u00f3 Vela Llatina Carlos Barral de\u00a0l\u2019Associaci\u00f3 Pat\u00ed Catal\u00e0 Calafell, per incorporar-la a l\u2019estol de barques de l\u2019entitat que\u00a0participen en totes les activitats n\u00e0utiques de l\u2019associaci\u00f3: trobades, batejos de mar, travesses,\u00a0etc&#8230;. Ha participat en totes les convocat\u00f2ries del Sal\u00f3 N\u00e0utic de Barcelona des de 2016.<\/p><h3>\u00a0<\/h3><h2>Pal i Fusa<\/h2><p>La &#8220;Pal i Fusa&#8221;, barca de vela llatina que ja ha navega des de l&#8217;estiu del 2010 i que ha estat la primera embarcaci\u00f3 avarada a La Platja de Calafell aquest segle i despr\u00e9s de m\u00e9s de mig segle del darrer avaramentVa ser constru\u00efda fa 9 anys a partir de models tradicionals de la costa catalana. Despr\u00e9s de ser restaurada per membres de l&#8217;Associaci\u00f3 PCC, el 22 d&#8217;agost de 2010 va ser batejada i avarada a Calafell.El seu nom \u00e9s una expressi\u00f3 calafellenca equivalent a Pal i Amorra de L&#8217;Escala. Es deia al moment en que es posava el darrer pal a la sorra i es donava la darrera empenta al bot, que comen\u00e7ava a surar.Cedida a l&#8217;Associaci\u00f3 pel seu propietari, el Sr. Miquel Molina (L&#8217;Escala). Posteriorment l&#8217;hem dotat d&#8217;un petit motor foraborda.<\/p><p><strong>Veure article<\/strong>: <span style=\"text-decoration: underline;\">https:\/\/paticatalacalafell.cat\/avarament-de-pal-i-fusa\/<\/span><\/p><h3>\u00a0<\/h3>\t\t\t\t\t\t\t\t<\/div>\n\t\t\t\t<\/div>\n\t\t\t\t<div class=\"elementor-element elementor-element-9e29d1d elementor-widget elementor-widget-text-editor\" data-id=\"9e29d1d\" data-element_type=\"widget\" data-e-type=\"widget\" data-widget_type=\"text-editor.default\">\n\t\t\t\t<div class=\"elementor-widget-container\">\n\t\t\t\t\t\t\t\t\t<h2>Montserrat\u00a0<\/h2><p>La &#8220;Montserrat&#8221;, barca de pesca calafellenca que hem restaurat completament l&#8217;any 2011 i batejada el 2012Bot constru\u00eft pel calafat Casimiro Colet als anys 40. Ha estat arreclada un parell de vegades. Propietat succesivament de C. Colet, Ramon Palau i Juli\u00e0 Guasch. Va ser presentada el 2011 en un acte a la seu, amb la pres\u00e8ncia del grup calafellenc B\u00fahos, que va interperetar la can\u00e7\u00f3 que ells mateixos han composat per a ella.<\/p>\t\t\t\t\t\t\t\t<\/div>\n\t\t\t\t<\/div>\n\t\t\t\t<div class=\"elementor-element elementor-element-8833017 elementor-widget elementor-widget-html\" data-id=\"8833017\" data-element_type=\"widget\" data-e-type=\"widget\" data-widget_type=\"html.default\">\n\t\t\t\t<div class=\"elementor-widget-container\">\n\t\t\t\t\t<a data-flickr-embed=\"true\" href=\"https:\/\/www.flickr.com\/photos\/paticatalacalafell\/albums\/72157628190678737\" title=\"Presentaci\u00f3 de la Montserrat amb els Buhos\" target=\"_blank\" rel=\"noopener\"><img decoding=\"async\" src=\"https:\/\/live.staticflickr.com\/6039\/6418839493_23e11489d8_z.jpg\" width=\"640\" height=\"480\" alt=\"Presentaci\u00f3 de la Montserrat amb els Buhos\" title=\"\"><\/a><script async src=\"\/\/embedr.flickr.com\/assets\/client-code.js\" charset=\"utf-8\"><\/script>\t\t\t\t<\/div>\n\t\t\t\t<\/div>\n\t\t\t\t<div class=\"elementor-element elementor-element-3c0ace5 elementor-widget elementor-widget-video\" data-id=\"3c0ace5\" data-element_type=\"widget\" data-e-type=\"widget\" data-settings=\"{&quot;youtube_url&quot;:&quot;https:\\\/\\\/youtu.be\\\/asXxXbeihH0&quot;,&quot;video_type&quot;:&quot;youtube&quot;,&quot;controls&quot;:&quot;yes&quot;}\" data-widget_type=\"video.default\">\n\t\t\t\t<div class=\"elementor-widget-container\">\n\t\t\t\t\t\t\t<div class=\"elementor-wrapper elementor-open-inline\">\n\t\t\t<div class=\"elementor-video\"><\/div>\t\t<\/div>\n\t\t\t\t\t\t<\/div>\n\t\t\t\t<\/div>\n\t\t\t\t<div class=\"elementor-element elementor-element-066c016 elementor-widget elementor-widget-text-editor\" data-id=\"066c016\" data-element_type=\"widget\" data-e-type=\"widget\" data-widget_type=\"text-editor.default\">\n\t\t\t\t<div class=\"elementor-widget-container\">\n\t\t\t\t\t\t\t\t\t<h3>\u00a0<\/h3><h3>\u00a0<\/h3><h3>Lola<\/h3><p>La Lola, abans &#8220;Rocamar&#8221;, era una barca de pesca de quatre metres i mig d&#8217;eslora, propietat del senyor Enrique Irazoqui. Cedida el desembre del 2010. El 2011 es va restaurar i pintar com a la barca Lola, i es va batejar el 2012 durant la Fira del Mar.<\/p><p><span style=\"color: inherit; font-family: inherit; font-size: 1.75rem; text-align: var(--text-align); background-color: var( --e-global-color-e0f9d43 );\">\u00a0<\/span><\/p>\t\t\t\t\t\t\t\t<\/div>\n\t\t\t\t<\/div>\n\t\t\t\t<div class=\"elementor-element elementor-element-a452933 elementor-widget elementor-widget-html\" data-id=\"a452933\" data-element_type=\"widget\" data-e-type=\"widget\" data-widget_type=\"html.default\">\n\t\t\t\t<div class=\"elementor-widget-container\">\n\t\t\t\t\t<a data-flickr-embed=\"true\" href=\"https:\/\/www.flickr.com\/photos\/paticatalacalafell\/albums\/72157629866778040\" title=\"Xi Fira del Mar i II Trobada de vela llatina 2012\" target=\"_blank\" rel=\"noopener\"><img decoding=\"async\" src=\"https:\/\/live.staticflickr.com\/8021\/7257210642_16ca02060d_z.jpg\" width=\"640\" height=\"480\" alt=\"Xi Fira del Mar i II Trobada de vela llatina 2012\" title=\"\"><\/a><script async src=\"\/\/embedr.flickr.com\/assets\/client-code.js\" charset=\"utf-8\"><\/script>\t\t\t\t<\/div>\n\t\t\t\t<\/div>\n\t\t\t\t<div class=\"elementor-element elementor-element-404fdfc elementor-widget elementor-widget-text-editor\" data-id=\"404fdfc\" data-element_type=\"widget\" data-e-type=\"widget\" data-widget_type=\"text-editor.default\">\n\t\t\t\t<div class=\"elementor-widget-container\">\n\t\t\t\t\t\t\t\t\t<h3>\u00a0\u00a0<\/h3><h3>Pauot<\/h3><p>El 28 d&#8217;octubre del 2019 vam incorporar la barca Pauot provinent de\u00a0la platja de sant Salvador. La Pauot\u00a0\u00e9s una barca de vela llatina fabricada en resina i fibra de vidre amb el motlle dissenyat per Miquel Feu l&#8217;any 1995 a les Drassanes Tallamar de Rub\u00ed. Se&#8217;n feren dos models: Un amb motor intern com la Xerina, i un segon nom\u00e9s a la vela que incorpora una orsa abatible com la Pauot. L&#8217;hem dotat d&#8217;un petit motor foraborda.<\/p><h3>\u00a0<\/h3><h3>Julieta<\/h3><p>La &#8220;Julieta&#8221;, barca de pesca calafellenca datada cap als anys 50.Restaurada als Astilleros Ricardo Borr\u00e1s pel mestre d&#8217;aixa Sr. Ramon Forner al 1985. Portava un motor de benzina; el darrer va ser un Soler de 6 CV. Des dels anys 80 pertanyia a la fam\u00edlia Sans (Can Pilis), que van ser cedida a l&#8217;Associaci\u00f3 l&#8217;octubre del 2010.<\/p><h3>\u00a0<\/h3><h3>Myriam<\/h3><h3>Verge del Carme<\/h3><h3>Pat\u00ed 614<\/h3><p>Aquesta pat\u00ed es va fabricar el 1969 per l&#8217;Antoni Soler a Badalona. Es mant\u00e9 totalment original, fidel al pl\u00e0nols establerts l&#8217;any 1943 per la classe pat\u00ed, basats en el disseny original dels germans Mong\u00e9. Des d&#8217;aquesta data el pat\u00ed no ha sofert cap canvi substancial, excepte l&#8217;augment de m\u00e0nega adm\u00e8s l&#8217;any 1973, de 145 a 160 cm.<\/p><p>Cada bot ha de ser restaurat per a poder navegar a la mar de Calafell i apropar la navegaci\u00f3 a tots els calafellencs.<\/p><p>Les seguents embarcacions encara no s&#8217;han restaurat.<\/p><h3>\u00a0<\/h3><h3>Helena<\/h3><p>L'&#8221;Elena&#8221;.Barca de pesca calafellenca de la fam\u00edlia Camil. Cedida el novembre el 2010.<\/p><h3>\u00a0<\/h3><h3>P\u00e0tria<\/h3><p>El &#8220;P\u00e0tria&#8221;, bot de salvament de l&#8217;any 191, \u00e9s una embarcaci\u00f3 que, segons el seu rol i full d&#8217;assentament, data de 1916.Per la seva estructura, sembla el bot auxiliar d&#8217;un pailebot o una embarcaci\u00f3 d&#8217;enlla\u00e7 entre pailebots, tot i que s&#8217;ha plantejat tamb\u00e9 que podria ser la falua del capit\u00e1 d&#8217;un vaixell de guerra. Estem pendents de rebre m\u00e9s informaci\u00f3 de la Comand\u00e0ncia de Marina d&#8217;Eivissa.Propietat del Sr. Josep Ribas (Eivissa), que la va cedir a l&#8217;Associaci\u00f3 gr\u00e0cies a les gestions del Sr. Francesc Figuerola a l&#8217;estiu de 2010.<\/p><h3>\u00a0<\/h3><h3>Ramon<\/h3><p>El &#8220;Ramon&#8221;, barca de pesca calafellenca cedida el 2013 pel seu patr\u00f3, el pescador jubilat Ramon Palau.<\/p>\t\t\t\t\t\t\t\t<\/div>\n\t\t\t\t<\/div>\n\t\t\t\t\t<\/div>\n\t\t\t\t<\/div>\n\t\t\t\t<\/div>\n\t\t","protected":false},"excerpt":{"rendered":"<p>Les nostres barques L'associaci\u00f3 ja disposa de 18 bots que hem recuperat per a Calafell i que estem restaurant a la seu. Per ara naveguen 9 d'aquests bots: Carlos Barral [&hellip;]<\/p>\n","protected":false},"author":1,"featured_media":0,"parent":0,"menu_order":49,"comment_status":"open","ping_status":"open","template":"","meta":{"footnotes":""},"class_list":["post-84","page","type-page","status-publish","hentry"],"_links":{"self":[{"href":"https:\/\/paticatalacalafell.cat\/es\/wp-json\/wp\/v2\/pages\/84","targetHints":{"allow":["GET"]}}],"collection":[{"href":"https:\/\/paticatalacalafell.cat\/es\/wp-json\/wp\/v2\/pages"}],"about":[{"href":"https:\/\/paticatalacalafell.cat\/es\/wp-json\/wp\/v2\/types\/page"}],"author":[{"embeddable":true,"href":"https:\/\/paticatalacalafell.cat\/es\/wp-json\/wp\/v2\/users\/1"}],"replies":[{"embeddable":true,"href":"https:\/\/paticatalacalafell.cat\/es\/wp-json\/wp\/v2\/comments?post=84"}],"version-history":[{"count":5,"href":"https:\/\/paticatalacalafell.cat\/es\/wp-json\/wp\/v2\/pages\/84\/revisions"}],"predecessor-version":[{"id":1848,"href":"https:\/\/paticatalacalafell.cat\/es\/wp-json\/wp\/v2\/pages\/84\/revisions\/1848"}],"wp:attachment":[{"href":"https:\/\/paticatalacalafell.cat\/es\/wp-json\/wp\/v2\/media?parent=84"}],"curies":[{"name":"wp","href":"https:\/\/api.w.org\/{rel}","templated":true}]}}