{"id":855,"date":"2024-03-05T15:08:00","date_gmt":"2024-03-05T15:08:00","guid":{"rendered":"https:\/\/mediumpurple-heron-149339.hostingersite.com\/?page_id=855"},"modified":"2024-03-05T15:10:05","modified_gmt":"2024-03-05T15:10:05","slug":"politica-de-privacitat","status":"publish","type":"page","link":"https:\/\/paticatalacalafell.cat\/es\/politica-de-privacitat\/","title":{"rendered":"Pol\u00edtica de privacidad"},"content":{"rendered":"\t\t<div data-elementor-type=\"wp-page\" data-elementor-id=\"855\" class=\"elementor elementor-855\" data-elementor-post-type=\"page\">\n\t\t\t\t<div class=\"elementor-element elementor-element-5078c76 e-flex e-con-boxed e-con e-parent\" data-id=\"5078c76\" data-element_type=\"container\" data-e-type=\"container\" data-settings=\"{&quot;background_background&quot;:&quot;classic&quot;,&quot;background_motion_fx_motion_fx_scrolling&quot;:&quot;yes&quot;,&quot;background_motion_fx_translateY_effect&quot;:&quot;yes&quot;,&quot;background_motion_fx_translateY_speed&quot;:{&quot;unit&quot;:&quot;px&quot;,&quot;size&quot;:1,&quot;sizes&quot;:[]},&quot;background_motion_fx_translateY_affectedRange&quot;:{&quot;unit&quot;:&quot;%&quot;,&quot;size&quot;:&quot;&quot;,&quot;sizes&quot;:{&quot;start&quot;:0,&quot;end&quot;:100}},&quot;background_motion_fx_devices&quot;:[&quot;desktop&quot;,&quot;tablet&quot;,&quot;mobile&quot;]}\">\n\t\t\t\t\t<div class=\"e-con-inner\">\n\t\t\t\t<div class=\"elementor-element elementor-element-a386c01 elementor-invisible elementor-widget elementor-widget-heading\" data-id=\"a386c01\" data-element_type=\"widget\" data-e-type=\"widget\" data-settings=\"{&quot;_animation&quot;:&quot;fadeInUp&quot;}\" data-widget_type=\"heading.default\">\n\t\t\t\t<div class=\"elementor-widget-container\">\n\t\t\t\t\t<h1 class=\"elementor-heading-title elementor-size-default\">Pol\u00edtica de privacitat<\/h1>\t\t\t\t<\/div>\n\t\t\t\t<\/div>\n\t\t\t\t\t<\/div>\n\t\t\t\t<\/div>\n\t\t<div class=\"elementor-element elementor-element-e678980 e-flex e-con-boxed e-con e-parent\" data-id=\"e678980\" data-element_type=\"container\" data-e-type=\"container\">\n\t\t\t\t\t<div class=\"e-con-inner\">\n\t\t\t\t<div class=\"elementor-element elementor-element-0752e14 elementor-widget elementor-widget-text-editor\" data-id=\"0752e14\" data-element_type=\"widget\" data-e-type=\"widget\" data-widget_type=\"text-editor.default\">\n\t\t\t\t<div class=\"elementor-widget-container\">\n\t\t\t\t\t\t\t\t\t<h2 data-pm-slice=\"1 1 []\"><strong>Qu\u00e8 s\u00f3n les\u00a0<em>cookies<\/em>?<\/strong><\/h2><p>Les\u00a0<em>cookies<\/em>\u00a0s\u00f3n petits arxius de dades que es reben en el terminal des del lloc web visitat i s\u2019usen per registrar certes interacciones de la navegaci\u00f3 en un lloc web emmagatzemant dades que podran ser actualitzades i recuperades. Aquests arxius s\u2019emmagatzemen en l\u2019ordinador de l\u2019usuari i contenen dades an\u00f2nimes que no s\u00f3n perjudicials per al seu equip. S\u2019utilitzen per recordar les prefer\u00e8ncies de l\u2019usuari, com ara l\u2019idioma seleccionat, les dades d\u2019acc\u00e9s o la personalitzaci\u00f3 de la p\u00e0gina.<\/p><p>Les\u00a0<em>cookies<\/em>\u00a0tamb\u00e9 poden ser utilitzades per registrar informaci\u00f3 an\u00f2nima sobre com utilitza el lloc el visitant. Per exemple, des de quina p\u00e0gina web hi ha accedit o si ha utilitzat un b\u00e0ner publicitari per arribar-hi.<\/p><p>\u00a0<\/p><h2><strong>Per qu\u00e8 AQUESTA WEB utilitza <em>cookies<\/em>?<\/strong><\/h2><p>AQUESTA WEB utilitza <em>cookies<\/em>\u00a0estrictament necess\u00e0ries i essencials perqu\u00e8 vost\u00e8 faci servir els nostres llocs web i pugui moure\u2019s lliurement, utilitzar \u00e0rees segures, configurar opcions personalitzades, etc. A m\u00e9s a m\u00e9s, utilitza\u00a0<em>cookies<\/em>\u00a0que recullen dades relatives a l\u2019an\u00e0lisi d\u2019\u00fas del web. Aquestes s\u2019utilitzen per ajudar a millorar el servei per l\u2019usuari, mesurant l\u2019\u00fas i el rendiment de la p\u00e0gina per optimitzar-la i personalitzar-la.<\/p><p>Els nostres llocs tamb\u00e9 poden tenir enlla\u00e7os de xarxes socials (com Facebook o Twitter). AQUESTA WEB no controla les <em>cookies<\/em>\u00a0utilitzades per aquests webs externs. Per a m\u00e9s informaci\u00f3 sobre les<em>cookies<\/em>\u00a0de les xarxes socials o altres webs aliens, aconsellem que revisi les seves pr\u00f2pies pol\u00edtiques de\u00a0<em>cookies<\/em>.<\/p><p>\u00a0<\/p><h2><strong>Quin \u00fas donem als diferents tipus de\u00a0<em>cookies<\/em>?<\/strong><\/h2><h3><strong>Segons la seva finalitat:<\/strong><\/h3><p><strong>Cookies t\u00e8cniques<\/strong><\/p><p>Les\u00a0<em>cookies<\/em>\u00a0t\u00e8cniques s\u00f3n aquelles imprescindibles i estrictament necess\u00e0ries per al funcionament correcte d\u2019un portal web i la utilitzaci\u00f3 de les diferents opcions i serveis que ofereix.<\/p><p>Per exemple, les que serveixen per al manteniment de la sessi\u00f3, gesti\u00f3 del temps de resposta, rendiment o validaci\u00f3 d\u2019opcions, \u00fas d\u2019elements de seguretat, compartici\u00f3 de contingut amb xarxes socials, etc.<\/p><p><strong>Cookies de personalitzaci\u00f3<\/strong><\/p><p>Aquestes\u00a0<em>cookies<\/em>\u00a0permeten a l\u2019usuari especificar o personalitzar algunes caracter\u00edstiques de les opcions generales de la p\u00e0gina web. Per exemple, definir l\u2019idioma, la configuraci\u00f3 regional o el tipus de navegador.<\/p><p><strong>Cookies anal\u00edtiques<\/strong><\/p><p>Les\u00a0<em>cookies<\/em>\u00a0anal\u00edtiques s\u00f3n les utilitzades pels nostres portals web per elaborar perfils de navegaci\u00f3 i poder con\u00e8ixer les prefer\u00e8ncies dels usuaris amb la finalitat de millorar l\u2019oferta de productes i serveis.<\/p><p>Per exemple, mitjan\u00e7ant una\u00a0<em>cookie<\/em>\u00a0anal\u00edtica es controlarien les \u00e0rees geogr\u00e0fiques de m\u00e9s inter\u00e8s d\u2019un usuari, quin \u00e9s el producte de m\u00e9s acceptaci\u00f3, etc.<\/p><p><strong>Cookies publicit\u00e0ries \/ de publicitat<\/strong><\/p><p>Les\u00a0<em>cookies<\/em>\u00a0publicit\u00e0ries permeten la gesti\u00f3 dels espais publicitaris d\u2019acord amb criteris concrets. Per exemple, la freq\u00fc\u00e8ncia d\u2019acc\u00e9s, el contingut editat, etc.<\/p><p>Les\u00a0<em>cookies<\/em>\u00a0publicit\u00e0ries permeten, a trav\u00e9s de la gesti\u00f3 de la publicitat, emmagatzemar informaci\u00f3 del comportament a trav\u00e9s de l\u2019observaci\u00f3 d\u2019h\u00e0bits, estudiant els accessos i formant un perfil de prefer\u00e8ncies de l\u2019usuari, per oferir-li publicitat relacionada amb els interessos del seu perfil.<\/p><h3><strong>Segons termini:<\/strong><\/h3><p><strong>Cookies de sessi\u00f3<\/strong><\/p><p>Les\u00a0<em>cookies<\/em>\u00a0de sessi\u00f3 s\u00f3n aquelles que duren el temps que l\u2019usuari est\u00e0 navegant per la p\u00e0gina web i s\u2019esborren quan acaba de fer-ho.<\/p><p><strong>Cookies persistents<\/strong><\/p><p>Aquestes\u00a0<em>cookies<\/em>\u00a0queden emmagatzemades en el terminal de l\u2019usuari durant un temps m\u00e9s llarg, facilitant aix\u00ed el control de les prefer\u00e8ncies triades sense haver de repetir certs par\u00e0metres cada vegada que es visiti el lloc web.<\/p><p>\u00a0<\/p><h2><strong>I si no vull tenir aquestes\u00a0<em>cookies<\/em>\u00a0o no en faig res?<\/strong><\/h2><p>Per complir amb la legislaci\u00f3 vigent, hem de demanar-li perm\u00eds per gestionar\u00a0<em>cookies<\/em>. Si decideix no autoritzar el tractament indicant-nos que no hi est\u00e0 d\u2019acord, nom\u00e9s utilitzar\u00edem les\u00a0<em>cookies<\/em>\u00a0t\u00e8cniques, ja que s\u00f3n imprescindibles per navegar pel nostre web. En aquest cas, no emmagatzemar\u00edem cap <em>cookie<\/em>. Si continua navegant pel nostre lloc web sense denegar-ne l\u2019autoritzaci\u00f3, aix\u00f2 implica que n\u2019accepta l\u2019\u00fas.<\/p><p>Tingui en compte que si rebutja o esborra les\u00a0<em>cookies<\/em>\u00a0de navegaci\u00f3 pel web , no podrem mantenir les seves prefer\u00e8ncies, algunes caracter\u00edstiques de les p\u00e0gines no estaran operatives, no podrem oferir-li serveis personalitzats i cada vegada que navegui pel nostre web haurem de sol\u00b7licitar-li de nou la seva autoritzaci\u00f3 per a l\u2019\u00fas de\u00a0<em>cookies<\/em>.<\/p><p>Si, tot i aix\u00f2, decideix modificar la configuraci\u00f3 del seu acc\u00e9s a la p\u00e0gina web, ha de saber que \u00e9s possible eliminar les\u00a0<em>cookies<\/em>\u00a0o impedir que es registre aquesta informaci\u00f3 en el seu equip en qualsevol moment mitjan\u00e7ant la modificaci\u00f3 dels par\u00e0metres de configuraci\u00f3 del seu navegador:<\/p><ul><li><p><a href=\"https:\/\/windows.microsoft.com\/es-es\/windows-vista\/block-or-allow-cookies\" target=\"_blanc\" rel=\"noopener noreferrer nofollow\">Configuraci\u00f3 de\u00a0<em>cookies<\/em>\u00a0d\u2019Internet Explorer<\/a><\/p><\/li><li><p><a href=\"https:\/\/support.mozilla.org\/ca\/kb\/enable-and-disable-cookies-website-preferences\" target=\"_blanc\" rel=\"noopener noreferrer nofollow\">Configuraci\u00f3 de\u00a0<em>cookies<\/em>\u00a0de Firefox<\/a><\/p><\/li><li><p><a href=\"https:\/\/support.google.com\/chrome\/answer\/95647?hl=ca\" target=\"_blanc\" rel=\"noopener noreferrer nofollow\">Configuraci\u00f3 de\u00a0<em>cookies<\/em>\u00a0de Google Chrome<\/a><\/p><\/li><li><p><a href=\"https:\/\/support.apple.com\/kb\/HT1677?viewlocale=es_ES&amp;locale=es_ES\" target=\"_blanc\" rel=\"noopener noreferrer nofollow\">Configuraci\u00f3 de\u00a0<em>cookies<\/em>\u00a0de Safari<\/a><\/p><\/li><\/ul><p>Aquests navegadors estan sotmesos a actualitzacions o modificacions, per la qual cosa no podem garantir que s\u2019ajustin completament a la versi\u00f3 del seu navegador. Tamb\u00e9 pot ser que utilitzi un altre navegador no contemplat en aquests enlla\u00e7os com Konqueror, Arora, Flock, etc.<\/p><p>Per evitar aquests desajustos, pot accedir directament des de les opcions del seu navegador que es troba generalment al men\u00fa d\u2019Opcions, a la secci\u00f3 de \u201cPrivadesa\u201d. (Si us plau, consulteu l\u2019ajuda del seu navegador per m\u00e9s informaci\u00f3.)<\/p><p>\u00a0<\/p><h2><strong>Les dades recollides en les\u00a0<em>cookies<\/em>, es fan servir en webs que no s\u00f3n d\u2019AQUESTA WEB?<\/strong><\/h2><p>Alguna de les nostres\u00a0<em>cookies<\/em> s\u2019utilitza per generar publicitat en xarxes de tercers o per fer anal\u00edtiques per a les quals utilitzem eines externes a AQUESTA WEB. Les\u00a0<em>cookies<\/em>\u00a0emprades s\u00f3n per a \u00fas exclusiu del banc i el seu grup d\u2019empreses, que en cap cas les comercialitza.<\/p><p>En AQUESTA WEB treballem amb prove\u00efdors de confian\u00e7a que ens ajuden en la gesti\u00f3 i personalitzaci\u00f3 de les nostres p\u00e0gines web.<\/p><p>\u00a0<\/p><h2><strong>Aleshores, qu\u00e8 significa la informaci\u00f3 anterior?<\/strong><\/h2><p>Si accepta les nostres\u00a0<em>cookies<\/em>, ens permet la millora dels webs d&#8217;AQUESTA WEB per oferir-li un acc\u00e9s \u00f2ptim i donar-li un servei m\u00e9s efica\u00e7 i personalitzat.<\/p><p>A m\u00e9s a m\u00e9s, vost\u00e8 pot configurar el seu navegador per establir que sols els llocs web de confian\u00e7a o les p\u00e0gines per qu\u00e8 est\u00e0 navegant en aquest moment puguin gestionar\u00a0<em>cookies<\/em>, la qual cosa li permet seleccionar les seves prefer\u00e8ncies.<\/p><p>Amb aquesta pol\u00edtica, AQUESTA WEB demostra el comprom\u00eds adquirit amb la legislaci\u00f3 vigent sobre l\u2019\u00fas de <em>cookies<\/em>, donant-li informaci\u00f3 perqu\u00e8 vost\u00e8 pugui comprendre quin tipus de\u00a0<em>cookies<\/em>utilitzarem i per qu\u00e8 ho fem. Amb aix\u00f2 pretenem proporcionar-li transpar\u00e8ncia en relaci\u00f3 a les dades tractades durant la navegaci\u00f3 feta des del seu equip en el nostre web.<\/p><p>Aquesta pol\u00edtica es revisa peri\u00f2dicament per assegurar la seva vig\u00e8ncia, per la qual cosa pot ser modificada. Li recomanem que visiti la p\u00e0gina amb regularitat, on l\u2019informarem de qualsevol actualitzaci\u00f3.<\/p><p>\u00a0<\/p><h2><strong>On puc obtenir m\u00e9s informaci\u00f3?<\/strong><\/h2><p>Si necessita obtenir m\u00e9s informaci\u00f3 sobre la directiva de\u00a0<em>cookies<\/em>, si us plau, consulti el\u00a0Butllet\u00ed Oficial de l\u2019Estat\u00a0publicat el passat 31 de mar\u00e7 de 2012 (per a Espanya), en qu\u00e8 es transposen les directives en mat\u00e8ria de comunicacions electr\u00f2niques. Tamb\u00e9 es pot consultar la directiva a\u00a0<a href=\"https:\/\/ico.org.uk\/\" target=\"_blank\" rel=\"noopener noreferrer nofollow\">Information Commissioner Office<\/a>\u00a0(en angl\u00e8s).<\/p><p>Addicionalment, pot accedir a uns v\u00eddeos did\u00e0ctics publicats per l\u2019Ag\u00e8ncia Espanyola de Protecci\u00f3 de Dades en qu\u00e8 s\u2019explica, pas a pas, com configurar les opcions de privacitat dels navegadors, les xarxes socials i els sistemes operatius m\u00f2bils m\u00e9s comuns, a\u00a0<a href=\"https:\/\/www.youtube.com\/user\/desdelaAEPD\" target=\"_blank\" rel=\"noopener noreferrer nofollow\">V\u00eddeos AEPD<\/a>.<\/p>\t\t\t\t\t\t\t\t<\/div>\n\t\t\t\t<\/div>\n\t\t\t\t\t<\/div>\n\t\t\t\t<\/div>\n\t\t\t\t<\/div>\n\t\t","protected":false},"excerpt":{"rendered":"<p>Pol\u00edtica de privacitat Qu\u00e8 s\u00f3n les\u00a0cookies? Les\u00a0cookies\u00a0s\u00f3n petits arxius de dades que es reben en el terminal des del lloc web visitat i s\u2019usen per registrar certes interacciones de la [&hellip;]<\/p>\n","protected":false},"author":1,"featured_media":0,"parent":0,"menu_order":0,"comment_status":"closed","ping_status":"closed","template":"","meta":{"footnotes":""},"class_list":["post-855","page","type-page","status-publish","hentry"],"_links":{"self":[{"href":"https:\/\/paticatalacalafell.cat\/es\/wp-json\/wp\/v2\/pages\/855","targetHints":{"allow":["GET"]}}],"collection":[{"href":"https:\/\/paticatalacalafell.cat\/es\/wp-json\/wp\/v2\/pages"}],"about":[{"href":"https:\/\/paticatalacalafell.cat\/es\/wp-json\/wp\/v2\/types\/page"}],"author":[{"embeddable":true,"href":"https:\/\/paticatalacalafell.cat\/es\/wp-json\/wp\/v2\/users\/1"}],"replies":[{"embeddable":true,"href":"https:\/\/paticatalacalafell.cat\/es\/wp-json\/wp\/v2\/comments?post=855"}],"version-history":[{"count":4,"href":"https:\/\/paticatalacalafell.cat\/es\/wp-json\/wp\/v2\/pages\/855\/revisions"}],"predecessor-version":[{"id":859,"href":"https:\/\/paticatalacalafell.cat\/es\/wp-json\/wp\/v2\/pages\/855\/revisions\/859"}],"wp:attachment":[{"href":"https:\/\/paticatalacalafell.cat\/es\/wp-json\/wp\/v2\/media?parent=855"}],"curies":[{"name":"wp","href":"https:\/\/api.w.org\/{rel}","templated":true}]}}