{"id":861,"date":"2024-03-05T15:14:39","date_gmt":"2024-03-05T15:14:39","guid":{"rendered":"https:\/\/mediumpurple-heron-149339.hostingersite.com\/?page_id=861"},"modified":"2025-09-16T08:22:12","modified_gmt":"2025-09-16T07:22:12","slug":"associacio-pati-catala-calafell","status":"publish","type":"page","link":"https:\/\/paticatalacalafell.cat\/es\/associacio-pati-catala-calafell\/","title":{"rendered":"La Asociaci\u00f3n"},"content":{"rendered":"\n<h1 class=\"wp-block-heading\">L'Associaci\u00f3<\/h1>\n\n\n\n<h2 class=\"wp-block-heading\">L'associaci\u00f3 Pat\u00ed Catal\u00e0 i Vela Llatina de Calafell<\/h2>\n\n\n\n<p>Es va constituir el dissabte dia 30 de gener del 2010, per part d'un grup de calafellencs amants del pat\u00ed catal\u00e0 i de les tradicions marineres.<\/p>\n\n\n\n<p>Els&nbsp;<a title=\"Projecte de l'associaci\u00f3 a 5 anys\" href=\"https:\/\/paticatalacalafell.cat\/images\/associacio\/ProjecteAssociacio_2010_novembre.pdf\" target=\"_blank\" rel=\"noopener\">objectius&nbsp;de l'associaci\u00f3<\/a>, de caire esportiu i cultural, son dos: la pr\u00e0ctica de l\u2019esport del pat\u00ed catal\u00e0 i la recuperaci\u00f3 de les tradicions marineres de la platja de Calafell, m\u00e9s en concret les relacionades amb les embarcacions de vela llatina.<\/p>\n\n\n\n<p>Respecte al primer objectiu, pret\u00e9n establir un varader a la platja i potenciar l'\u00fas d'aquesta embarcaci\u00f3 entre el calafellencs, ampliant l'actual flota. En aquest sentit es vol consolidar la regata de la Festa Major de Sant Pere. Apart, es vol establir contactes permanents amb altres associacions i clubs de pat\u00ed catal\u00e0 per a la celebraci\u00f3 d\u2019activitats conjuntes.<\/p>\n\n\n\n<p>Respecte al segon objectiu, inicialment es pretenia recuperar per a l\u2019any 2012\u00a0una embarcaci\u00f3 calafellenca hist\u00f2rica moguda amb aquest tipus de vela. Aquest objectiu s'ha superat amb escreix: al 2011 ja navegava a Calafell el \"Pal i Fusa\"; al 2012 han navegat la \"Lola\" i la \"Montserrat\", al 2013 la \"Carlos Barral\". I estem continuant per a restaurar moltes altres embarcacions que tenim a les drassanes.<\/p>\n\n\n\n<p>L'associaci\u00f3 est\u00e0 oberta a tothom que estimi la mar i la vela, i vulgui participar en la recuperaci\u00f3 d'aquest llegat a Calafell.<\/p>\n\n\n\n<figure class=\"wp-block-image\"><img decoding=\"async\" src=\"https:\/\/paticatalacalafell.cat\/wp-content\/uploads\/2024\/03\/8648146277_d0b45c5f09.jpg\" alt=\"Associaci\u00f3 Pat\u00ed Catal\u00e0 Calafell\" title=\"\"><\/figure>\n\n\n\n<p><\/p>\n\n\n\n<p><em>[...] Posen de manifest que, Calafell va ser durant anys una platja molt important pel que refereix a la navegaci\u00f3 d\u2019embarcacions tradicionals catalanes a vela, principalment el pat\u00ed catal\u00e0. Era una poblaci\u00f3 que destacava tant per quantitat d\u2019embarcacions varades a la seva platja, com de les nombroses regates que s\u2019efectuaven durant l\u2019any.<\/em><\/p>\n\n\n\n<p><em>Donat que aquesta flota, que antuvi fou molt important i reconeguda arreu de Catalunya, a anat minvant fins arribar avui a una m\u00ednima expressi\u00f3.<\/em><\/p>\n\n\n\n<p><em>Donat que tots els assistents a aquesta reuni\u00f3, tenen la voluntat de recuperar aquestes embarcacions i tradicions, propagar l\u2019\u00fas a totes les entitats locals, escoles&nbsp; i persones en general de Calafell. [...]<\/em><\/p>\n\n\n\n<figure class=\"wp-block-image\"><img decoding=\"async\" src=\"https:\/\/paticatalacalafell.cat\/wp-content\/uploads\/2024\/03\/48550729941_c636ed35bc.jpg\" alt=\"\" title=\"\"><\/figure>\n\n\n\n<p><\/p>\n\n\n\n<h2 class=\"wp-block-heading\">Qu\u00e8 fem?<\/h2>\n\n\n\n<p>Fem tot un seguit d'activitats culturals, esportives i socials per tal d'assolir els objectius fixats per l'associaci\u00f3.<\/p>\n\n\n\n<h3 class=\"wp-block-heading\">Activitats l\u00fadiques i esportives<\/h3>\n\n\n\n<p>Disposem d'un varador a la sorra per patins i un moll al port on tenim les embarcacions de vela llatina.<\/p>\n\n\n\n<ul class=\"wp-block-list\">\n<li>Sortim a navegar a vela llatina amb les nostres embarcacions<\/li>\n\n\n\n<li>Participem en Trobades de vela llatina arreu de Catalunya<\/li>\n\n\n\n<li>Organitzem regates de vela, tant la Trobada de pat\u00ed catal\u00e0 de la Festa Major<\/li>\n\n\n\n<li>Altres activitats de vela, com petites travesses en pat\u00ed<\/li>\n<\/ul>\n\n\n\n<h3 class=\"wp-block-heading\">Activitats hist\u00f2riques i culturals<\/h3>\n\n\n\n<ul class=\"wp-block-list\">\n<li>Tert\u00falies de taverna o reunions amb altres entitats dedicades a la conservaci\u00f3 del patrimoni<\/li>\n\n\n\n<li>Recuperaci\u00f3 del patrimoni n\u00e0utic<\/li>\n\n\n\n<li>Ecomuseu a la Platja<\/li>\n\n\n\n<li>Participaci\u00f3 activa en la Fira del Mar<\/li>\n\n\n\n<li>Exposicions<\/li>\n\n\n\n<li>Visites guiades a la seu, especialment d'escoles<\/li>\n<\/ul>\n\n\n\n<h3 class=\"wp-block-heading\">Activitats socials<\/h3>\n\n\n\n<ul class=\"wp-block-list\">\n<li>Fer del varador i del p\u00f2sit un \u00e0gora de mariners<\/li>\n\n\n\n<li>Trobades o \u00e0pets de socis, com esmorzars, cal\u00e7otades o ranxos mariners<\/li>\n<\/ul>\n\n\n\n<figure class=\"wp-block-image\"><img decoding=\"async\" src=\"https:\/\/paticatalacalafell.cat\/wp-content\/uploads\/2024\/03\/PatiCatalaTriptic_1_Inspiracio.jpg\" alt=\"\" title=\"\"><\/figure>\n\n\n\n<p><\/p>\n\n\n\n<h2 class=\"wp-block-heading\">Qui som?<\/h2>\n\n\n\n<p>Actualment la junta (des de juny de 2023) est\u00e0 composta per:<\/p>\n\n\n\n<ul class=\"wp-block-list\">\n<li>President: Josep Sierra Mir\u00f3<\/li>\n\n\n\n<li>Sotspresident: Joaquim Vidal i Ravent\u00f3s<\/li>\n\n\n\n<li>Sotspresident 2n: Jordi Rascado Rodas<\/li>\n\n\n\n<li>Secretari: Josep Mar\u00edn Hern\u00e1ndez<\/li>\n\n\n\n<li>Tresorera: Maribel Tortosa Guardia<\/li>\n\n\n\n<li>Vocals: Patr\u00edcia Sitges Garriga, Joan Antoni Bardalet i Andr\u00e9s S\u00e1nchez Vega<\/li>\n<\/ul>\n\n\n\n<figure class=\"wp-block-image\"><img decoding=\"async\" src=\"https:\/\/paticatalacalafell.cat\/wp-content\/uploads\/2024\/03\/PatiCatalaTriptic_2_Junta.jpg\" alt=\"\" title=\"\"><\/figure>\n\n\n\n<p><\/p>\n\n\n\n<address>\n<p>Imatge dels socis fundadors, l'any 2010. D'esquerra a dreta: Josep Inglada, Jordi Rascado, Pere Bertran, Salvador Ravent\u00f3s, Ferran Barri, Albert Vidal, Francesc Figuerola, \u00d2scar Vidal, Joaquim Vidal, Joan Carles Guasch i Ricard Cos. Des de llavors els membres de la Junta han anat canviant.<\/p>\n<\/address>\n\n\n\n<figure class=\"wp-block-image\"><img decoding=\"async\" src=\"https:\/\/paticatalacalafell.cat\/wp-content\/uploads\/2024\/03\/48174379291_d74caed1f6.jpg\" alt=\"\" title=\"\"><\/figure>\n\n\n\n<p><\/p>\n\n\n\n<h2 class=\"wp-block-heading\">On som?<\/h2>\n\n\n\n<p>La seu de Pat\u00ed Catal\u00e0 Calafell&nbsp;es troba en l'espai de l'antigua Destil\u00b7leria de l'Hostal, a la Carretera del Sanatori n\u00ba 3, de Calafell Platja (43820).&nbsp;<\/p>\n\n\n\n<p><em>lat='41.19104' ; lon='1.573378'<\/em><\/p>\n\n\n\n<ul class=\"wp-block-list\">\n<li><br>El Port:<\/li>\n<\/ul>\n\n\n\n<p>Les barques de vela llatina de l'associaci\u00f3 estan amarrades al port de Segur, gr\u00e0cies les facilitats que ens porporciona la Capitania del Port.<\/p>\n\n\n\n<p>Sortim amb elles cada setmana: a l'estiu fem batejos de mar els divendres&nbsp; ala tarda i a l'hivern els dissabtes al mat\u00ed.<\/p>\n\n\n\n<ul class=\"wp-block-list\">\n<li><br>El varador:<\/li>\n<\/ul>\n\n\n\n<p>Des del 2010 fins el 2015 el varader a la platja es troba davant l'hist\u00f2ric edifici de la Confradia de Pescadors de Calafell.&nbsp;<em>lat='41.186400' ; lon='1.569838'<\/em>. Esperem tornar-hi algun dia!<\/p>\n\n\n\n<p>Despr\u00e9s de n\u00e8ixer al varador al costat de la Confraria, i traslladar-nos el 2016 al costat del Club N\u00e0utic Tennis Calafell, finalment estem al final de Calafell al costat del trajo de l'Espineta.<\/p>\n\n\n\n<article>\n<section>\n<p>Es dona la circumst\u00e0ncia que el primer lloc on es reuniren els primers patinaires i aficionats a la navegaci\u00f3 a vela de Calafell, es troba en aquest mateix indret, on abans es trobaba el Bar Marina.<\/p>\n<\/section>\n<\/article>\n\n\n\n<footer id=\"t3-footer\">&nbsp;<\/footer>\n\n\n\n<p><em>Les primeres not\u00edcies documentades&nbsp;de l\u2019hostal es remunten al 1787, quan en un registre baptismal es menciona l\u2019Hostal Caigut o Hostal del Trillas. L\u2019establiment estava situat al peu d\u2019un cam\u00ed reial, al indret conegut com \u201cels quatre camins\u201d, on conflu\u00efen els camins de Vilanova, Torredembarra i la Platja i el Poble de Calafell.<\/em><\/p>\n\n\n\n<p><em>Al 1853 les terres de l\u2019hostal, aix\u00ed com les de la S\u00ednia i el Vilarenc, pertanyien a Joan Sam\u00e0 i Mart\u00ed, Marqu\u00e9s de Sam\u00e0. A la seva mort, el seu nebot Ernest Torrents i Sam\u00e0 heret\u00e0 la propietat i al 1868 va fer posar la placa amb les seves inicials a la reixa principal que avui encara existeix. Entre tots dos van fer possible la construcci\u00f3 de la Destil\u2022leria o \u201cfacina\u201d al lloc de l\u2019hostal.<\/em><\/p>\n\n\n\n<p><em>El complex era semblant als que els Sam\u00e0 tenien a Cuba. Al davant, un baluard tancat per a c\u00e0rrega i desc\u00e0rrega. A la dreta hi havia l\u2019estable i els porxos per a carruatges, juntament amb el pou i l\u2019abeurador. A l\u2019esquerra, el magatzem de b\u00f3tes. Una gran porta d\u2019entrada donava pas a un edifici industrial de quatre naus separades per arcs de mig punt i teulada a dues vessants. A la primera nau hi havia un gran dip\u00f2sit per posar-hi el vi i a les altres tres naus es feia el destil\u2022lat i l\u2019emmagatzematge.<\/em><\/p>\n\n\n\n<p><em>La Destil\u2022leria constitueix un magn\u00edfic exemple de l\u2019arquitectura industrial de meitat del segle XIX. Era una construcci\u00f3 lleugera, espaiosa, sense detalls decoratius i feta d\u2019obra mixta de totxo i ma\u00e7oneria de cal\u00e7 i pedra.<\/em><\/p>\n\n\n\n<p><em>La import\u00e0ncia de la Destil\u2022leria del l\u2019Hostal era tanta que la l\u00ednea de tren de la costa es va fer passar just per sota i al 1888 l\u2019estaci\u00f3 de Calafell es va ubicar pr\u00e0cticament al costat.<\/em><\/p>\n\n\n\n<p><em>Al 1884, les instal\u2022lacions es van fer servir de llatzeret durant una epid\u00e8mia de c\u00f2lera.<\/em><\/p>\n\n\n\n<p><em>La ru\u00efna dels Sam\u00e0, deguda especialment a l\u2019enfonsament de les accions del ferrocarril i a la crisi de la fil\u2022loxera, va comportar la venda de la finca a les acaballes del segle XIX.<\/em><\/p>\n\n\n\n<p><em>Al 1899, Francesca Barber\u00e0 era la propiet\u00e0ria de d\u2019indret i va fer construir la capella de Sant Antoni, d\u2019estil neorom\u00e0nic. Va llegar la propietat a la parr\u00f2quia de Calafell, i no va ser fins al darrer quart del segle XX que les instal\u2022lacions van passar a mans privades.<\/em><\/p>\n\n\n\n<p>Extret del llibre&nbsp;\"Cacics, Indians i propietaris\", &nbsp;de J. Santacana i Revilla.<\/p>\n","protected":false},"excerpt":{"rendered":"<p>L'Associaci\u00f3 L'associaci\u00f3 Pat\u00ed Catal\u00e0 i Vela Llatina de Calafell Es va constituir el dissabte dia 30 de gener del 2010, per part d'un grup de calafellencs amants del pat\u00ed catal\u00e0 [&hellip;]<\/p>\n","protected":false},"author":3,"featured_media":0,"parent":0,"menu_order":0,"comment_status":"closed","ping_status":"closed","template":"elementor_header_footer","meta":{"footnotes":""},"class_list":["post-861","page","type-page","status-publish","hentry"],"_links":{"self":[{"href":"https:\/\/paticatalacalafell.cat\/es\/wp-json\/wp\/v2\/pages\/861","targetHints":{"allow":["GET"]}}],"collection":[{"href":"https:\/\/paticatalacalafell.cat\/es\/wp-json\/wp\/v2\/pages"}],"about":[{"href":"https:\/\/paticatalacalafell.cat\/es\/wp-json\/wp\/v2\/types\/page"}],"author":[{"embeddable":true,"href":"https:\/\/paticatalacalafell.cat\/es\/wp-json\/wp\/v2\/users\/3"}],"replies":[{"embeddable":true,"href":"https:\/\/paticatalacalafell.cat\/es\/wp-json\/wp\/v2\/comments?post=861"}],"version-history":[{"count":8,"href":"https:\/\/paticatalacalafell.cat\/es\/wp-json\/wp\/v2\/pages\/861\/revisions"}],"predecessor-version":[{"id":4761,"href":"https:\/\/paticatalacalafell.cat\/es\/wp-json\/wp\/v2\/pages\/861\/revisions\/4761"}],"wp:attachment":[{"href":"https:\/\/paticatalacalafell.cat\/es\/wp-json\/wp\/v2\/media?parent=861"}],"curies":[{"name":"wp","href":"https:\/\/api.w.org\/{rel}","templated":true}]}}