{"id":960,"date":"2024-03-06T12:29:55","date_gmt":"2024-03-06T12:29:55","guid":{"rendered":"https:\/\/mediumpurple-heron-149339.hostingersite.com\/?page_id=960"},"modified":"2024-03-07T10:56:37","modified_gmt":"2024-03-07T10:56:37","slug":"ecomuseu","status":"publish","type":"page","link":"https:\/\/paticatalacalafell.cat\/es\/ecomuseu\/","title":{"rendered":"El ecomuseo"},"content":{"rendered":"\t\t<div data-elementor-type=\"wp-page\" data-elementor-id=\"960\" class=\"elementor elementor-960\" data-elementor-post-type=\"page\">\n\t\t\t\t<div class=\"elementor-element elementor-element-2d9104bc e-flex e-con-boxed e-con e-parent\" data-id=\"2d9104bc\" data-element_type=\"container\" data-e-type=\"container\" data-settings=\"{&quot;background_background&quot;:&quot;classic&quot;,&quot;background_motion_fx_motion_fx_scrolling&quot;:&quot;yes&quot;,&quot;background_motion_fx_translateY_effect&quot;:&quot;yes&quot;,&quot;background_motion_fx_translateY_speed&quot;:{&quot;unit&quot;:&quot;px&quot;,&quot;size&quot;:1,&quot;sizes&quot;:[]},&quot;background_motion_fx_translateY_affectedRange&quot;:{&quot;unit&quot;:&quot;%&quot;,&quot;size&quot;:&quot;&quot;,&quot;sizes&quot;:{&quot;start&quot;:0,&quot;end&quot;:100}},&quot;background_motion_fx_devices&quot;:[&quot;desktop&quot;,&quot;tablet&quot;,&quot;mobile&quot;]}\">\n\t\t\t\t\t<div class=\"e-con-inner\">\n\t\t\t\t<div class=\"elementor-element elementor-element-5751ece7 elementor-invisible elementor-widget elementor-widget-heading\" data-id=\"5751ece7\" data-element_type=\"widget\" data-e-type=\"widget\" data-settings=\"{&quot;_animation&quot;:&quot;fadeInUp&quot;}\" data-widget_type=\"heading.default\">\n\t\t\t\t<div class=\"elementor-widget-container\">\n\t\t\t\t\t<h1 class=\"elementor-heading-title elementor-size-default\">L'Ecomuseu<\/h1>\t\t\t\t<\/div>\n\t\t\t\t<\/div>\n\t\t\t\t\t<\/div>\n\t\t\t\t<\/div>\n\t\t<div class=\"elementor-element elementor-element-38e6f81f e-con-full e-flex e-con e-parent\" data-id=\"38e6f81f\" data-element_type=\"container\" data-e-type=\"container\" data-settings=\"{&quot;background_background&quot;:&quot;classic&quot;,&quot;background_motion_fx_motion_fx_scrolling&quot;:&quot;yes&quot;,&quot;background_motion_fx_translateY_effect&quot;:&quot;yes&quot;,&quot;background_motion_fx_translateY_speed&quot;:{&quot;unit&quot;:&quot;px&quot;,&quot;size&quot;:5,&quot;sizes&quot;:[]},&quot;background_motion_fx_translateY_affectedRange&quot;:{&quot;unit&quot;:&quot;%&quot;,&quot;size&quot;:&quot;&quot;,&quot;sizes&quot;:{&quot;start&quot;:0,&quot;end&quot;:100}},&quot;background_motion_fx_devices&quot;:[&quot;desktop&quot;,&quot;tablet&quot;,&quot;mobile&quot;]}\">\n\t\t\t\t<\/div>\n\t\t<div class=\"elementor-element elementor-element-525a298d e-con-full e-flex e-con e-parent\" data-id=\"525a298d\" data-element_type=\"container\" data-e-type=\"container\">\n\t\t<div class=\"elementor-element elementor-element-760cf66 e-con-full e-flex e-con e-child\" data-id=\"760cf66\" data-element_type=\"container\" data-e-type=\"container\">\n\t\t\t\t<div class=\"elementor-element elementor-element-4f696adf elementor-widget elementor-widget-heading\" data-id=\"4f696adf\" data-element_type=\"widget\" data-e-type=\"widget\" data-widget_type=\"heading.default\">\n\t\t\t\t<div class=\"elementor-widget-container\">\n\t\t\t\t\t<h2 class=\"elementor-heading-title elementor-size-default\">Recuperaci\u00f3 del passat mariner<\/h2>\t\t\t\t<\/div>\n\t\t\t\t<\/div>\n\t\t\t\t<div class=\"elementor-element elementor-element-793b4218 elementor-invisible elementor-widget elementor-widget-text-editor\" data-id=\"793b4218\" data-element_type=\"widget\" data-e-type=\"widget\" data-settings=\"{&quot;_animation&quot;:&quot;fadeIn&quot;,&quot;_animation_delay&quot;:650}\" data-widget_type=\"text-editor.default\">\n\t\t\t\t<div class=\"elementor-widget-container\">\n\t\t\t\t\t\t\t\t\t<p>Com b\u00e9 \u00e9s sabut, Calafell t\u00e9 un passat mariner molt important que el pas del temps i l&#8217;augment del turisme ha fet desapar\u00e8ixer. Creiem que \u00e9s molt important poder recuperar aquest passat mariner i que la platja, almenys davant de la Confraria de Pescadors, pugui recuperar la fa\u00e7ana mar\u00edtima que a principis del s. XX i fins la d\u00e8cada dels setanta va ser l\u2019estampa t\u00edpica i caracter\u00edstica del nostre municipi.<\/p><p>Per tot aix\u00f2, durant la Fira del Mar 2013 l&#8217;Ajuntament de Calafell i el Pat\u00ed Catal\u00e0 Calafell varen decidir crear del primer Ecomuseu Flotant de la Costa Daurada. Els objectius eren recuperar la cultura marinera i aportar un valor diferenciador a la nostra platja, a m\u00e9s d\u2019afegir l&#8217;etiqueta de \u201ccultura\u201d al costat de la de \u201csol i platja\u201d de la nostra Costa Daurada.<\/p><p>Aquest projecte consistia en una s\u00e8rie de plafons instal\u00b7lats a la sorra amb diferents tem\u00e0tiques, i amb un codi QR que permetia ampliar la informaci\u00f3 en un web creat espec\u00edfic.<\/p><p>Malauradament, tot l&#8217;Ecomuseu es va desmuntar despr\u00e9s de l&#8217;estiu.<\/p>\t\t\t\t\t\t\t\t<\/div>\n\t\t\t\t<\/div>\n\t\t\t\t<\/div>\n\t\t<div class=\"elementor-element elementor-element-5bcc55ed e-con-full e-flex e-con e-child\" data-id=\"5bcc55ed\" data-element_type=\"container\" data-e-type=\"container\">\n\t\t\t\t<div class=\"elementor-element elementor-element-2835cbb1 elementor-widget__width-initial elementor-widget-mobile__width-initial animated-slow elementor-invisible elementor-widget elementor-widget-image\" data-id=\"2835cbb1\" data-element_type=\"widget\" data-e-type=\"widget\" data-settings=\"{&quot;_animation&quot;:&quot;fadeInRight&quot;}\" data-widget_type=\"image.default\">\n\t\t\t\t<div class=\"elementor-widget-container\">\n\t\t\t\t\t\t\t\t\t\t\t\t\t\t\t<img fetchpriority=\"high\" decoding=\"async\" width=\"640\" height=\"404\" src=\"https:\/\/paticatalacalafell.cat\/wp-content\/uploads\/2024\/03\/26493457167_4c3bab84a3_z.jpg\" class=\"attachment-full size-full wp-image-966\" alt=\"\" srcset=\"https:\/\/paticatalacalafell.cat\/wp-content\/uploads\/2024\/03\/26493457167_4c3bab84a3_z.jpg 640w, https:\/\/paticatalacalafell.cat\/wp-content\/uploads\/2024\/03\/26493457167_4c3bab84a3_z-300x189.jpg 300w\" sizes=\"(max-width: 640px) 100vw, 640px\" title=\"\">\t\t\t\t\t\t\t\t\t\t\t\t\t\t\t<\/div>\n\t\t\t\t<\/div>\n\t\t\t\t<div class=\"elementor-element elementor-element-860dbf5 animated-slow elementor-invisible elementor-widget elementor-widget-text-editor\" data-id=\"860dbf5\" data-element_type=\"widget\" data-e-type=\"widget\" data-settings=\"{&quot;_animation&quot;:&quot;fadeInRight&quot;}\" data-widget_type=\"text-editor.default\">\n\t\t\t\t<div class=\"elementor-widget-container\">\n\t\t\t\t\t\t\t\t\t<address><p>Un grup de dones i nens al trajo de llevant els anys 20, amb l\u2019edifici de la Confraria al fons.<\/p><\/address>\t\t\t\t\t\t\t\t<\/div>\n\t\t\t\t<\/div>\n\t\t\t\t<\/div>\n\t\t\t\t<\/div>\n\t\t<div class=\"elementor-element elementor-element-5685501 e-flex e-con-boxed e-con e-parent\" data-id=\"5685501\" data-element_type=\"container\" data-e-type=\"container\">\n\t\t\t\t\t<div class=\"e-con-inner\">\n\t\t\t\t<div class=\"elementor-element elementor-element-9a2d86f elementor-widget elementor-widget-heading\" data-id=\"9a2d86f\" data-element_type=\"widget\" data-e-type=\"widget\" data-widget_type=\"heading.default\">\n\t\t\t\t<div class=\"elementor-widget-container\">\n\t\t\t\t\t<h2 class=\"elementor-heading-title elementor-size-default\">M\u00e9s informaci\u00f3 de l'Ecomuseu<\/h2>\t\t\t\t<\/div>\n\t\t\t\t<\/div>\n\t\t\t\t<div class=\"elementor-element elementor-element-9a226ea elementor-grid-3 elementor-grid-tablet-2 elementor-grid-mobile-1 elementor-posts--thumbnail-top elementor-card-shadow-yes elementor-posts__hover-gradient elementor-widget elementor-widget-posts\" data-id=\"9a226ea\" data-element_type=\"widget\" data-e-type=\"widget\" data-settings=\"{&quot;cards_columns&quot;:&quot;3&quot;,&quot;cards_columns_tablet&quot;:&quot;2&quot;,&quot;cards_columns_mobile&quot;:&quot;1&quot;,&quot;cards_row_gap&quot;:{&quot;unit&quot;:&quot;px&quot;,&quot;size&quot;:35,&quot;sizes&quot;:[]},&quot;cards_row_gap_tablet&quot;:{&quot;unit&quot;:&quot;px&quot;,&quot;size&quot;:&quot;&quot;,&quot;sizes&quot;:[]},&quot;cards_row_gap_mobile&quot;:{&quot;unit&quot;:&quot;px&quot;,&quot;size&quot;:&quot;&quot;,&quot;sizes&quot;:[]}}\" data-widget_type=\"posts.cards\">\n\t\t\t\t<div class=\"elementor-widget-container\">\n\t\t\t\t\t\t\t<div class=\"elementor-posts-container elementor-posts elementor-posts--skin-cards elementor-grid\" role=\"list\">\n\t\t\t\t<article class=\"elementor-post elementor-grid-item post-5518 post type-post status-publish format-standard has-post-thumbnail hentry category-activitats-la-vela-llatina category-ecomuseu category-noticies-vela-llatina\" role=\"listitem\">\n\t\t\t<div class=\"elementor-post__card\">\n\t\t\t\t<a class=\"elementor-post__thumbnail__link\" href=\"https:\/\/paticatalacalafell.cat\/es\/el-biotop-de-torredembarra\/\" tabindex=\"-1\" ><div class=\"elementor-post__thumbnail\"><img decoding=\"async\" width=\"800\" height=\"450\" src=\"https:\/\/paticatalacalafell.cat\/wp-content\/uploads\/2026\/03\/55131142927_ac0997be64_c.jpg\" class=\"attachment-full size-full wp-image-5567\" alt=\"\" srcset=\"https:\/\/paticatalacalafell.cat\/wp-content\/uploads\/2026\/03\/55131142927_ac0997be64_c.jpg 800w, https:\/\/paticatalacalafell.cat\/wp-content\/uploads\/2026\/03\/55131142927_ac0997be64_c-300x169.jpg 300w, https:\/\/paticatalacalafell.cat\/wp-content\/uploads\/2026\/03\/55131142927_ac0997be64_c-768x432.jpg 768w, https:\/\/paticatalacalafell.cat\/wp-content\/uploads\/2026\/03\/55131142927_ac0997be64_c-18x10.jpg 18w\" sizes=\"(max-width: 800px) 100vw, 800px\" title=\"\"><\/div><\/a>\n\t\t\t\t<div class=\"elementor-post__text\">\n\t\t\t\t<h3 class=\"elementor-post__title\">\n\t\t\t<a href=\"https:\/\/paticatalacalafell.cat\/es\/el-biotop-de-torredembarra\/\" >\n\t\t\t\tEl Biotop de Torredembarra\t\t\t<\/a>\n\t\t<\/h3>\n\t\t\t\t<div class=\"elementor-post__excerpt\">\n\t\t\t<p>La Destil\u00b7leria de Calafell acull aquests dies i durant tot el mes d\u2019abril, una exposici\u00f3 \u00fanica, que val molt la pena visitar, i que els seus creadors han titulat Un<\/p>\n\t\t<\/div>\n\t\t\n\t\t<a class=\"elementor-post__read-more\" href=\"https:\/\/paticatalacalafell.cat\/es\/el-biotop-de-torredembarra\/\" aria-label=\"M\u00e1s informaci\u00f3n sobre El Biotop de Torredembarra\" tabindex=\"-1\" >\n\t\t\tLlegir m\u00e9s \u00bb\t\t<\/a>\n\n\t\t\t\t<\/div>\n\t\t\t\t<div class=\"elementor-post__meta-data\">\n\t\t\t\t\t<span class=\"elementor-post-date\">\n\t\t\t10\/03\/2026\t\t<\/span>\n\t\t\t\t<\/div>\n\t\t\t\t\t<\/div>\n\t\t<\/article>\n\t\t\t\t<article class=\"elementor-post elementor-grid-item post-5482 post type-post status-publish format-standard has-post-thumbnail hentry category-ecomuseu category-noticies-vela-llatina\" role=\"listitem\">\n\t\t\t<div class=\"elementor-post__card\">\n\t\t\t\t<a class=\"elementor-post__thumbnail__link\" href=\"https:\/\/paticatalacalafell.cat\/es\/un-apunt-dhistoria-de-calafell-amb-la-destilleria-com-a-protagonista\/\" tabindex=\"-1\" ><div class=\"elementor-post__thumbnail\"><img decoding=\"async\" width=\"1070\" height=\"736\" src=\"https:\/\/paticatalacalafell.cat\/wp-content\/uploads\/2026\/02\/Estacio-Ferrocarril-Calafell-segle-XIX.png\" class=\"attachment-full size-full wp-image-5488\" alt=\"\" srcset=\"https:\/\/paticatalacalafell.cat\/wp-content\/uploads\/2026\/02\/Estacio-Ferrocarril-Calafell-segle-XIX.png 1070w, https:\/\/paticatalacalafell.cat\/wp-content\/uploads\/2026\/02\/Estacio-Ferrocarril-Calafell-segle-XIX-300x206.png 300w, https:\/\/paticatalacalafell.cat\/wp-content\/uploads\/2026\/02\/Estacio-Ferrocarril-Calafell-segle-XIX-1024x704.png 1024w, https:\/\/paticatalacalafell.cat\/wp-content\/uploads\/2026\/02\/Estacio-Ferrocarril-Calafell-segle-XIX-768x528.png 768w, https:\/\/paticatalacalafell.cat\/wp-content\/uploads\/2026\/02\/Estacio-Ferrocarril-Calafell-segle-XIX-18x12.png 18w\" sizes=\"(max-width: 1070px) 100vw, 1070px\" title=\"\"><\/div><\/a>\n\t\t\t\t<div class=\"elementor-post__text\">\n\t\t\t\t<h3 class=\"elementor-post__title\">\n\t\t\t<a href=\"https:\/\/paticatalacalafell.cat\/es\/un-apunt-dhistoria-de-calafell-amb-la-destilleria-com-a-protagonista\/\" >\n\t\t\t\tUn apunt d'hist\u00f2ria de Calafell amb la Destil\u00b7leria com a protagonista\t\t\t<\/a>\n\t\t<\/h3>\n\t\t\t\t<div class=\"elementor-post__excerpt\">\n\t\t\t<p>Article al Diari de Tarragona sobre la Destil\u00b7leria de l'asociaci\u00f3 i la seva vinculaci\u00f3 amb el ferrocarril a Calafell<\/p>\n\t\t<\/div>\n\t\t\n\t\t<a class=\"elementor-post__read-more\" href=\"https:\/\/paticatalacalafell.cat\/es\/un-apunt-dhistoria-de-calafell-amb-la-destilleria-com-a-protagonista\/\" aria-label=\"M\u00e1s informaci\u00f3n sobre Un apunt d&#039;hist\u00f2ria de Calafell amb la Destil\u00b7leria com a protagonista\" tabindex=\"-1\" >\n\t\t\tLlegir m\u00e9s \u00bb\t\t<\/a>\n\n\t\t\t\t<\/div>\n\t\t\t\t<div class=\"elementor-post__meta-data\">\n\t\t\t\t\t<span class=\"elementor-post-date\">\n\t\t\t02\/03\/2026\t\t<\/span>\n\t\t\t\t<\/div>\n\t\t\t\t\t<\/div>\n\t\t<\/article>\n\t\t\t\t<article class=\"elementor-post elementor-grid-item post-3657 post type-post status-publish format-standard hentry category-ecomuseu\" role=\"listitem\">\n\t\t\t<div class=\"elementor-post__card\">\n\t\t\t\t<div class=\"elementor-post__text\">\n\t\t\t\t<h3 class=\"elementor-post__title\">\n\t\t\t<a href=\"https:\/\/paticatalacalafell.cat\/es\/la-vela-llatina-els-origens-a-calafell\/\" >\n\t\t\t\tLa vela llatina. Els or\u00edgens a Calafell\t\t\t<\/a>\n\t\t<\/h3>\n\t\t\t\t<div class=\"elementor-post__excerpt\">\n\t\t\t<p><img decoding=\"async\" src=\"https:\/\/live.staticflickr.com\/65535\/54341174459_99a74cf1e0_z.jpg\" alt=\"Navegaci\u00f3 a la bona en rumb d\" title=\"\"><\/p>\n<p>La vela llatina \u00e9s una vela de tallant, o triangular, dissenyada per anar contra el vent. T\u00e9 una antiguitat estimada de 2.000 anys. Amb ella han navegat els romans, bizantins i \u00e0rabs, dels quals nosaltres hem adquirit els seus coneixements.<\/p>\n\t\t<\/div>\n\t\t\n\t\t<a class=\"elementor-post__read-more\" href=\"https:\/\/paticatalacalafell.cat\/es\/la-vela-llatina-els-origens-a-calafell\/\" aria-label=\"M\u00e1s informaci\u00f3n sobre La vela llatina. Els or\u00edgens a Calafell\" tabindex=\"-1\" >\n\t\t\tLlegir m\u00e9s \u00bb\t\t<\/a>\n\n\t\t\t\t<\/div>\n\t\t\t\t<div class=\"elementor-post__meta-data\">\n\t\t\t\t\t<span class=\"elementor-post-date\">\n\t\t\t11\/04\/2013\t\t<\/span>\n\t\t\t\t<\/div>\n\t\t\t\t\t<\/div>\n\t\t<\/article>\n\t\t\t\t<article class=\"elementor-post elementor-grid-item post-416 post type-post status-publish format-standard hentry category-ecomuseu\" role=\"listitem\">\n\t\t\t<div class=\"elementor-post__card\">\n\t\t\t\t<div class=\"elementor-post__text\">\n\t\t\t\t<h3 class=\"elementor-post__title\">\n\t\t\t<a href=\"https:\/\/paticatalacalafell.cat\/es\/el-bot-salvavides\/\" >\n\t\t\t\tEl Bot Salvavides\t\t\t<\/a>\n\t\t<\/h3>\n\t\t\t\t<div class=\"elementor-post__excerpt\">\n\t\t\t<p><img decoding=\"async\" src=\"https:\/\/live.staticflickr.com\/806\/40650251074_8a2f9f5b55_z.jpg\" alt=\"Bot Salvavides\" title=\"\"><\/p>\n<p>El treball a la mar ha estat sempre dif\u00edcil i perill\u00f3s. I encara m\u00e9s si es tenen en compte les condicions en qu\u00e8 desenvolupaven la seva feina els pescadors calafellencs del final del segle XIX i el principi del segle XX. Sense cap tipus de suport tecnol\u00f2gic que permet\u00e9s preveure situacions de risc, els mariners havien d\u2019encomanar-se a l\u2019ajut div\u00ed per tal d\u2019evitar accidents i naufragis.&nbsp;Pel que fa als estralls que ocasionaven els temporals a les embarcacions que es trobaven feinejant, es tenen not\u00edcies de naufragis des del comen\u00e7ament del segle passat. Segurament n\u2019hi havia hagut abans, per\u00f2 no se\u2019n coneixen dades.<\/p>\n\t\t<\/div>\n\t\t\n\t\t<a class=\"elementor-post__read-more\" href=\"https:\/\/paticatalacalafell.cat\/es\/el-bot-salvavides\/\" aria-label=\"M\u00e1s informaci\u00f3n sobre El Bot Salvavides\" tabindex=\"-1\" >\n\t\t\tLlegir m\u00e9s \u00bb\t\t<\/a>\n\n\t\t\t\t<\/div>\n\t\t\t\t<div class=\"elementor-post__meta-data\">\n\t\t\t\t\t<span class=\"elementor-post-date\">\n\t\t\t10\/04\/2013\t\t<\/span>\n\t\t\t\t<\/div>\n\t\t\t\t\t<\/div>\n\t\t<\/article>\n\t\t\t\t<article class=\"elementor-post elementor-grid-item post-417 post type-post status-publish format-standard hentry category-ecomuseu\" role=\"listitem\">\n\t\t\t<div class=\"elementor-post__card\">\n\t\t\t\t<div class=\"elementor-post__text\">\n\t\t\t\t<h3 class=\"elementor-post__title\">\n\t\t\t<a href=\"https:\/\/paticatalacalafell.cat\/es\/les-botigues-de-pescadors\/\" >\n\t\t\t\tLes botigues de pescadors\t\t\t<\/a>\n\t\t<\/h3>\n\t\t\t\t<div class=\"elementor-post__excerpt\">\n\t\t\t<p><img decoding=\"async\" src=\"https:\/\/live.staticflickr.com\/803\/26493457357_42fac0b069_z.jpg\" alt=\"Botigues de pescadors\" title=\"\"><\/p>\n<p>L\u2019origen de les cases o botigues de pescadors es remunta a la segona meitat del segle XVII. L\u2019any 1667 nom\u00e9s hi havia una botiga a la platja de Calafell i unes quantes barraques de pescadors a la platja de Segur. La botiga cal entendre-la com una construcci\u00f3 m\u00e9s s\u00f2lida, mentre que la barraca devia ser una construcci\u00f3 m\u00e9s ef\u00edmera, ja que es tractava de pescadors itinerants que resseguien el litoral a la recerca de les millors captures.\u00a0L\u2019origen de les cases o botigues de pescadors es remunta a la segona meitat del segle XVII.<\/p>\n\t\t<\/div>\n\t\t\n\t\t<a class=\"elementor-post__read-more\" href=\"https:\/\/paticatalacalafell.cat\/es\/les-botigues-de-pescadors\/\" aria-label=\"M\u00e1s informaci\u00f3n sobre Les botigues de pescadors\" tabindex=\"-1\" >\n\t\t\tLlegir m\u00e9s \u00bb\t\t<\/a>\n\n\t\t\t\t<\/div>\n\t\t\t\t<div class=\"elementor-post__meta-data\">\n\t\t\t\t\t<span class=\"elementor-post-date\">\n\t\t\t10\/04\/2013\t\t<\/span>\n\t\t\t\t<\/div>\n\t\t\t\t\t<\/div>\n\t\t<\/article>\n\t\t\t\t<article class=\"elementor-post elementor-grid-item post-418 post type-post status-publish format-standard hentry category-ecomuseu\" role=\"listitem\">\n\t\t\t<div class=\"elementor-post__card\">\n\t\t\t\t<div class=\"elementor-post__text\">\n\t\t\t\t<h3 class=\"elementor-post__title\">\n\t\t\t<a href=\"https:\/\/paticatalacalafell.cat\/es\/la-confraria-de-pescadors\/\" >\n\t\t\t\tLa confraria de pescadors\t\t\t<\/a>\n\t\t<\/h3>\n\t\t\t\t<div class=\"elementor-post__excerpt\">\n\t\t\t<p><img decoding=\"async\" src=\"https:\/\/live.staticflickr.com\/783\/41365117151_98e55c588e_z.jpg\" alt=\"Confraria de pescadors\" title=\"\"><\/p>\n<p>A principis de segle XX eren nombroses les fam\u00edlies del nucli de la Platja que es guanyaven la vida a mar. Qui no tenia barca pr\u00f2pia, els anomenats remitgers, s\u2019embarcava en la d\u2019algun patr\u00f3 i participava dels guanys d\u2019aquesta barca; les dones treballaven al sorral, remendant xarxes i desenvolupant altres feines d\u2019en terra, i els m\u00e9s petits ajudaven en la mesura del possible. L\u2019economia de la Platja girava d\u2019una manera absoluta entorn del profit del mar. No resulta estrany, doncs, que es cre\u00e9s una instituci\u00f3 que vetll\u00e9s pels pescadors i pels interessos de les respectives fam\u00edlies.<\/p>\n\t\t<\/div>\n\t\t\n\t\t<a class=\"elementor-post__read-more\" href=\"https:\/\/paticatalacalafell.cat\/es\/la-confraria-de-pescadors\/\" aria-label=\"M\u00e1s informaci\u00f3n sobre La confraria de pescadors\" tabindex=\"-1\" >\n\t\t\tLlegir m\u00e9s \u00bb\t\t<\/a>\n\n\t\t\t\t<\/div>\n\t\t\t\t<div class=\"elementor-post__meta-data\">\n\t\t\t\t\t<span class=\"elementor-post-date\">\n\t\t\t10\/04\/2013\t\t<\/span>\n\t\t\t\t<\/div>\n\t\t\t\t\t<\/div>\n\t\t<\/article>\n\t\t\t\t<article class=\"elementor-post elementor-grid-item post-420 post type-post status-publish format-standard hentry category-ecomuseu\" role=\"listitem\">\n\t\t\t<div class=\"elementor-post__card\">\n\t\t\t\t<div class=\"elementor-post__text\">\n\t\t\t\t<h3 class=\"elementor-post__title\">\n\t\t\t<a href=\"https:\/\/paticatalacalafell.cat\/es\/mar-mitic\/\" >\n\t\t\t\tMar M\u00edtic\t\t\t<\/a>\n\t\t<\/h3>\n\t\t\t\t<div class=\"elementor-post__excerpt\">\n\t\t\t<p><img decoding=\"async\" src=\"https:\/\/live.staticflickr.com\/795\/41343597542_d5709dabdb_z.jpg\" alt=\"Mar M\u00edtic\" title=\"\"><\/p>\n<p>La pesca ha estat un dels eixos fonamentals de l\u2019economia calafellenca al llarg dels dos darrers segles. Amb tot, no sempre fou aix\u00ed. Entre el final delsegle XVII i el principi del segle XIX, la majoria de pescadors eren pagesos que anaven a mar i que no residien a la Platja, sin\u00f3 al nucli del poble. Tamb\u00e9 es t\u00e9 const\u00e0ncia de l\u2019arribada de pescadors a la platja de Segur. Entre n\u00f2mades i sedentaris vivien a les barques i anaven d\u2019una costa a l\u2019altra fins a trobar el seu lloc.<\/p>\n\t\t<\/div>\n\t\t\n\t\t<a class=\"elementor-post__read-more\" href=\"https:\/\/paticatalacalafell.cat\/es\/mar-mitic\/\" aria-label=\"M\u00e1s informaci\u00f3n sobre Mar M\u00edtic\" tabindex=\"-1\" >\n\t\t\tLlegir m\u00e9s \u00bb\t\t<\/a>\n\n\t\t\t\t<\/div>\n\t\t\t\t<div class=\"elementor-post__meta-data\">\n\t\t\t\t\t<span class=\"elementor-post-date\">\n\t\t\t02\/02\/2013\t\t<\/span>\n\t\t\t\t<\/div>\n\t\t\t\t\t<\/div>\n\t\t<\/article>\n\t\t\t\t<article class=\"elementor-post elementor-grid-item post-421 post type-post status-publish format-standard hentry category-ecomuseu\" role=\"listitem\">\n\t\t\t<div class=\"elementor-post__card\">\n\t\t\t\t<div class=\"elementor-post__text\">\n\t\t\t\t<h3 class=\"elementor-post__title\">\n\t\t\t<a href=\"https:\/\/paticatalacalafell.cat\/es\/mar-ludic\/\" >\n\t\t\t\tMar L\u00fadic\t\t\t<\/a>\n\t\t<\/h3>\n\t\t\t\t<div class=\"elementor-post__excerpt\">\n\t\t\t<p><img decoding=\"async\" src=\"https:\/\/live.staticflickr.com\/882\/27516235318_1b22ff43e3_z.jpg\" alt=\"Mar L\u00fadic\" title=\"\"><\/p>\n<p>La primera ubicaci\u00f3 d\u2019un varador a Calafell va ser davant el P\u00f2sit, on els estiuejants del Trajo de l\u2019Espineta aficionats a la navegaci\u00f3 deixaven els seus patins a vela, i tenien la seu en el Bar Marina.<\/p>\n<p>Es reunien a les nits, en tert\u00falia, a la sorra, i comentaven que convindria tenir un club a Calafell per a organitzar proves de patins i tenir un punt de reuni\u00f3.<\/p>\n<p>Aviat es van iniciar contactes amb els estiuejants aficionats a la mar de l\u2019altre Trajo.<\/p>\n\t\t<\/div>\n\t\t\n\t\t<a class=\"elementor-post__read-more\" href=\"https:\/\/paticatalacalafell.cat\/es\/mar-ludic\/\" aria-label=\"M\u00e1s informaci\u00f3n sobre Mar L\u00fadic\" tabindex=\"-1\" >\n\t\t\tLlegir m\u00e9s \u00bb\t\t<\/a>\n\n\t\t\t\t<\/div>\n\t\t\t\t<div class=\"elementor-post__meta-data\">\n\t\t\t\t\t<span class=\"elementor-post-date\">\n\t\t\t02\/02\/2013\t\t<\/span>\n\t\t\t\t<\/div>\n\t\t\t\t\t<\/div>\n\t\t<\/article>\n\t\t\t\t<article class=\"elementor-post elementor-grid-item post-406 post type-post status-publish format-standard hentry category-ecomuseu\" role=\"listitem\">\n\t\t\t<div class=\"elementor-post__card\">\n\t\t\t\t<div class=\"elementor-post__text\">\n\t\t\t\t<h3 class=\"elementor-post__title\">\n\t\t\t<a href=\"https:\/\/paticatalacalafell.cat\/es\/l-ecomuseu-de-calafell\/\" >\n\t\t\t\tL'ecomuseu de Calafell\t\t\t<\/a>\n\t\t<\/h3>\n\t\t\t\t<div class=\"elementor-post__excerpt\">\n\t\t\t<p><img decoding=\"async\" src=\"https:\/\/live.staticflickr.com\/890\/40490881625_f225e01e67_z.jpg\" alt=\"Botigues de pescadors\" title=\"\"><\/p>\n<p>Les feines relacionades amb el mar sempre han estat molt dures, i m\u00e9s en una localitat com Calafell on no s\u2019ha comptat mai amb la pres\u00e8ncia d\u2019un port pesquer. Aquesta duresa i mode de vida han esdevingut, amb el temps i en l\u2019imaginari popular, la refer\u00e8ncia d\u2019una \u00e8poca passada farcida d\u2019epopeies pel que fa a la relaci\u00f3 entre els homes i el mar. \u00c9s el que anomenem el Mar M\u00edtic.<\/p>\n<p>Per\u00f2 al mateix temps el mar tamb\u00e9 ha estat un espai on divertir-se, on gaudir. Un espai on les embarcacions de pesca s\u2019han substitu\u00eft per altres embarcacions destinades a l\u2019esbarjo. \u00c9s el que hem anomenat el Mar L\u00fadic.<\/p>\n\t\t<\/div>\n\t\t\n\t\t<a class=\"elementor-post__read-more\" href=\"https:\/\/paticatalacalafell.cat\/es\/l-ecomuseu-de-calafell\/\" aria-label=\"M\u00e1s informaci\u00f3n sobre L&#039;ecomuseu de Calafell\" tabindex=\"-1\" >\n\t\t\tLlegir m\u00e9s \u00bb\t\t<\/a>\n\n\t\t\t\t<\/div>\n\t\t\t\t<div class=\"elementor-post__meta-data\">\n\t\t\t\t\t<span class=\"elementor-post-date\">\n\t\t\t01\/01\/2013\t\t<\/span>\n\t\t\t\t<\/div>\n\t\t\t\t\t<\/div>\n\t\t<\/article>\n\t\t\t\t<\/div>\n\t\t\n\t\t\t\t\t\t<\/div>\n\t\t\t\t<\/div>\n\t\t\t\t\t<\/div>\n\t\t\t\t<\/div>\n\t\t\t\t<\/div>\n\t\t","protected":false},"excerpt":{"rendered":"<p>L'Ecomuseu Recuperaci\u00f3 del passat mariner Com b\u00e9 \u00e9s sabut, Calafell t\u00e9 un passat mariner molt important que el pas del temps i l'augment del turisme ha fet desapar\u00e8ixer. Creiem que [&hellip;]<\/p>\n","protected":false},"author":1,"featured_media":0,"parent":0,"menu_order":0,"comment_status":"closed","ping_status":"closed","template":"elementor_header_footer","meta":{"footnotes":""},"class_list":["post-960","page","type-page","status-publish","hentry"],"_links":{"self":[{"href":"https:\/\/paticatalacalafell.cat\/es\/wp-json\/wp\/v2\/pages\/960","targetHints":{"allow":["GET"]}}],"collection":[{"href":"https:\/\/paticatalacalafell.cat\/es\/wp-json\/wp\/v2\/pages"}],"about":[{"href":"https:\/\/paticatalacalafell.cat\/es\/wp-json\/wp\/v2\/types\/page"}],"author":[{"embeddable":true,"href":"https:\/\/paticatalacalafell.cat\/es\/wp-json\/wp\/v2\/users\/1"}],"replies":[{"embeddable":true,"href":"https:\/\/paticatalacalafell.cat\/es\/wp-json\/wp\/v2\/comments?post=960"}],"version-history":[{"count":5,"href":"https:\/\/paticatalacalafell.cat\/es\/wp-json\/wp\/v2\/pages\/960\/revisions"}],"predecessor-version":[{"id":1640,"href":"https:\/\/paticatalacalafell.cat\/es\/wp-json\/wp\/v2\/pages\/960\/revisions\/1640"}],"wp:attachment":[{"href":"https:\/\/paticatalacalafell.cat\/es\/wp-json\/wp\/v2\/media?parent=960"}],"curies":[{"name":"wp","href":"https:\/\/api.w.org\/{rel}","templated":true}]}}